{"id":991,"date":"2022-11-19T00:07:35","date_gmt":"2022-11-18T16:07:35","guid":{"rendered":"https:\/\/zzlcmachinery.com\/?post_type=product&#038;p=991"},"modified":"2022-11-22T14:45:01","modified_gmt":"2022-11-22T06:45:01","slug":"c41-1000kg-pneumatic-air-hammer-with-super-processing-capacity","status":"publish","type":"product","link":"https:\/\/zzlcmachinery.com\/tr\/urun\/c41-1000kg-pneumatic-air-hammer-with-super-processing-capacity\/","title":{"rendered":"C41-1000KG S\u00fcper \u0130\u015fleme Kapasiteli Pn\u00f6matik Haval\u0131 \u00c7eki\u00e7"},"content":{"rendered":"","protected":false},"excerpt":{"rendered":"<p>S\u00fcper i\u015fleme kapasitesine sahip bu C41-1000KG pn\u00f6matik haval\u0131 k\u0131r\u0131c\u0131, boyut olarak k\u00fc\u00e7\u00fck, g\u00fcr\u00fclt\u00fc seviyesi d\u00fc\u015f\u00fck, yap\u0131s\u0131 basit, \u00e7al\u0131\u015ft\u0131rmas\u0131 kolay, hareket halinde esnek ve ta\u015f\u0131ma, kurulum ve bak\u0131m a\u00e7\u0131s\u0131ndan uygundur. Bu model \u00e7e\u015fitli serbest d\u00f6vme i\u015flemleri i\u00e7in uygundur: \u00f6r. y\u0131\u011fma, \u00e7ekme, z\u0131mbalama, b\u00fckme, b\u00fckme, s\u0131cak kesme, terminal ba\u011flant\u0131s\u0131, vb. Ayn\u0131 zamanda, ped kal\u0131plar\u0131 kullan\u0131larak \u00e7e\u015fitli a\u00e7\u0131k kal\u0131p d\u00f6vme i\u015flemleri ger\u00e7ekle\u015ftirilebilir. Farkl\u0131 \u015fekillerdeki par\u00e7alar\u0131n serbest d\u00f6vmesi i\u00e7in uygundur, \u00f6zellikle orak, badin, s\u0131\u011f\u0131r ve at nal\u0131 ve \u00e7apa d\u00f6vme yapan k\u0131rsal kasaba i\u015fletmeleri ve profesyonel haneler i\u00e7in uygundur. Ayn\u0131 zamanda, \u00e7e\u015fitli fabrikalar ve madenler de \u00e7elik bilyeler, iskele ve di\u011fer fabrikalar, madenler ve in\u015faat malzemeleri d\u00f6vmek i\u00e7in haval\u0131 \u00e7eki\u00e7ler kullan\u0131r. Ayr\u0131ca bu haval\u0131 \u00e7eki\u00e7 serisi, demirciler taraf\u0131ndan yayg\u0131n olarak kullan\u0131lan profesyonel bir d\u00f6vme demir aletidir. \u00c7e\u015fitli kal\u0131p stilleri yapabilir ve \u00e7e\u015fitli ferforje \u00e7i\u00e7ekler, ku\u015flar ve di\u011fer g\u00fczel s\u00fcslemeler yapabilir.<\/p>\n<p><strong>TEKN\u0130K PARAMETRE<br \/>\nModeli:C41-1000KG<br \/>\nD\u00fc\u015fen par\u00e7a a\u011f\u0131rl\u0131\u011f\u0131 (KG):<\/strong>1000KG<br \/>\n<strong>Yap\u0131 tipi:<\/strong>B\u00f6l\u00fcnm\u00fc\u015f Hava \u00c7ekici\u00a0<strong><br \/>\nMax.Hit enerjisi (KJ):<\/strong>27KJ<strong><br \/>\nYuvarlak \u00e7elikte maks. d\u00f6v\u00fclm\u00fc\u015f boyut (\u00e7ap):<\/strong>\u03c6320mm<br \/>\n<strong>Kare \u00e7elik \u00fczerinde maks. d\u00f6v\u00fclm\u00fc\u015f boyut (\u00e7ap):<\/strong>290*290mm<br \/>\n<strong>G\u00fc\u00e7:<\/strong> 75 kw<br \/>\n<strong>Gerilim:<\/strong>\u00a0220V\/380V<br \/>\n<strong>Ambalaj Boyutu:<\/strong> 7700*1500*4125mm<br \/>\n<strong>a\u011f\u0131rl\u0131k<\/strong>: 13.000 KG<br \/>\n<strong>Toplam GW (kg):32.840<\/strong><\/p>","protected":false},"featured_media":998,"template":"","meta":{"_kad_post_transparent":"default","_kad_post_title":"hide","_kad_post_layout":"fullwidth","_kad_post_sidebar_id":"","_kad_post_content_style":"unboxed","_kad_post_vertical_padding":"hide","_kad_post_feature":"hide","_kad_post_feature_position":"","_kad_post_header":false,"_kad_post_footer":false},"product_brand":[],"product_cat":[28],"product_tag":[460,505,503,461,428,507,463,508,504,506],"class_list":{"0":"post-991","1":"product","2":"type-product","3":"status-publish","4":"has-post-thumbnail","6":"product_cat-blacksmith-power-hammer","7":"product_tag-air-forging-hammer-pneumatic-iron-hammer-1000kg","8":"product_tag-air-hammer-pneumatic-iron-hammer-for-forging","9":"product_tag-electric-pneumatic-hammer","10":"product_tag-hottest-sale-150kg-250kg-400kg-750kg-1000kg-blacksmith-pneumatic-hammer","11":"product_tag-pneumatic-hammer-for-blacksmith","12":"product_tag-price-of-pneumatic-forging-hammer","13":"product_tag-widely-used-iron-blacksmith-forging-air-hammer-machine","14":"product_tag-wrought-iron-forging-1000kg-blacksmith-hammer-with-anvil","15":"product_tag-wrought-iron-forging-power-hammer-for-sale","16":"product_tag-wrought-iron-pneumatic-metal-forging-hammer-for-sale","18":"first","19":"instock","20":"shipping-taxable","21":"product-type-simple","22":"entry","23":"content-bg","24":"loop-entry"},"_links":{"self":[{"href":"https:\/\/zzlcmachinery.com\/tr\/wp-json\/wp\/v2\/product\/991","targetHints":{"allow":["GET"]}}],"collection":[{"href":"https:\/\/zzlcmachinery.com\/tr\/wp-json\/wp\/v2\/product"}],"about":[{"href":"https:\/\/zzlcmachinery.com\/tr\/wp-json\/wp\/v2\/types\/product"}],"version-history":[{"count":0,"href":"https:\/\/zzlcmachinery.com\/tr\/wp-json\/wp\/v2\/product\/991\/revisions"}],"wp:featuredmedia":[{"embeddable":true,"href":"https:\/\/zzlcmachinery.com\/tr\/wp-json\/wp\/v2\/media\/998"}],"wp:attachment":[{"href":"https:\/\/zzlcmachinery.com\/tr\/wp-json\/wp\/v2\/media?parent=991"}],"wp:term":[{"taxonomy":"product_brand","embeddable":true,"href":"https:\/\/zzlcmachinery.com\/tr\/wp-json\/wp\/v2\/product_brand?post=991"},{"taxonomy":"product_cat","embeddable":true,"href":"https:\/\/zzlcmachinery.com\/tr\/wp-json\/wp\/v2\/product_cat?post=991"},{"taxonomy":"product_tag","embeddable":true,"href":"https:\/\/zzlcmachinery.com\/tr\/wp-json\/wp\/v2\/product_tag?post=991"}],"curies":[{"name":"wp","href":"https:\/\/api.w.org\/{rel}","templated":true}]}}