{"id":989,"date":"2022-11-19T00:04:14","date_gmt":"2022-11-18T16:04:14","guid":{"rendered":"https:\/\/zzlcmachinery.com\/?post_type=product&#038;p=989"},"modified":"2022-11-22T14:44:07","modified_gmt":"2022-11-22T06:44:07","slug":"widely-used-wrought-iron-blacksmith-750kg-forging-power-hammer","status":"publish","type":"product","link":"https:\/\/zzlcmachinery.com\/tr\/urun\/widely-used-wrought-iron-blacksmith-750kg-forging-power-hammer\/","title":{"rendered":"Yayg\u0131n Olarak Kullan\u0131lan Ferforje Demirci 750kg D\u00f6vme Elektrikli \u00c7eki\u00e7"},"content":{"rendered":"","protected":false},"excerpt":{"rendered":"<p>Bu yayg\u0131n olarak kullan\u0131lan ferforje demirci 750kg d\u00f6vme elektrikli \u00e7eki\u00e7, bir t\u00fcr \u00fccretsiz d\u00f6vme ekipman\u0131d\u0131r. Hava, kompres\u00f6r silindiri taraf\u0131ndan s\u0131k\u0131\u015ft\u0131r\u0131l\u0131r ve pistonu ve \u00e7eki\u00e7 kafas\u0131n\u0131 \u00e7eki\u00e7leme i\u00e7in yukar\u0131 ve a\u015fa\u011f\u0131 hareket ettirmek i\u00e7in da\u011f\u0131t\u0131m valfi yoluyla \u00e7al\u0131\u015fma silindirine g\u00f6nderilir. Operasyon esnektir. Bu model, uzatma, \u00fczme, delme, kesme, d\u00f6vme kayna\u011f\u0131, burulma, b\u00fckme vb. gibi \u00e7e\u015fitli serbest d\u00f6vme i\u015flemleri i\u00e7in uygundur. \u00c7e\u015fitli a\u00e7\u0131k kal\u0131p d\u00f6vme i\u015flemleri i\u00e7in kullan\u0131labilir. \u00d6zellikler a\u015fa\u011f\u0131daki gibidir:<br \/>\n1. Bas\u0131n\u00e7l\u0131 hava ile tahrik edilen \u00e7arpma kuvveti ve frekans\u0131, g\u00fcvenlik \u00fcretiminin ihtiya\u00e7lar\u0131n\u0131 kar\u015f\u0131lamak i\u00e7in hava bas\u0131nc\u0131n\u0131 ayarlayarak kontrol edilebilir.<br \/>\n2. Makine g\u00f6vdesi d\u00f6kme demirden, b\u00fcy\u00fck tonajl\u0131 haval\u0131 \u00e7eki\u00e7 \u00f6rs\u00fc ise d\u00f6kme \u00e7elikten yap\u0131lm\u0131\u015ft\u0131r.<br \/>\n3. Mekanizma basittir ve hasar g\u00f6rmesi kolay de\u011fildir<br \/>\nFarkl\u0131 d\u00f6vme i\u015f ihtiyac\u0131na g\u00f6re se\u00e7im i\u00e7in 6 kg, 16 kg, 25 kg, 40 kg, 55 kg, 75 kg, 100kg,150 kg, 250 kg, 400 kg, 560 kg, 750 kg, 1000 kg, 2000 kg tedarik edebiliriz. .A\u015fa\u011f\u0131daki \u00f6zelliklere g\u00f6re modeli se\u00e7ebilirsiniz<\/p>\n<p><strong>TEKN\u0130K PARAMETRE<br \/>\nModeli:C41-750KG<br \/>\nD\u00fc\u015fen par\u00e7a a\u011f\u0131rl\u0131\u011f\u0131 (KG): 750<\/strong>K\u0130LOGRAM<br \/>\n<strong>Yap\u0131 tipi:<\/strong>B\u00f6l\u00fcnm\u00fc\u015f Hava \u00c7ekici\u00a0<strong><br \/>\nMaks. Vuru\u015f enerjisi (KJ): 13.6<\/strong>KJ<strong><br \/>\nYuvarlak \u00e7elikte maks. d\u00f6v\u00fclm\u00fc\u015f boyut (\u00e7ap):<\/strong>\u03c6300mm<br \/>\n<strong>Kare \u00e7elik \u00fczerinde maks. d\u00f6v\u00fclm\u00fc\u015f boyut (\u00e7ap):<\/strong>270*270mm<br \/>\n<strong>G\u00fc\u00e7:<\/strong> 55 kw<br \/>\n<strong>Gerilim:<\/strong>\u00a0220V\/380V<br \/>\n<strong>Ambalaj Boyutu:<\/strong> 3095*1370*3175mm<br \/>\n<strong>a\u011f\u0131rl\u0131k<\/strong>: 9.000 KG<br \/>\n<strong>Toplam GW (kg):26.000<\/strong><\/p>","protected":false},"featured_media":999,"template":"","meta":{"_kad_post_transparent":"default","_kad_post_title":"hide","_kad_post_layout":"fullwidth","_kad_post_sidebar_id":"","_kad_post_content_style":"unboxed","_kad_post_vertical_padding":"hide","_kad_post_feature":"hide","_kad_post_feature_position":"","_kad_post_header":false,"_kad_post_footer":false},"product_brand":[],"product_cat":[28],"product_tag":[462,428,463,499,464],"class_list":{"0":"post-989","1":"product","2":"type-product","3":"status-publish","4":"has-post-thumbnail","6":"product_cat-blacksmith-power-hammer","7":"product_tag-750kg-air-hammer-metal-forging-hammer-for-sale","8":"product_tag-pneumatic-hammer-for-blacksmith","9":"product_tag-widely-used-iron-blacksmith-forging-air-hammer-machine","10":"product_tag-widely-used-wrought-iron-blacksmith-750kg-forging-power-hammer","11":"product_tag-wrought-iron-metal-forging-power-hammer-for-sale","13":"first","14":"instock","15":"shipping-taxable","16":"product-type-simple","17":"entry","18":"content-bg","19":"loop-entry"},"_links":{"self":[{"href":"https:\/\/zzlcmachinery.com\/tr\/wp-json\/wp\/v2\/product\/989","targetHints":{"allow":["GET"]}}],"collection":[{"href":"https:\/\/zzlcmachinery.com\/tr\/wp-json\/wp\/v2\/product"}],"about":[{"href":"https:\/\/zzlcmachinery.com\/tr\/wp-json\/wp\/v2\/types\/product"}],"version-history":[{"count":0,"href":"https:\/\/zzlcmachinery.com\/tr\/wp-json\/wp\/v2\/product\/989\/revisions"}],"wp:featuredmedia":[{"embeddable":true,"href":"https:\/\/zzlcmachinery.com\/tr\/wp-json\/wp\/v2\/media\/999"}],"wp:attachment":[{"href":"https:\/\/zzlcmachinery.com\/tr\/wp-json\/wp\/v2\/media?parent=989"}],"wp:term":[{"taxonomy":"product_brand","embeddable":true,"href":"https:\/\/zzlcmachinery.com\/tr\/wp-json\/wp\/v2\/product_brand?post=989"},{"taxonomy":"product_cat","embeddable":true,"href":"https:\/\/zzlcmachinery.com\/tr\/wp-json\/wp\/v2\/product_cat?post=989"},{"taxonomy":"product_tag","embeddable":true,"href":"https:\/\/zzlcmachinery.com\/tr\/wp-json\/wp\/v2\/product_tag?post=989"}],"curies":[{"name":"wp","href":"https:\/\/api.w.org\/{rel}","templated":true}]}}