{"id":985,"date":"2022-11-18T23:59:31","date_gmt":"2022-11-18T15:59:31","guid":{"rendered":"https:\/\/zzlcmachinery.com\/?post_type=product&#038;p=985"},"modified":"2022-11-22T14:22:36","modified_gmt":"2022-11-22T06:22:36","slug":"c41-400kg-china-biggest-hammer-manufacturer-provide-pneumatic-forging-hammer","status":"publish","type":"product","link":"https:\/\/zzlcmachinery.com\/tr\/urun\/c41-400kg-china-biggest-hammer-manufacturer-provide-pneumatic-forging-hammer\/","title":{"rendered":"C41-400KG \u00c7in&#039;in En B\u00fcy\u00fck \u00c7eki\u00e7 \u00dcreticisi Pn\u00f6matik D\u00f6vme \u00c7ekici Sa\u011fl\u0131yor"},"content":{"rendered":"","protected":false},"excerpt":{"rendered":"<p>Bu C41-400KG \u00c7in&#039;in en b\u00fcy\u00fck \u00e7eki\u00e7 \u00fcreticisi, pn\u00f6matik d\u00f6vme \u00e7ekici sa\u011flar; motorun d\u00f6nme hareketini, red\u00fckt\u00f6r, krank mili ve biyel kolu sistemi taraf\u0131ndan silindir bas\u0131n\u00e7l\u0131 havan\u0131n piston hareketine d\u00f6n\u00fc\u015ft\u00fcr\u00fcr. Haval\u0131 \u00e7eki\u00e7, \u00fcst \u00f6rs\u00fcn vuru\u015f h\u0131z\u0131n\u0131 ve vuru\u015f g\u00fcc\u00fcn\u00fc kontrol etmek i\u00e7in ayak kolu ve uzaktan kumanda cihaz\u0131 taraf\u0131ndan kontrol edilir.<br \/>\nPn\u00f6matik \u00e7eki\u00e7 makinesi, a\u015fa\u011f\u0131dakiler gibi bir\u00e7ok i\u015flevi olan yayg\u0131n olarak kullan\u0131lan ve \u00e7ok y\u00f6nl\u00fc bir metal d\u00f6vme aletidir: \u00fczme, uzatma, s\u00fcrekli \u00fczme, damgalama, s\u0131cak kesme, kaynak d\u00f6vme, b\u00fckme ve b\u00fckme.<br \/>\nM\u00fc\u015fteriler, d\u00f6vmeleri gereken malzemeye ve malzemenin maksimum boyutuna g\u00f6re kendilerine uygun hava \u00e7ekicini se\u00e7ebilirler. Elektrik g\u00fcc\u00fc ve silindirin uygulanmas\u0131, hava \u00e7ekicinin \u00e7al\u0131\u015fma verimlili\u011fini b\u00fcy\u00fck \u00f6l\u00e7\u00fcde art\u0131r\u0131r. Demirci d\u00fckk\u00e2nlar\u0131n\u0131n ve maden ocaklar\u0131n\u0131n i\u015fletilmesi i\u00e7in elzemdir. d\u00f6vme makineleri.<br \/>\nFarkl\u0131 d\u00f6vme i\u015f ihtiyac\u0131na g\u00f6re se\u00e7im i\u00e7in 6 kg, 16 kg, 25 kg, 40 kg, 55 kg, 75 kg, 100kg,150 kg, 250 kg, 400 kg, 560 kg, 750 kg, 1000 kg, 2000 kg tedarik edebiliriz. .A\u015fa\u011f\u0131daki \u00f6zelliklere g\u00f6re modeli se\u00e7ebilirsiniz<\/p>\n<p><strong>TEKN\u0130K PARAMETRE<br \/>\nModeli:C41-400KG<br \/>\nD\u00fc\u015fen par\u00e7a a\u011f\u0131rl\u0131\u011f\u0131 (KG): 400<\/strong>K\u0130LOGRAM<br \/>\n<strong>Yap\u0131 tipi:<\/strong>Tabanl\u0131 B\u00f6l\u00fcnm\u00fc\u015f Haval\u0131 \u00c7eki\u00e7<strong><br \/>\nMax.Hit enerjisi(KJ):9.5<\/strong>KJ<strong><br \/>\nYuvarlak \u00e7elikte maks. d\u00f6v\u00fclm\u00fc\u015f boyut (\u00e7ap):<\/strong>\u03c6240mm<br \/>\n<strong>Kare \u00e7elik \u00fczerinde maks. d\u00f6v\u00fclm\u00fc\u015f boyut (\u00e7ap):<\/strong>220*220mm<br \/>\n<strong>G\u00fc\u00e7:<\/strong> 37 kw<br \/>\n<strong>Gerilim:<\/strong>\u00a0220V\/380V<br \/>\n<strong>Ambalaj Boyutu:<\/strong> 2785*1400*2885mm<br \/>\n<strong>navlun a\u011f\u0131rl\u0131\u011f\u0131<\/strong>:4800KG<br \/>\n<strong>Toplam GW (kg):<\/strong> 12800KG<\/p>","protected":false},"featured_media":1004,"template":"","meta":{"_kad_post_transparent":"default","_kad_post_title":"hide","_kad_post_layout":"fullwidth","_kad_post_sidebar_id":"","_kad_post_content_style":"unboxed","_kad_post_vertical_padding":"hide","_kad_post_feature":"hide","_kad_post_feature_position":"","_kad_post_header":false,"_kad_post_footer":false},"product_brand":[],"product_cat":[28],"product_tag":[465,497,466,467,468,428,469,470],"class_list":{"0":"post-985","1":"product","2":"type-product","3":"status-publish","4":"has-post-thumbnail","6":"product_cat-blacksmith-power-hammer","7":"product_tag-400kg-air-hammer-metal-forging-hammer-for-sale","8":"product_tag-c41-400kg-china-biggest-hammer-manufacturer-provide-pneumatic-forging-hammer","9":"product_tag-c41-400kg-model-power-hammer-machine-for-iron-forging","10":"product_tag-china-automatic-anyang-forging-hammer-400kg","11":"product_tag-factory-direct-sale-wrought-iron-hammer-or-smith-forging-tool-for-sale","12":"product_tag-pneumatic-hammer-for-blacksmith","13":"product_tag-widely-used-wrought-iron-blacksmith-75kg-150kg-250kg-400kg-forging-power-hammer-for-hot-sale","14":"product_tag-wrought-iron-homemade-forging-hammer-machine-with-forging-hammer-dies","16":"first","17":"instock","18":"shipping-taxable","19":"product-type-simple","20":"entry","21":"content-bg","22":"loop-entry"},"_links":{"self":[{"href":"https:\/\/zzlcmachinery.com\/tr\/wp-json\/wp\/v2\/product\/985","targetHints":{"allow":["GET"]}}],"collection":[{"href":"https:\/\/zzlcmachinery.com\/tr\/wp-json\/wp\/v2\/product"}],"about":[{"href":"https:\/\/zzlcmachinery.com\/tr\/wp-json\/wp\/v2\/types\/product"}],"version-history":[{"count":0,"href":"https:\/\/zzlcmachinery.com\/tr\/wp-json\/wp\/v2\/product\/985\/revisions"}],"wp:featuredmedia":[{"embeddable":true,"href":"https:\/\/zzlcmachinery.com\/tr\/wp-json\/wp\/v2\/media\/1004"}],"wp:attachment":[{"href":"https:\/\/zzlcmachinery.com\/tr\/wp-json\/wp\/v2\/media?parent=985"}],"wp:term":[{"taxonomy":"product_brand","embeddable":true,"href":"https:\/\/zzlcmachinery.com\/tr\/wp-json\/wp\/v2\/product_brand?post=985"},{"taxonomy":"product_cat","embeddable":true,"href":"https:\/\/zzlcmachinery.com\/tr\/wp-json\/wp\/v2\/product_cat?post=985"},{"taxonomy":"product_tag","embeddable":true,"href":"https:\/\/zzlcmachinery.com\/tr\/wp-json\/wp\/v2\/product_tag?post=985"}],"curies":[{"name":"wp","href":"https:\/\/api.w.org\/{rel}","templated":true}]}}