{"id":980,"date":"2022-11-18T23:43:03","date_gmt":"2022-11-18T15:43:03","guid":{"rendered":"https:\/\/zzlcmachinery.com\/?post_type=product&#038;p=980"},"modified":"2022-11-22T14:17:32","modified_gmt":"2022-11-22T06:17:32","slug":"c41-150kg-air-hammer-metal-forging-hammer-for-sale","status":"publish","type":"product","link":"https:\/\/zzlcmachinery.com\/tr\/urun\/c41-150kg-air-hammer-metal-forging-hammer-for-sale\/","title":{"rendered":"Sat\u0131l\u0131k C41-150KG Hava \u00c7eki\u00e7 Metal D\u00f6vme \u00c7eki\u00e7"},"content":{"rendered":"","protected":false},"excerpt":{"rendered":"<p>Sat\u0131l\u0131k bu C41-150KG haval\u0131 \u00e7eki\u00e7 metal d\u00f6vme \u00e7ekici, \u00e7ekme, \u00fczme, delme, yontma, d\u00f6vme, kaynak, b\u00fckme ve b\u00fckme gibi genel D\u00f6vme i\u015fleri i\u00e7in yayg\u0131n olarak kullan\u0131l\u0131r, ayr\u0131ca destek kal\u0131plar\u0131nda d\u00f6vme i\u00e7in kullan\u0131l\u0131r.<br \/>\nPn\u00f6matik d\u00f6vme \u00e7ekici, \u00e7ekme, k\u0131rma, delme, yontma, d\u00f6vme, kaynak, b\u00fckme ve b\u00fckme gibi genel d\u00f6vme i\u015fleri i\u00e7in yayg\u0131n olarak kullan\u0131lmaktad\u0131r. Destek kal\u0131plar\u0131nda d\u00f6vme i\u00e7in de kullan\u0131l\u0131r. Haval\u0131 \u00e7eki\u00e7 ayr\u0131ca d\u00f6vme \u00e7ekici, demirci \u00e7ekici, pn\u00f6matik d\u00f6vme \u00e7ekici, elektrikli \u00e7eki\u00e7 vb. olarak da adland\u0131r\u0131l\u0131r. A\u011f\u0131rl\u0131k olarak 6kg, 16kg, 20kg, 25kg, 40kg, 55kg, 75kg, 150kg, 250kg&#039;da haval\u0131 \u00e7eki\u00e7 d\u00fc\u015fme a\u011f\u0131rl\u0131\u011f\u0131, \u00f6zellikle sanatsal ferforje, sanatsal d\u00f6vme, demirci, tar\u0131m aletleri ve k\u00fc\u00e7\u00fck a\u00e7\u0131k kal\u0131p d\u00f6vme par\u00e7alar\u0131 i\u00e7in.<br \/>\nFarkl\u0131 d\u00f6vme i\u015f ihtiyac\u0131na g\u00f6re se\u00e7im i\u00e7in 6 kg, 16 kg, 25 kg, 40 kg, 55 kg, 75 kg, 100kg,150 kg, 250 kg, 400 kg, 560 kg, 750 kg, 1000 kg, 2000 kg tedarik edebiliriz. .A\u015fa\u011f\u0131daki \u00f6zelliklere g\u00f6re modeli se\u00e7ebilirsiniz<\/p>\n<p><strong>TEKN\u0130K PARAMETRE<br \/>\nModeli:C41-150KG<br \/>\nD\u00fc\u015fen par\u00e7a a\u011f\u0131rl\u0131\u011f\u0131 (KG): 150<\/strong>K\u0130LOGRAM<br \/>\n<strong>Yap\u0131 tipi: Ayr\u0131<\/strong> haval\u0131 \u00e7eki\u00e7<strong><br \/>\nMaks.Hit enerjisi(KJ):2.2<\/strong>KJ<strong><br \/>\nYuvarlak \u00e7elikte maks. d\u00f6v\u00fclm\u00fc\u015f boyut (\u00e7ap):<\/strong>\u03c6145mm<br \/>\n<strong>Kare \u00e7elik \u00fczerinde maks. d\u00f6v\u00fclm\u00fc\u015f boyut (\u00e7ap):<\/strong>130*130mm<br \/>\n<strong>G\u00fc\u00e7:<\/strong> 15KW<br \/>\n<strong>Gerilim:<\/strong>\u00a0220V\/380V<br \/>\n<strong>Ambalaj Boyutu:<\/strong> 2080*1240*2350mm<br \/>\n\u00d6rs a\u011f\u0131rl\u0131\u011f\u0131: 1800KG<br \/>\n<strong>A\u011f\u0131rl\u0131k (kg):<\/strong> 5060KG<\/p>","protected":false},"featured_media":1023,"template":"","meta":{"_kad_post_transparent":"default","_kad_post_title":"hide","_kad_post_layout":"fullwidth","_kad_post_sidebar_id":"","_kad_post_content_style":"unboxed","_kad_post_vertical_padding":"hide","_kad_post_feature":"hide","_kad_post_feature_position":"","_kad_post_header":false,"_kad_post_footer":false},"product_brand":[],"product_cat":[28],"product_tag":[471,494,496,495,489,491,492,472,473,490,488,408,493,474,475],"class_list":{"0":"post-980","1":"product","2":"type-product","3":"status-publish","4":"has-post-thumbnail","6":"product_cat-blacksmith-power-hammer","7":"product_tag-150kg-air-planishing-hammer-for-blacksmith","8":"product_tag-250kg-mainly-for-artistic-wrought-iron","9":"product_tag-agriculture-tools-and-small-open-die-forging-parts","10":"product_tag-artistic-forging","11":"product_tag-bending-and-twisting","12":"product_tag-bending-and-twisting-it-is-also-used-for-forge-in-bolster-dies-air-hammer-is-also-called-forging-hammer","13":"product_tag-blacksmithing-hammer","14":"product_tag-c41-150kg-blacksmith-forge-pneumatic-hammer","15":"product_tag-heavy-duty-150kg-wrought-iron-blacksmith-forging-hammer-for-sale","16":"product_tag-it-is-also-used-for-forge-in-bolster-dies-pneumatic-forging-hammer-is-widely-used-for-general-forging-works","17":"product_tag-our-pneumatic-forging-hammer-is-widely-used-for-general-forging-works","18":"product_tag-pneumatic-forging-hammer","19":"product_tag-power-hammer-and-so-on-air-hammer-falling-weight-at-6kg","20":"product_tag-power-hammer-blacksmith-anvil-wrought-iron-machinery","21":"product_tag-power-hammer-for-blade-maker-c41-150","23":"first","24":"instock","25":"shipping-taxable","26":"product-type-simple","27":"entry","28":"content-bg","29":"loop-entry"},"_links":{"self":[{"href":"https:\/\/zzlcmachinery.com\/tr\/wp-json\/wp\/v2\/product\/980","targetHints":{"allow":["GET"]}}],"collection":[{"href":"https:\/\/zzlcmachinery.com\/tr\/wp-json\/wp\/v2\/product"}],"about":[{"href":"https:\/\/zzlcmachinery.com\/tr\/wp-json\/wp\/v2\/types\/product"}],"version-history":[{"count":0,"href":"https:\/\/zzlcmachinery.com\/tr\/wp-json\/wp\/v2\/product\/980\/revisions"}],"wp:featuredmedia":[{"embeddable":true,"href":"https:\/\/zzlcmachinery.com\/tr\/wp-json\/wp\/v2\/media\/1023"}],"wp:attachment":[{"href":"https:\/\/zzlcmachinery.com\/tr\/wp-json\/wp\/v2\/media?parent=980"}],"wp:term":[{"taxonomy":"product_brand","embeddable":true,"href":"https:\/\/zzlcmachinery.com\/tr\/wp-json\/wp\/v2\/product_brand?post=980"},{"taxonomy":"product_cat","embeddable":true,"href":"https:\/\/zzlcmachinery.com\/tr\/wp-json\/wp\/v2\/product_cat?post=980"},{"taxonomy":"product_tag","embeddable":true,"href":"https:\/\/zzlcmachinery.com\/tr\/wp-json\/wp\/v2\/product_tag?post=980"}],"curies":[{"name":"wp","href":"https:\/\/api.w.org\/{rel}","templated":true}]}}