{"id":961,"date":"2022-11-17T23:45:25","date_gmt":"2022-11-17T15:45:25","guid":{"rendered":"https:\/\/zzlcmachinery.com\/?post_type=product&#038;p=961"},"modified":"2022-11-22T14:13:53","modified_gmt":"2022-11-22T06:13:53","slug":"c41-55kg-wrought-iron-forging-pneumatic-hammer-for-blacksmith","status":"publish","type":"product","link":"https:\/\/zzlcmachinery.com\/tr\/urun\/c41-55kg-wrought-iron-forging-pneumatic-hammer-for-blacksmith\/","title":{"rendered":"Demirci i\u00e7in C41-55KG Ferforje D\u00f6vme Pn\u00f6matik \u00c7eki\u00e7"},"content":{"rendered":"","protected":false},"excerpt":{"rendered":"<p>Demirci i\u00e7in bu C41-55KG ferforje d\u00f6vme pn\u00f6matik \u00e7eki\u00e7 C41-55KG ferforje d\u00f6vme haval\u0131 \u00e7eki\u00e7, k\u00fc\u00e7\u00fck boyutlu, d\u00fc\u015f\u00fck g\u00fcr\u00fclt\u00fcl\u00fc, yap\u0131s\u0131 basit, kullan\u0131m\u0131 kolay, esnek hareket, ta\u015f\u0131ma, kurulum ve bak\u0131m a\u00e7\u0131s\u0131ndan uygun. Bu makine, taban\u0131 olan tek par\u00e7a bir yap\u0131 makinesidir. B\u00f6yle bir hava \u00e7ekicinin avantaj\u0131, m\u00fc\u015fterinin \u00e7al\u0131\u015fmak i\u00e7in ihtiya\u00e7 duydu\u011fu herhangi bir yere ta\u015f\u0131nabilmesi ve \u00e7ok esnek olmas\u0131d\u0131r. 55 KG&#039;nin \u00fczerindeki hava \u00e7ekici, daha b\u00fcy\u00fck metal g\u00f6vdeleri d\u00f6vebilir. Bu model, \u00e7e\u015fitli serbest d\u00f6vme i\u015flemleri i\u00e7in uygundur: \u00f6r. y\u0131\u011fma, germe, delme, b\u00fckme, b\u00fckme, s\u0131cak kesme, terminal ba\u011flant\u0131s\u0131 vb. ve ayn\u0131 anda ped kal\u0131plar\u0131 kullan\u0131labilir. \u00d6zellikle k\u0131rsal kasaba i\u015fletmelerinde ve profesyonel hanelerde orak, badin, nal, \u00e7apa vb. d\u00f6vmek i\u00e7in farkl\u0131 \u015fekillerdeki par\u00e7alar\u0131n serbest d\u00f6vmesi i\u00e7in uygundur. Ayn\u0131 zamanda, \u00e7e\u015fitli fabrikalar ve madenler \u00e7elik bilyeler, iskele ve di\u011fer fabrika ve maden in\u015faat\u0131 malzemelerini d\u00f6vmek i\u00e7in pn\u00f6matik \u00e7eki\u00e7ler kullan\u0131r. Ek olarak, bu seri pn\u00f6matik \u00e7eki\u00e7ler, demirciler taraf\u0131ndan yayg\u0131n olarak kullan\u0131lan profesyonel bir d\u00f6vme demir aletidir. \u00c7e\u015fitli kal\u0131p stilleri yapabilir ve her t\u00fcrl\u00fc ferforje \u00e7i\u00e7ek ve ku\u015flar\u0131 ve di\u011fer zarif s\u00fcslemeleri yapabilir.<br \/>\nFarkl\u0131 d\u00f6vme i\u015f ihtiyac\u0131na g\u00f6re se\u00e7im i\u00e7in 6 kg, 16 kg, 25 kg, 40 kg, 55 kg, 75 kg, 100kg,150 kg, 250 kg, 400 kg, 560 kg, 750 kg, 1000 kg, 2000 kg tedarik edebiliriz. .A\u015fa\u011f\u0131daki \u00f6zelliklere g\u00f6re modeli se\u00e7ebilirsiniz<\/p>\n<p><strong>TEKN\u0130K PARAMETRE<br \/>\nModel: C41-55KG<br \/>\nD\u00fc\u015fen par\u00e7a a\u011f\u0131rl\u0131\u011f\u0131 (KG): 55<\/strong>K\u0130LOGRAM<br \/>\n<strong>Yap\u0131 tipi:<\/strong>B\u00f6l\u00fcnm\u00fc\u015f Hava \u00c7ekici<strong><br \/>\nMax.Hit enerjisi (KJ):<\/strong>0.27KJ<strong><br \/>\nYuvarlak \u00e7elikte maks. d\u00f6v\u00fclm\u00fc\u015f boyut (\u00e7ap):<\/strong>\u03c645mm<br \/>\n<strong>Kare \u00e7elik \u00fczerinde maks. d\u00f6v\u00fclm\u00fc\u015f boyut (\u00e7ap):<\/strong>40x40mm<br \/>\n<strong>G\u00fc\u00e7:<\/strong> 3 KW<br \/>\n<strong>Gerilim:<\/strong>\u00a0220V\/380V<br \/>\n<strong>Ambalaj Boyutu:<\/strong> 980*510*1200<br \/>\n<strong>A\u011f\u0131rl\u0131k (kg):<\/strong> 560<\/p>","protected":false},"featured_media":967,"template":"","meta":{"_kad_post_transparent":"default","_kad_post_title":"hide","_kad_post_layout":"fullwidth","_kad_post_sidebar_id":"","_kad_post_content_style":"unboxed","_kad_post_vertical_padding":"hide","_kad_post_feature":"hide","_kad_post_feature_position":"","_kad_post_header":false,"_kad_post_footer":false},"product_brand":[],"product_cat":[28],"product_tag":[450,448,445,446,451,453,454,449,447,428,452],"class_list":{"0":"post-961","1":"product","2":"type-product","3":"status-publish","4":"has-post-thumbnail","6":"product_cat-blacksmith-power-hammer","7":"product_tag-c41-series-blacksmith-hydraulic-hammer-for-iron","8":"product_tag-c41-55kg-blacksmith-forging-hammer-for-sale","9":"product_tag-c41-55kg-hammer-strength-power-rack","10":"product_tag-c41-55kg-pneumatic-air-power-hammer-with-anvil-55kg","11":"product_tag-china-the-most-popular-c41-40kg-75kg-150kg-blacksmith-air-hammer-for-sale","12":"product_tag-factory-direct-sale-20kg-25kg-40kg-power-hammer-for-sale-south-africa","13":"product_tag-factory-direct-sale-c41-25kg-homemade-blacksmith-power-hammer","14":"product_tag-hot-sale-anyang-power-hammer-uk-from-ellsen","15":"product_tag-pneumatic-forging-hammer-for-wrought-iron-blacksmith","16":"product_tag-pneumatic-hammer-for-blacksmith","17":"product_tag-wrought-iron-air-power-hammer-for-sale","19":"first","20":"instock","21":"shipping-taxable","22":"product-type-simple","23":"entry","24":"content-bg","25":"loop-entry"},"_links":{"self":[{"href":"https:\/\/zzlcmachinery.com\/tr\/wp-json\/wp\/v2\/product\/961","targetHints":{"allow":["GET"]}}],"collection":[{"href":"https:\/\/zzlcmachinery.com\/tr\/wp-json\/wp\/v2\/product"}],"about":[{"href":"https:\/\/zzlcmachinery.com\/tr\/wp-json\/wp\/v2\/types\/product"}],"version-history":[{"count":0,"href":"https:\/\/zzlcmachinery.com\/tr\/wp-json\/wp\/v2\/product\/961\/revisions"}],"wp:featuredmedia":[{"embeddable":true,"href":"https:\/\/zzlcmachinery.com\/tr\/wp-json\/wp\/v2\/media\/967"}],"wp:attachment":[{"href":"https:\/\/zzlcmachinery.com\/tr\/wp-json\/wp\/v2\/media?parent=961"}],"wp:term":[{"taxonomy":"product_brand","embeddable":true,"href":"https:\/\/zzlcmachinery.com\/tr\/wp-json\/wp\/v2\/product_brand?post=961"},{"taxonomy":"product_cat","embeddable":true,"href":"https:\/\/zzlcmachinery.com\/tr\/wp-json\/wp\/v2\/product_cat?post=961"},{"taxonomy":"product_tag","embeddable":true,"href":"https:\/\/zzlcmachinery.com\/tr\/wp-json\/wp\/v2\/product_tag?post=961"}],"curies":[{"name":"wp","href":"https:\/\/api.w.org\/{rel}","templated":true}]}}