{"id":952,"date":"2022-11-17T23:01:59","date_gmt":"2022-11-17T15:01:59","guid":{"rendered":"https:\/\/zzlcmachinery.com\/?post_type=product&#038;p=952"},"modified":"2022-11-26T00:47:08","modified_gmt":"2022-11-25T16:47:08","slug":"wholesale-c41-40kg-air-hammer-for-heavy-duty-forging","status":"publish","type":"product","link":"https:\/\/zzlcmachinery.com\/tr\/urun\/toptan-c41-40kg-hava-cekici-icin-agir-is-dovme\/","title":{"rendered":"A\u011f\u0131r Hizmet D\u00f6vme \u0130\u00e7in Toptan C41 40kg Haval\u0131 \u00c7eki\u00e7"},"content":{"rendered":"","protected":false},"excerpt":{"rendered":"<p>A\u011f\u0131r hizmet tipi d\u00f6vme i\u00e7in bu toptan c41 40kg hava \u00e7ekici, k\u00fc\u00e7\u00fck boyutlu, d\u00fc\u015f\u00fck g\u00fcr\u00fclt\u00fcl\u00fc, yap\u0131s\u0131 basit, kullan\u0131m\u0131 kolay, hareket halinde esnek ve ta\u015f\u0131ma, kurulum ve bak\u0131m a\u00e7\u0131s\u0131ndan uygundur. Bu model \u00e7e\u015fitli serbest d\u00f6vme i\u015flemleri i\u00e7in uygundur: \u00f6r. y\u0131\u011fma, \u00e7ekme, delme, b\u00fckme, b\u00fckme, s\u0131cak kesme, terminal ba\u011flant\u0131s\u0131, vb. Ayn\u0131 zamanda, ped kal\u0131plar\u0131 kullan\u0131larak \u00e7e\u015fitli a\u00e7\u0131k kal\u0131p d\u00f6vme i\u015flemleri ger\u00e7ekle\u015ftirilebilir. Farkl\u0131 \u015fekillerdeki par\u00e7alar\u0131n serbest d\u00f6vmesi i\u00e7in uygundur, \u00f6zellikle orak, badin, s\u0131\u011f\u0131r ve at nal\u0131 ve \u00e7apa d\u00f6vme yapan k\u0131rsal kasaba i\u015fletmeleri ve profesyonel haneler i\u00e7in uygundur. Ayn\u0131 zamanda, \u00e7e\u015fitli fabrikalar ve madenler de \u00e7elik bilyeler, iskele ve di\u011fer fabrikalar, madenler ve in\u015faat malzemeleri d\u00f6vmek i\u00e7in haval\u0131 \u00e7eki\u00e7ler kullan\u0131r. Ayr\u0131ca bu haval\u0131 \u00e7eki\u00e7 serisi, demirciler taraf\u0131ndan yayg\u0131n olarak kullan\u0131lan profesyonel bir d\u00f6vme demir aletidir. \u00c7e\u015fitli kal\u0131p stilleri yapabilir ve \u00e7e\u015fitli ferforje \u00e7i\u00e7ekler, ku\u015flar ve di\u011fer g\u00fczel s\u00fcslemeler yapabilir.<br \/>\nFarkl\u0131 d\u00f6vme i\u015f ihtiyac\u0131na g\u00f6re se\u00e7im i\u00e7in 6 kg, 16 kg, 25 kg, 40 kg, 55 kg, 75 kg, 100kg,150 kg, 250 kg, 400 kg, 560 kg, 750 kg, 1000 kg, 2000 kg tedarik edebiliriz. .A\u015fa\u011f\u0131daki \u00f6zelliklere g\u00f6re modeli se\u00e7ebilirsiniz<\/p>\n<p><strong>TEKN\u0130K PARAMETRE<br \/>\nModel: C41-25KG<br \/>\nD\u00fc\u015fen par\u00e7a a\u011f\u0131rl\u0131\u011f\u0131 (KG):<\/strong>25kg<br \/>\n<strong>Yap\u0131 tipi:<\/strong>B\u00f6l\u00fcnm\u00fc\u015f Hava \u00c7ekici<strong><br \/>\nMax.Hit enerjisi (KJ):<\/strong>0.27KJ<strong><br \/>\nYuvarlak \u00e7elikte maks. d\u00f6v\u00fclm\u00fc\u015f boyut (\u00e7ap):<\/strong>\u03c645mm<br \/>\n<strong>Kare \u00e7elik \u00fczerinde maks. d\u00f6v\u00fclm\u00fc\u015f boyut (\u00e7ap):<\/strong>40x40mm<br \/>\n<strong>G\u00fc\u00e7:<\/strong> 3 KW<br \/>\n<strong>Gerilim:<\/strong>\u00a0220V\/380V<br \/>\n<strong>Ambalaj Boyutu:<\/strong> 980*510*1200<br \/>\n<strong>A\u011f\u0131rl\u0131k (kg):<\/strong> 560<\/p>","protected":false},"featured_media":954,"template":"","meta":{"_kad_post_transparent":"default","_kad_post_title":"hide","_kad_post_layout":"fullwidth","_kad_post_sidebar_id":"","_kad_post_content_style":"unboxed","_kad_post_vertical_padding":"hide","_kad_post_feature":"hide","_kad_post_feature_position":"","_kad_post_header":false,"_kad_post_footer":false},"product_brand":[],"product_cat":[28],"product_tag":[444,443,439,416,434,435,437,436,441,442,438,433,440],"class_list":{"0":"post-952","1":"product","2":"type-product","3":"status-publish","4":"has-post-thumbnail","6":"product_cat-blacksmith-power-hammer","7":"product_tag-20kg-25kg-40kg-small-blacksmith-power-hammer-for-sale","8":"product_tag-25kg-40kg-75kg-blacksmith-hammer-machine-for-iron-forging","9":"product_tag-40-kg-blacksmith-power-hammer-for-sale","10":"product_tag-air-hammer","11":"product_tag-air-hammer-and-power-hammer-40kg","12":"product_tag-c41-40kg-air-hammer","13":"product_tag-c41-40kg-model-massey-forging-hammer-for-sale","14":"product_tag-c41-40kg-pneumatic-hammer-forging-machine","15":"product_tag-hot-sale-40kg-blacksmith-air-hammer-for-forging","16":"product_tag-hot-sale-c41-40kg-blacksmith-electric-hammer-for-forging","17":"product_tag-pneumatic-forging-hammer-c41-40kg","18":"product_tag-wholesale-c41-40kg-air-hammer-for-heavy-duty-forging","19":"product_tag-widely-used-iron-blacksmith-40kg-pneumatic-hammer-forging-from-ellsen-company","21":"first","22":"instock","23":"featured","24":"shipping-taxable","25":"product-type-simple","26":"entry","27":"content-bg","28":"loop-entry"},"_links":{"self":[{"href":"https:\/\/zzlcmachinery.com\/tr\/wp-json\/wp\/v2\/product\/952","targetHints":{"allow":["GET"]}}],"collection":[{"href":"https:\/\/zzlcmachinery.com\/tr\/wp-json\/wp\/v2\/product"}],"about":[{"href":"https:\/\/zzlcmachinery.com\/tr\/wp-json\/wp\/v2\/types\/product"}],"version-history":[{"count":0,"href":"https:\/\/zzlcmachinery.com\/tr\/wp-json\/wp\/v2\/product\/952\/revisions"}],"wp:featuredmedia":[{"embeddable":true,"href":"https:\/\/zzlcmachinery.com\/tr\/wp-json\/wp\/v2\/media\/954"}],"wp:attachment":[{"href":"https:\/\/zzlcmachinery.com\/tr\/wp-json\/wp\/v2\/media?parent=952"}],"wp:term":[{"taxonomy":"product_brand","embeddable":true,"href":"https:\/\/zzlcmachinery.com\/tr\/wp-json\/wp\/v2\/product_brand?post=952"},{"taxonomy":"product_cat","embeddable":true,"href":"https:\/\/zzlcmachinery.com\/tr\/wp-json\/wp\/v2\/product_cat?post=952"},{"taxonomy":"product_tag","embeddable":true,"href":"https:\/\/zzlcmachinery.com\/tr\/wp-json\/wp\/v2\/product_tag?post=952"}],"curies":[{"name":"wp","href":"https:\/\/api.w.org\/{rel}","templated":true}]}}