{"id":943,"date":"2022-11-17T19:44:01","date_gmt":"2022-11-17T11:44:01","guid":{"rendered":"https:\/\/zzlcmachinery.com\/?post_type=product&#038;p=943"},"modified":"2022-11-22T14:08:52","modified_gmt":"2022-11-22T06:08:52","slug":"factory-direct-sale-c41-25kg-homemade-blacksmith-power-hammer","status":"publish","type":"product","link":"https:\/\/zzlcmachinery.com\/tr\/urun\/factory-direct-sale-c41-25kg-homemade-blacksmith-power-hammer\/","title":{"rendered":"Fabrika Do\u011frudan Sat\u0131\u015f C41-25kg Ev Yap\u0131m\u0131 Demirci Elektrikli \u00c7eki\u00e7"},"content":{"rendered":"","protected":false},"excerpt":{"rendered":"<p>Bu Fabrika do\u011frudan sat\u0131\u015f C41-25kg ev yap\u0131m\u0131 demirci motorlu \u015fahmerdan k\u00fc\u00e7\u00fck boyutlu, d\u00fc\u015f\u00fck g\u00fcr\u00fclt\u00fcl\u00fc, yap\u0131s\u0131 basit, kullan\u0131m\u0131 kolay, hareket halinde esnek ve ta\u015f\u0131ma, kurulum ve bak\u0131m a\u00e7\u0131s\u0131ndan uygundur. Bu model \u00e7e\u015fitli serbest d\u00f6vme i\u015flemleri i\u00e7in uygundur: \u00f6r. y\u0131\u011fma, \u00e7ekme, delme, b\u00fckme, b\u00fckme, s\u0131cak kesme, terminal ba\u011flant\u0131s\u0131, vb. Ayn\u0131 zamanda, ped kal\u0131plar\u0131 kullan\u0131larak \u00e7e\u015fitli a\u00e7\u0131k kal\u0131p d\u00f6vme i\u015flemleri ger\u00e7ekle\u015ftirilebilir. Farkl\u0131 \u015fekillerdeki par\u00e7alar\u0131n serbest d\u00f6vmesi i\u00e7in uygundur, \u00f6zellikle orak, badin, s\u0131\u011f\u0131r ve at nal\u0131 ve \u00e7apa d\u00f6vme yapan k\u0131rsal kasaba i\u015fletmeleri ve profesyonel haneler i\u00e7in uygundur. Ayn\u0131 zamanda, \u00e7e\u015fitli fabrikalar ve madenler de \u00e7elik bilyeler, iskele ve di\u011fer fabrikalar, madenler ve in\u015faat malzemeleri d\u00f6vmek i\u00e7in haval\u0131 \u00e7eki\u00e7ler kullan\u0131r. Ayr\u0131ca bu haval\u0131 \u00e7eki\u00e7 serisi, demirciler taraf\u0131ndan yayg\u0131n olarak kullan\u0131lan profesyonel bir d\u00f6vme demir aletidir. \u00c7e\u015fitli kal\u0131p stilleri yapabilir ve \u00e7e\u015fitli ferforje \u00e7i\u00e7ekler, ku\u015flar ve di\u011fer g\u00fczel s\u00fcslemeler yapabilir.<br \/>\nFarkl\u0131 d\u00f6vme i\u015f ihtiyac\u0131na g\u00f6re se\u00e7im i\u00e7in 6 kg, 16 kg, 25 kg, 40 kg, 55 kg, 75 kg, 100kg,150 kg, 250 kg, 400 kg, 560 kg, 750 kg, 1000 kg, 2000 kg tedarik edebiliriz. .A\u015fa\u011f\u0131daki \u00f6zelliklere g\u00f6re modeli se\u00e7ebilirsiniz<\/p>\n<p><strong>TEKN\u0130K PARAMETRE<br \/>\nModel: C41-25KG<br \/>\nD\u00fc\u015fen par\u00e7a a\u011f\u0131rl\u0131\u011f\u0131 (KG):<\/strong>25kg<br \/>\n<strong>Yap\u0131 tipi:<\/strong>Ayr\u0131 Hava \u00c7ekici<strong><br \/>\nMax.Hit enerjisi (KJ):<\/strong>0.27KJ<strong><br \/>\nYuvarlak \u00e7elikte maks. d\u00f6v\u00fclm\u00fc\u015f boyut (\u00e7ap):<\/strong>\u03c645mm<br \/>\n<strong>Kare \u00e7elik \u00fczerinde maks. d\u00f6v\u00fclm\u00fc\u015f boyut (\u00e7ap):<\/strong>40x40mm<br \/>\n<strong>G\u00fc\u00e7:<\/strong> 3 KW<br \/>\n<strong>Gerilim:<\/strong>\u00a0220V\/380V<br \/>\n<strong>Ambalaj Boyutu:<\/strong> 980*510*1200<br \/>\n<strong>A\u011f\u0131rl\u0131k (kg):<\/strong> 560<\/p>","protected":false},"featured_media":947,"template":"","meta":{"_kad_post_transparent":"default","_kad_post_title":"hide","_kad_post_layout":"fullwidth","_kad_post_sidebar_id":"","_kad_post_content_style":"unboxed","_kad_post_vertical_padding":"hide","_kad_post_feature":"hide","_kad_post_feature_position":"","_kad_post_header":false,"_kad_post_footer":false},"product_brand":[],"product_cat":[28],"product_tag":[416,432,431,430,429,428],"class_list":{"0":"post-943","1":"product","2":"type-product","3":"status-publish","4":"has-post-thumbnail","6":"product_cat-blacksmith-power-hammer","7":"product_tag-air-hammer","8":"product_tag-c41-25kg-drop-forging-hammer-for-iron-blacksmith","9":"product_tag-c41-25kg-electric-pneumatic-hammer","10":"product_tag-high-efficiency-c41-25kg-power-runner-hammer-with-ce","11":"product_tag-hottest-sale-20kg-25kg-40kg-55kg-75kg-blacksmith-pneumatic-hammer","12":"product_tag-pneumatic-hammer-for-blacksmith","14":"first","15":"instock","16":"shipping-taxable","17":"product-type-simple","18":"entry","19":"content-bg","20":"loop-entry"},"_links":{"self":[{"href":"https:\/\/zzlcmachinery.com\/tr\/wp-json\/wp\/v2\/product\/943","targetHints":{"allow":["GET"]}}],"collection":[{"href":"https:\/\/zzlcmachinery.com\/tr\/wp-json\/wp\/v2\/product"}],"about":[{"href":"https:\/\/zzlcmachinery.com\/tr\/wp-json\/wp\/v2\/types\/product"}],"version-history":[{"count":0,"href":"https:\/\/zzlcmachinery.com\/tr\/wp-json\/wp\/v2\/product\/943\/revisions"}],"wp:featuredmedia":[{"embeddable":true,"href":"https:\/\/zzlcmachinery.com\/tr\/wp-json\/wp\/v2\/media\/947"}],"wp:attachment":[{"href":"https:\/\/zzlcmachinery.com\/tr\/wp-json\/wp\/v2\/media?parent=943"}],"wp:term":[{"taxonomy":"product_brand","embeddable":true,"href":"https:\/\/zzlcmachinery.com\/tr\/wp-json\/wp\/v2\/product_brand?post=943"},{"taxonomy":"product_cat","embeddable":true,"href":"https:\/\/zzlcmachinery.com\/tr\/wp-json\/wp\/v2\/product_cat?post=943"},{"taxonomy":"product_tag","embeddable":true,"href":"https:\/\/zzlcmachinery.com\/tr\/wp-json\/wp\/v2\/product_tag?post=943"}],"curies":[{"name":"wp","href":"https:\/\/api.w.org\/{rel}","templated":true}]}}