{"id":929,"date":"2022-11-16T23:27:49","date_gmt":"2022-11-16T15:27:49","guid":{"rendered":"https:\/\/zzlcmachinery.com\/?post_type=product&#038;p=929"},"modified":"2022-11-22T14:07:45","modified_gmt":"2022-11-22T06:07:45","slug":"c41-20kg-professional-blacksmith-power-forging-air-hammer","status":"publish","type":"product","link":"https:\/\/zzlcmachinery.com\/tr\/urun\/c41-20kg-professional-blacksmith-power-forging-air-hammer\/","title":{"rendered":"C41-20kg Profesyonel Demirci G\u00fc\u00e7 D\u00f6vme Haval\u0131 \u00c7eki\u00e7"},"content":{"rendered":"","protected":false},"excerpt":{"rendered":"<p>Bu C41-20kg profesyonel demirci g\u00fc\u00e7 d\u00f6vme hava \u00e7ekici, b\u00f6l\u00fcnm\u00fc\u015f tip bir tasar\u0131m yap\u0131s\u0131d\u0131r. Makine \u00f6rs ve ana makine olmak \u00fczere iki par\u00e7aya ayr\u0131lm\u0131\u015ft\u0131r. B\u00f6l\u00fcnm\u00fc\u015f tip hava \u00e7ekici, m\u00fc\u015fterinin sa\u011flad\u0131\u011f\u0131m\u0131z \u00e7izimlere g\u00f6re \u00e7imentoyla sertle\u015ftirilmi\u015f bir temel olu\u015fturmas\u0131n\u0131 gerektirir. B\u00f6l\u00fcnm\u00fc\u015f tip hava \u00e7ekicinin avantaj\u0131, g\u00fc\u00e7l\u00fc vuru\u015f kabiliyetine ve istikrarl\u0131 performansa sahip olmas\u0131d\u0131r. Haval\u0131 \u00e7eki\u00e7ler, bir\u00e7ok demirci taraf\u0131ndan \u00e7e\u015fitli dekoratif d\u00f6vmeler yapmak i\u00e7in kullan\u0131l\u0131r. \u00dct\u00fc \u0131s\u0131nd\u0131ktan sonra m\u00fc\u015fterinin istedi\u011fi \u015fekli \u00e7eki\u00e7lemek ve deforme etmek daha kolayd\u0131r. Haval\u0131 \u00e7eki\u00e7ler farkl\u0131 yerlerde kullan\u0131labilir: g\u00f6mme, kal\u0131plama, kesme, delme, per\u00e7inleme, damgalama, vb\u2026 her t\u00fcrl\u00fc metal. Lanchen&#039;in haval\u0131 \u00e7eki\u00e7leri Amerika Birle\u015fik Devletleri, Kanada, Rusya, Birle\u015fik Krall\u0131k, Fransa, \u0130spanya, Meksika, Kolombiya, G\u00fcney Afrika, Vietnam ve di\u011fer \u00fclkelere sat\u0131ld\u0131 ve oybirli\u011fiyle \u00f6vg\u00fc ald\u0131.<br \/>\nFarkl\u0131 d\u00f6vme i\u015f ihtiyac\u0131na g\u00f6re se\u00e7im i\u00e7in 6 kg, 16 kg, 25 kg, 40 kg, 55 kg, 75 kg, 100kg,150 kg, 250 kg, 400 kg, 560 kg, 750 kg, 1000 kg, 2000 kg tedarik edebiliriz. .A\u015fa\u011f\u0131daki \u00f6zelliklere g\u00f6re modeli se\u00e7ebilirsiniz<\/p>\n<p><strong>TEKN\u0130K PARAMETRE<br \/>\nModel: C41-20KG<br \/>\nD\u00fc\u015fen par\u00e7a a\u011f\u0131rl\u0131\u011f\u0131 (KG):<\/strong>20kg<br \/>\n<strong>Yap\u0131 tipi:<\/strong>B\u00f6l\u00fcnm\u00fc\u015f Hava \u00c7ekici<strong><br \/>\nMax.Hit enerjisi (KJ):<\/strong>0.22KJ<strong><br \/>\nYuvarlak \u00e7elikte maks. d\u00f6v\u00fclm\u00fc\u015f boyut (\u00e7ap):<\/strong>\u03c635mm<br \/>\n<strong>Kare \u00e7elik \u00fczerinde maks. d\u00f6v\u00fclm\u00fc\u015f boyut (\u00e7ap):<\/strong>30x30mm<br \/>\n<strong>G\u00fc\u00e7:<\/strong> 2.2KW<br \/>\n<strong>Gerilim:<\/strong>\u00a0220V\/380V<br \/>\n<strong>Ambalaj Boyutu:<\/strong> 820*460*1110<br \/>\n<strong>A\u011f\u0131rl\u0131k (kg):<\/strong> 380<\/p>","protected":false},"featured_media":935,"template":"","meta":{"_kad_post_transparent":"default","_kad_post_title":"hide","_kad_post_layout":"fullwidth","_kad_post_sidebar_id":"","_kad_post_content_style":"unboxed","_kad_post_vertical_padding":"hide","_kad_post_feature":"hide","_kad_post_feature_position":"","_kad_post_header":false,"_kad_post_footer":false},"product_brand":[],"product_cat":[28],"product_tag":[426,416,423,418,414,422,424,421,419,427,407,425,415,420,417],"class_list":{"0":"post-929","1":"product","2":"type-product","3":"status-publish","4":"has-post-thumbnail","6":"product_cat-blacksmith-power-hammer","7":"product_tag-240volt-single-phase-motor-blacksmith-power-forging-hammer","8":"product_tag-air-hammer","9":"product_tag-air-power-chipping-hammer","10":"product_tag-air-power-forging-hammer-blacksmith","11":"product_tag-blacksmith-air-forging-power-hammer","12":"product_tag-c41-20kg-hydraulic-power-hammer-for-sale","13":"product_tag-c41-20kg-professional-blacksmith-power-forging-air-hammer","14":"product_tag-electric-power-hammer","15":"product_tag-forging-wrought-iron-machine","16":"product_tag-hammer-forging-ellsen-wrought-iron-machine-for-sale","17":"product_tag-power-hammer-for-blacksmith","18":"product_tag-profesonal-power-hammer-air-hammer-c41-20kg","19":"product_tag-professional-blacksmith-power-forging-air-hammer","20":"product_tag-small-power-hammer-manufacturers-suppliers","21":"product_tag-source-blacksmith-pneumatic-forging-power-hammer","23":"first","24":"instock","25":"shipping-taxable","26":"product-type-simple","27":"entry","28":"content-bg","29":"loop-entry"},"_links":{"self":[{"href":"https:\/\/zzlcmachinery.com\/tr\/wp-json\/wp\/v2\/product\/929","targetHints":{"allow":["GET"]}}],"collection":[{"href":"https:\/\/zzlcmachinery.com\/tr\/wp-json\/wp\/v2\/product"}],"about":[{"href":"https:\/\/zzlcmachinery.com\/tr\/wp-json\/wp\/v2\/types\/product"}],"version-history":[{"count":0,"href":"https:\/\/zzlcmachinery.com\/tr\/wp-json\/wp\/v2\/product\/929\/revisions"}],"wp:featuredmedia":[{"embeddable":true,"href":"https:\/\/zzlcmachinery.com\/tr\/wp-json\/wp\/v2\/media\/935"}],"wp:attachment":[{"href":"https:\/\/zzlcmachinery.com\/tr\/wp-json\/wp\/v2\/media?parent=929"}],"wp:term":[{"taxonomy":"product_brand","embeddable":true,"href":"https:\/\/zzlcmachinery.com\/tr\/wp-json\/wp\/v2\/product_brand?post=929"},{"taxonomy":"product_cat","embeddable":true,"href":"https:\/\/zzlcmachinery.com\/tr\/wp-json\/wp\/v2\/product_cat?post=929"},{"taxonomy":"product_tag","embeddable":true,"href":"https:\/\/zzlcmachinery.com\/tr\/wp-json\/wp\/v2\/product_tag?post=929"}],"curies":[{"name":"wp","href":"https:\/\/api.w.org\/{rel}","templated":true}]}}