{"id":902,"date":"2022-11-14T18:55:11","date_gmt":"2022-11-14T10:55:11","guid":{"rendered":"https:\/\/zzlcmachinery.com\/?post_type=product&#038;p=902"},"modified":"2022-11-26T00:46:36","modified_gmt":"2022-11-25T16:46:36","slug":"lc-dl60-china-wrought-iron-machine-and-cold-rolling-embossing-machine","status":"publish","type":"product","link":"https:\/\/zzlcmachinery.com\/tr\/urun\/lc-dl60-china-wrought-iron-machine-and-cold-rolling-embossing-machine\/","title":{"rendered":"LC-DL60 \u00c7in Ferforje Makinesi ve So\u011fuk Haddeleme Kabartma Makinesi"},"content":{"rendered":"","protected":false},"excerpt":{"rendered":"<p>Bu LC-DL60 \u00c7in ferforje makinesi ve so\u011fuk haddeleme kabartma makinesi, so\u011fuk haddeleme ve kabartma makinesi i\u00e7in profesyonel bir ekipmand\u0131r. Bu makine kare boru, kare \u00e7elik, yass\u0131 demir, paslanmaz \u00e7elik boru, uluslararas\u0131 ortak boyutlara sahip dikd\u00f6rtgen boru i\u015fleyebilir. ve g\u00fcvenilir. Binalara, turistik yerlere ve ev dekorasyonuna uygulanabilir.<br \/>\nBu makinenin en b\u00fcy\u00fck avantaj\u0131 20\u00d720-100x100mm kare borular, dikd\u00f6rtgen borular ve paslanmaz \u00e7elik borular\u0131 i\u015flemek i\u00e7in kullan\u0131labilen kombine kal\u0131p setine sahip olmas\u0131d\u0131r. M\u00fc\u015fterinin sahip oldu\u011fu malzeme oldu\u011fu s\u00fcrece conta kombinasyonu ayarlanarak kal\u0131p \u00fczerine i\u015flenip kabartma yap\u0131labilir.<br \/>\nAyr\u0131 bir kal\u0131p yapmak i\u00e7in her boyutta kal\u0131p i\u00e7in \u00f6deme yapman\u0131za gerek yoktur. Zamandan, paradan ve emekten tasarruf edin.<\/p>\n<p><strong>TEKN\u0130K PARAMETRE<br \/>\nModeli:LC-DL60<\/strong><br \/>\n<strong>Yass\u0131 Demir:<\/strong> \u226410\u00d760mm<br \/>\n<strong>Kare \u00c7elik:<\/strong>\u00a0\u226425\u00d725mm<br \/>\n<strong>Kare boru:<\/strong> \u2264100x100mm<br \/>\n<strong>G\u00fc\u00e7:<\/strong> 7.5KW<br \/>\n<strong>Gerilim:<\/strong> 220V\/380V<br \/>\n<strong>Ambalaj Boyutu:<\/strong> 1000\u00d7800\u00d71200mm<br \/>\n<strong>KB (kg):<\/strong> 450<br \/>\n<strong>A\u011f\u0131rl\u0131k (kg):<\/strong> 500<\/p>","protected":false},"featured_media":909,"template":"","meta":{"_kad_post_transparent":"default","_kad_post_title":"hide","_kad_post_layout":"fullwidth","_kad_post_sidebar_id":"","_kad_post_content_style":"unboxed","_kad_post_vertical_padding":"hide","_kad_post_feature":"hide","_kad_post_feature_position":"","_kad_post_header":false,"_kad_post_footer":false},"product_brand":[],"product_cat":[29,19],"product_tag":[387,391,390,381,382,394,388,396,397,392,389,398,395,393],"class_list":{"0":"post-902","1":"product","2":"type-product","3":"status-publish","4":"has-post-thumbnail","6":"product_cat-electric-wrought-iron-processing-machine","7":"product_cat-cold-rolling-embossing-machine","8":"product_tag-blacksmith-embossing-metal-machine","9":"product_tag-buy-handrail-embossling-machine","10":"product_tag-china-iron-art-machine","11":"product_tag-china-metal-craft-embossing-equiment","12":"product_tag-china-wrought-iron-machine-and-cold-rolling-embossing-machine","13":"product_tag-cold-rolling-embossing-machine-for-wrought-iron-decoration","14":"product_tag-embossing-machine-for-rolling-forming-machine-manufacturer","15":"product_tag-flat-iron-embossing-machine","16":"product_tag-forged-square-tube-equipment","17":"product_tag-metal-embossing-handrail-embossing-machine","18":"product_tag-multifunction-adjustable-speed-handrail-cold-embossing-machine","19":"product_tag-ornamental-machine-for-sale","20":"product_tag-square-steel-embossing-machine","21":"product_tag-wrought-iron-decoration","23":"first","24":"instock","25":"featured","26":"shipping-taxable","27":"product-type-simple","28":"entry","29":"content-bg","30":"loop-entry"},"_links":{"self":[{"href":"https:\/\/zzlcmachinery.com\/tr\/wp-json\/wp\/v2\/product\/902","targetHints":{"allow":["GET"]}}],"collection":[{"href":"https:\/\/zzlcmachinery.com\/tr\/wp-json\/wp\/v2\/product"}],"about":[{"href":"https:\/\/zzlcmachinery.com\/tr\/wp-json\/wp\/v2\/types\/product"}],"version-history":[{"count":0,"href":"https:\/\/zzlcmachinery.com\/tr\/wp-json\/wp\/v2\/product\/902\/revisions"}],"wp:featuredmedia":[{"embeddable":true,"href":"https:\/\/zzlcmachinery.com\/tr\/wp-json\/wp\/v2\/media\/909"}],"wp:attachment":[{"href":"https:\/\/zzlcmachinery.com\/tr\/wp-json\/wp\/v2\/media?parent=902"}],"wp:term":[{"taxonomy":"product_brand","embeddable":true,"href":"https:\/\/zzlcmachinery.com\/tr\/wp-json\/wp\/v2\/product_brand?post=902"},{"taxonomy":"product_cat","embeddable":true,"href":"https:\/\/zzlcmachinery.com\/tr\/wp-json\/wp\/v2\/product_cat?post=902"},{"taxonomy":"product_tag","embeddable":true,"href":"https:\/\/zzlcmachinery.com\/tr\/wp-json\/wp\/v2\/product_tag?post=902"}],"curies":[{"name":"wp","href":"https:\/\/api.w.org\/{rel}","templated":true}]}}