{"id":867,"date":"2022-11-10T00:20:57","date_gmt":"2022-11-09T16:20:57","guid":{"rendered":"https:\/\/zzlcmachinery.com\/?post_type=product&#038;p=867"},"modified":"2022-12-13T13:42:15","modified_gmt":"2022-12-13T05:42:15","slug":"jk-30-sheet-iron-plate-cold-embossing-machine","status":"publish","type":"product","link":"https:\/\/zzlcmachinery.com\/tr\/urun\/jk-30-sac-sac-soguk-kabartma-makinesi\/","title":{"rendered":"JK-30 Sac Levha So\u011fuk Kabartma Makinas\u0131"},"content":{"rendered":"","protected":false},"excerpt":{"rendered":"<p>JK-30 Sac levha so\u011fuk kabartma makinesi, \u0131s\u0131 kullan\u0131lmadan metal levhalar \u00fczerine desen veya tasar\u0131mlar\u0131 kabartmak i\u00e7in kullan\u0131lan bir makine t\u00fcr\u00fcd\u00fcr. Bu, metal plakan\u0131n istenilen desenle oyulmu\u015f veya m\u00fc\u015fterinin ihtiyac\u0131na g\u00f6re tasarlanm\u0131\u015f bir kal\u0131ptan yap\u0131lm\u0131\u015f iki kal\u0131p aras\u0131na bast\u0131r\u0131lmas\u0131yla yap\u0131l\u0131r. Makine, metal plakaya bask\u0131 uygulayarak kal\u0131plar\u0131n \u015feklini almas\u0131na ve metal y\u00fczeyinde kabartmal\u0131 bir desen olu\u015fturmas\u0131na neden olur. So\u011fuk kabartma, metal tabelalar, dekoratif paneller ve metal plakalar \u00fczerinde kabartmal\u0131 desenler gerektiren di\u011fer \u00fcr\u00fcnlerin imalat\u0131nda kullan\u0131lan yayg\u0131n bir tekniktir. So\u011fuk kabartma, metale zarar verebilecek veya deforme edebilecek \u0131s\u0131 kullan\u0131m\u0131n\u0131 i\u00e7ermedi\u011fi i\u00e7in genellikle s\u0131cak kabartmaya tercih edilir.<br \/>\nSac levhan\u0131n geni\u015fli\u011fi ve kal\u0131b\u0131n deseni \u00fccretsiz olarak \u00f6zelle\u015ftirilebilir!<br \/>\n<strong>TEKN\u0130K PARAMETRE<\/strong><br \/>\n<strong>Malzeme:<\/strong> Demir sac, Al\u00fcminyum sac, Bak\u0131r sac, Paslanmaz \u00e7elik sac<br \/>\n<strong>Malzeme geni\u015fli\u011fi:<\/strong>30mm<br \/>\n<strong>Malzeme kal\u0131nl\u0131\u011f\u0131<\/strong>: maksimum 2mm<br \/>\n<strong>G\u00fc\u00e7:<\/strong> 2.2KW (M\u00fc\u015fterilerin ger\u00e7ek ihtiya\u00e7lar\u0131na g\u00f6re haddelenmi\u015f malzemenin geni\u015fli\u011fine ve kal\u0131nl\u0131\u011f\u0131na g\u00f6re)<br \/>\n<strong>Gerilim:<\/strong>\u00a0220V\/380V\/415V<br \/>\n<strong>Ambalaj Boyutu:<\/strong> 1500\u00d7710\u00d7800mm<br \/>\n<strong>KB (kg):<\/strong> 350<br \/>\n<strong>A\u011f\u0131rl\u0131k (kg):<\/strong> 400<\/p>","protected":false},"featured_media":1535,"template":"","meta":{"_kad_post_transparent":"default","_kad_post_title":"hide","_kad_post_layout":"fullwidth","_kad_post_sidebar_id":"","_kad_post_content_style":"unboxed","_kad_post_vertical_padding":"hide","_kad_post_feature":"hide","_kad_post_feature_position":"","_kad_post_header":false,"_kad_post_footer":false},"product_brand":[],"product_cat":[29,19],"product_tag":[47,521,519,518,520,517,522],"class_list":{"0":"post-867","1":"product","2":"type-product","3":"status-publish","4":"has-post-thumbnail","6":"product_cat-electric-wrought-iron-processing-machine","7":"product_cat-cold-rolling-embossing-machine","8":"product_tag-cold-rolling-embossing-machine","9":"product_tag-cold-rolling-sheet-embossing-machine-manufacturers","10":"product_tag-iorn-sheet-embossing-machine","11":"product_tag-iron-plate-cold-embossing-machine","12":"product_tag-metal-sheet-embossing-machine-manufacturers-suppliers","13":"product_tag-sheet-iron-plate-cold-embossing-machine","14":"product_tag-sheet-iron-plate-embossing-machine","16":"first","17":"instock","18":"shipping-taxable","19":"product-type-simple","20":"entry","21":"content-bg","22":"loop-entry"},"_links":{"self":[{"href":"https:\/\/zzlcmachinery.com\/tr\/wp-json\/wp\/v2\/product\/867","targetHints":{"allow":["GET"]}}],"collection":[{"href":"https:\/\/zzlcmachinery.com\/tr\/wp-json\/wp\/v2\/product"}],"about":[{"href":"https:\/\/zzlcmachinery.com\/tr\/wp-json\/wp\/v2\/types\/product"}],"version-history":[{"count":0,"href":"https:\/\/zzlcmachinery.com\/tr\/wp-json\/wp\/v2\/product\/867\/revisions"}],"wp:featuredmedia":[{"embeddable":true,"href":"https:\/\/zzlcmachinery.com\/tr\/wp-json\/wp\/v2\/media\/1535"}],"wp:attachment":[{"href":"https:\/\/zzlcmachinery.com\/tr\/wp-json\/wp\/v2\/media?parent=867"}],"wp:term":[{"taxonomy":"product_brand","embeddable":true,"href":"https:\/\/zzlcmachinery.com\/tr\/wp-json\/wp\/v2\/product_brand?post=867"},{"taxonomy":"product_cat","embeddable":true,"href":"https:\/\/zzlcmachinery.com\/tr\/wp-json\/wp\/v2\/product_cat?post=867"},{"taxonomy":"product_tag","embeddable":true,"href":"https:\/\/zzlcmachinery.com\/tr\/wp-json\/wp\/v2\/product_tag?post=867"}],"curies":[{"name":"wp","href":"https:\/\/api.w.org\/{rel}","templated":true}]}}