{"id":865,"date":"2022-11-10T00:19:56","date_gmt":"2022-11-09T16:19:56","guid":{"rendered":"https:\/\/zzlcmachinery.com\/?post_type=product&#038;p=865"},"modified":"2022-11-14T22:42:35","modified_gmt":"2022-11-14T14:42:35","slug":"lc-dl60s-cheapest-square-tube-flat-iron-square-steel-embossing-machine","status":"publish","type":"product","link":"https:\/\/zzlcmachinery.com\/tr\/urun\/lc-dl60s-cheapest-square-tube-flat-iron-square-steel-embossing-machine\/","title":{"rendered":"LC-DL60S En Ucuz Kare Boru Yass\u0131 demir Kare \u00c7elik Kabartma Makinesi"},"content":{"rendered":"","protected":false},"excerpt":{"rendered":"<p>Bu LC-DL60S En Ucuz kare boru yass\u0131 demir kare \u00e7elik kabartma makinesi, so\u011fuk haddeleme ve d\u00f6vme malzemeleri i\u00e7in profesyonel bir ekipmand\u0131r. Bu makine, ayn\u0131 tip so\u011fuk kabartma makinesiyle kar\u015f\u0131la\u015ft\u0131r\u0131ld\u0131\u011f\u0131nda, uluslararas\u0131 ortak boyutlara sahip kare boru, kare \u00e7elik, yass\u0131 demir i\u015fleyebilir, bu makinenin kal\u0131p maliyeti, kare borular\u0131n i\u015flenmesi gibi \u00e7ok azal\u0131r, gerek yoktur. farkl\u0131 boyutlardaki her kare t\u00fcp i\u00e7in bir kal\u0131p seti \u00f6deyin ve kaz\u0131y\u0131n, 20 \u00d7 20-80x80mm kare t\u00fcp bir kombinasyondur Kal\u0131p, contalar\u0131n \u00fcst \u00fcste bindirilmesi yoluyla her boyuttaki kare t\u00fcpler i\u00e7in uygun bir kal\u0131ba serbest\u00e7e birle\u015ftirilebilir. dikd\u00f6rtgen borular ve paslanmaz \u00e7elik borular dahil olmak \u00fczere i\u015flenir.<br \/>\n<strong>TEKN\u0130K PARAMETRE<\/strong><br \/>\n<strong>Yass\u0131 Demir:<\/strong> \u226410\u00d750mm<br \/>\n<strong>Kare \u00c7elik:<\/strong>\u00a0\u226425\u00d725mm<br \/>\n<strong>Kare boru:<\/strong> \u226480x80mm<br \/>\n<strong>G\u00fc\u00e7:<\/strong> 4KW<br \/>\n<strong>Gerilim:<\/strong> 220V\/380V<br \/>\n<strong>Ambalaj Boyutu:<\/strong> 1000\u00d7800\u00d71200mm<br \/>\n<strong>KB (kg):<\/strong> 450<br \/>\n<strong>A\u011f\u0131rl\u0131k (kg):<\/strong> 500<\/p>","protected":false},"featured_media":888,"template":"","meta":{"_kad_post_transparent":"default","_kad_post_title":"hide","_kad_post_layout":"fullwidth","_kad_post_sidebar_id":"","_kad_post_content_style":"unboxed","_kad_post_vertical_padding":"hide","_kad_post_feature":"hide","_kad_post_feature_position":"","_kad_post_header":false,"_kad_post_footer":false},"product_brand":[],"product_cat":[29,19],"product_tag":[381,382,47,386,379,378,380,384,383,385,44,111],"class_list":{"0":"post-865","1":"product","2":"type-product","3":"status-publish","4":"has-post-thumbnail","6":"product_cat-electric-wrought-iron-processing-machine","7":"product_cat-cold-rolling-embossing-machine","8":"product_tag-china-metal-craft-embossing-equiment","9":"product_tag-china-wrought-iron-machine-and-cold-rolling-embossing-machine","10":"product_tag-cold-rolling-embossing-machine","11":"product_tag-flat-iorn-embossing-machine","12":"product_tag-iron-embossing-machine","13":"product_tag-lc-dl60s-cheapest-square-tube-flat-iron-square-steel-embossing-machine","14":"product_tag-professional-cold-rolling-metal-plate-embossing-machine","15":"product_tag-sauare-steel-embossing-machine","16":"product_tag-square-tube-embossing-machine","17":"product_tag-stainless-steel-pipe-embossing-machine","18":"product_tag-wrought-iron-embossing-machine","19":"product_tag-wrought-iron-machine","21":"first","22":"instock","23":"shipping-taxable","24":"product-type-simple","25":"entry","26":"content-bg","27":"loop-entry"},"_links":{"self":[{"href":"https:\/\/zzlcmachinery.com\/tr\/wp-json\/wp\/v2\/product\/865","targetHints":{"allow":["GET"]}}],"collection":[{"href":"https:\/\/zzlcmachinery.com\/tr\/wp-json\/wp\/v2\/product"}],"about":[{"href":"https:\/\/zzlcmachinery.com\/tr\/wp-json\/wp\/v2\/types\/product"}],"version-history":[{"count":0,"href":"https:\/\/zzlcmachinery.com\/tr\/wp-json\/wp\/v2\/product\/865\/revisions"}],"wp:featuredmedia":[{"embeddable":true,"href":"https:\/\/zzlcmachinery.com\/tr\/wp-json\/wp\/v2\/media\/888"}],"wp:attachment":[{"href":"https:\/\/zzlcmachinery.com\/tr\/wp-json\/wp\/v2\/media?parent=865"}],"wp:term":[{"taxonomy":"product_brand","embeddable":true,"href":"https:\/\/zzlcmachinery.com\/tr\/wp-json\/wp\/v2\/product_brand?post=865"},{"taxonomy":"product_cat","embeddable":true,"href":"https:\/\/zzlcmachinery.com\/tr\/wp-json\/wp\/v2\/product_cat?post=865"},{"taxonomy":"product_tag","embeddable":true,"href":"https:\/\/zzlcmachinery.com\/tr\/wp-json\/wp\/v2\/product_tag?post=865"}],"curies":[{"name":"wp","href":"https:\/\/api.w.org\/{rel}","templated":true}]}}