{"id":863,"date":"2022-11-10T00:18:06","date_gmt":"2022-11-09T16:18:06","guid":{"rendered":"https:\/\/zzlcmachinery.com\/?post_type=product&#038;p=863"},"modified":"2022-11-22T13:49:47","modified_gmt":"2022-11-22T05:49:47","slug":"lc-fsg76-round-steel-pipe-handrail-roll-forming-machine","status":"publish","type":"product","link":"https:\/\/zzlcmachinery.com\/tr\/urun\/lc-fsg76-round-steel-pipe-handrail-roll-forming-machine\/","title":{"rendered":"LC-FSG76 Yuvarlak \u00c7elik Boru K\u00fcpe\u015fte Rulo \u015eekillendirme Makinesi"},"content":{"rendered":"","protected":false},"excerpt":{"rendered":"<p>Bu LC-FSG76 Yuvarlak \u00e7elik boru k\u00fcpe\u015fte rulo \u015fekillendirme makinesi, merdiven korkuluklar\u0131 yapmak i\u00e7in profesyonel bir makinedir. Ana i\u015flev, \u00e7e\u015fitli merdiven korkuluklar\u0131, m\u00fchendislik oluklar\u0131 yapmak i\u00e7in yuvarlak borular\u0131 t\u0131rabzan borular\u0131na d\u00f6n\u00fc\u015ft\u00fcrmek ve yuvarlak borular\u0131 d\u00f6rt k\u00f6\u015fede yivli kare borulara d\u00f6n\u00fc\u015ft\u00fcrmektir. Makine bir dizi \u00fccretsiz Kal\u0131p ile birlikte gelir, her bir kal\u0131p seti 8 \u00e7ift kal\u0131ptan olu\u015fur, Makine otomatik mod\u00fclasyon i\u015flevine sahiptir ve yuvarlak boru, kal\u0131b\u0131n ekstr\u00fczyonu yoluyla m\u00fc\u015fteri taraf\u0131ndan istenen \u015fekle ekstr\u00fcde edilir.<\/p>\n<p><strong>TEKN\u0130K PARAMETRE<br \/>\nModeli:LC-FSG76<\/strong><br \/>\n<b>Malzeme: Yuvarlak boru<br \/>\n\u00c7al\u0131\u015fma yetene\u011fi:<\/b>Yuvarlak boru \u2264\u03c660mm Kal\u0131nl\u0131k\u22642mm<br \/>\n<strong>G\u00fc\u00e7:<\/strong> 4KW<br \/>\n<strong>Gerilim:<\/strong> 220V\/380V\/415V 50HZ<br \/>\n<strong>Ambalaj Boyutu:<\/strong> 2500\u00d7710\u00d71420mm<br \/>\n<strong>KB (kg):<\/strong> 1200<br \/>\n<strong>A\u011f\u0131rl\u0131k (kg):<\/strong> 1300<\/p>","protected":false},"featured_media":880,"template":"","meta":{"_kad_post_transparent":"default","_kad_post_title":"hide","_kad_post_layout":"fullwidth","_kad_post_sidebar_id":"","_kad_post_content_style":"unboxed","_kad_post_vertical_padding":"hide","_kad_post_feature":"hide","_kad_post_feature_position":"","_kad_post_header":false,"_kad_post_footer":false},"product_brand":[],"product_cat":[29,19],"product_tag":[356,47,357,359,358,360,361,362,363,367,364,366,365,111],"class_list":{"0":"post-863","1":"product","2":"type-product","3":"status-publish","4":"has-post-thumbnail","6":"product_cat-electric-wrought-iron-processing-machine","7":"product_cat-cold-rolling-embossing-machine","8":"product_tag-aotomatic-handrail-pipe-forming-machine","9":"product_tag-cold-rolling-embossing-machine","10":"product_tag-handrail-dies-catalogue","11":"product_tag-handrail-making-machine","12":"product_tag-handrail-pipe-forming-machine","13":"product_tag-handrail-roll-forming-machine-made-in-china","14":"product_tag-handrails-making-machine","15":"product_tag-stainless-steel-handrail-tube-roll-forming-machine","16":"product_tag-stainless-steel-round-pipe-making-machine-for-stair-handrail","17":"product_tag-stair-handrail-stainless-steel-pipe-bending-machine","18":"product_tag-steel-handrail-roll-forming-machine","19":"product_tag-tube-mill-equipment","20":"product_tag-tube-mill-equipment-tube-production-line","21":"product_tag-wrought-iron-machine","23":"first","24":"instock","25":"shipping-taxable","26":"product-type-simple","27":"entry","28":"content-bg","29":"loop-entry"},"_links":{"self":[{"href":"https:\/\/zzlcmachinery.com\/tr\/wp-json\/wp\/v2\/product\/863","targetHints":{"allow":["GET"]}}],"collection":[{"href":"https:\/\/zzlcmachinery.com\/tr\/wp-json\/wp\/v2\/product"}],"about":[{"href":"https:\/\/zzlcmachinery.com\/tr\/wp-json\/wp\/v2\/types\/product"}],"version-history":[{"count":0,"href":"https:\/\/zzlcmachinery.com\/tr\/wp-json\/wp\/v2\/product\/863\/revisions"}],"wp:featuredmedia":[{"embeddable":true,"href":"https:\/\/zzlcmachinery.com\/tr\/wp-json\/wp\/v2\/media\/880"}],"wp:attachment":[{"href":"https:\/\/zzlcmachinery.com\/tr\/wp-json\/wp\/v2\/media?parent=863"}],"wp:term":[{"taxonomy":"product_brand","embeddable":true,"href":"https:\/\/zzlcmachinery.com\/tr\/wp-json\/wp\/v2\/product_brand?post=863"},{"taxonomy":"product_cat","embeddable":true,"href":"https:\/\/zzlcmachinery.com\/tr\/wp-json\/wp\/v2\/product_cat?post=863"},{"taxonomy":"product_tag","embeddable":true,"href":"https:\/\/zzlcmachinery.com\/tr\/wp-json\/wp\/v2\/product_tag?post=863"}],"curies":[{"name":"wp","href":"https:\/\/api.w.org\/{rel}","templated":true}]}}