{"id":834,"date":"2022-11-04T22:29:01","date_gmt":"2022-11-04T14:29:01","guid":{"rendered":"https:\/\/zzlcmachinery.com\/?post_type=product&#038;p=834"},"modified":"2022-11-26T00:47:30","modified_gmt":"2022-11-25T16:47:30","slug":"lc120-hydraulic-decorative-iron-pipe-iron-tube-twisting-machine","status":"publish","type":"product","link":"https:\/\/zzlcmachinery.com\/tr\/urun\/lc120-hydraulic-decorative-iron-pipe-iron-tube-twisting-machine\/","title":{"rendered":"LC120 Hidrolik Dekoratif Demir Boru Demir Boru B\u00fck\u00fcm Makinesi"},"content":{"rendered":"","protected":false},"excerpt":{"rendered":"<p>Bu LC120 Hidrolik dekoratif demir boru demir boru b\u00fckme makinesi sadece yuvarlak borular\u0131 i\u015flemek i\u00e7in kullan\u0131l\u0131r. Makinenin i\u015flevi, yuvarlak borular i\u015flendikten sonra \u00e7e\u015fitli desenlerin g\u00f6r\u00fcn\u00fcm\u00fcnde yatmaktad\u0131r. Bu yar\u0131 mamul \u00fcr\u00fcnler a\u011f\u0131rl\u0131kl\u0131 olarak kap\u0131, pencere, merdiven ve korkuluklar\u0131n korkuluk ve iskelet desteklerinde kullan\u0131lmaktad\u0131r. Sadece g\u00fczel de\u011filler, ayn\u0131 zamanda \u00e7ok g\u00fc\u00e7l\u00fcler, kullan\u0131lan malzemeler yuvarlak borulard\u0131r, bu nedenle masif kap\u0131 ve pencereler ve korkuluklarla kar\u015f\u0131la\u015ft\u0131r\u0131ld\u0131\u011f\u0131nda maliyet 50%-80%&#039;den daha fazla azal\u0131r. B\u00fcy\u00fck \u00f6l\u00e7ekte kap\u0131 ve pencere i\u015fleten demirci d\u00fckkanlar\u0131 i\u00e7in \u00e7ok uygundur. Bu boru b\u00fck\u00fcm makinesi, 60-120 mm \u00e7ap\u0131ndaki yuvarlak borular\u0131 i\u015flemek i\u00e7in kullan\u0131l\u0131r. Yuvarlak borular, i\u015flendikten sonra yuvarlak borular, kare borular, 6 k\u00f6\u015feli borular, 12 k\u00f6\u015feli borular, 16 k\u00f6\u015feli borular vb. haline getirilebilir. Bu i\u015flenmi\u015f borular, esas olarak makinenin tekrar tekrar b\u00fck\u00fclmesiyle yap\u0131lan \u00e7e\u015fitli desen \u015fekillerine de sahip olabilir. Desenin yo\u011funlu\u011fu ve desenin derinli\u011fi, hidrolik sistem ve limit anahtarlar\u0131 ayarlanarak elde edilebilir.<br \/>\nYuvarlak borunun kal\u0131nl\u0131\u011f\u0131n\u0131n 2,5 mm&#039;yi ge\u00e7memesine \u00f6zellikle dikkat edilmelidir.<br \/>\nKare boruya d\u00f6n\u00fc\u015fen yuvarlak boruyu \u00f6rnek olarak al\u0131n, \u03c6 50mm\uff0c \u03c660mm\uff0c \u03c676mm\uff0c \u03c6 89mm\uff0c \u03c6114mm \u00e7ap\u0131ndaki yuvarlak boruyu kare boruya \u00e7evirin \u53e3 40mm \u53e3 50mm \u53e3 60mm \u53e3 70mm \u53e3 90mm)<br \/>\n24 saat \u00e7evrimi\u00e7i hizmet, Herhangi bir sorunuz varsa bize bildirin!<br \/>\n<strong>TEKN\u0130K PARAMETRE<br \/>\n<\/strong><strong>Modeli:LC-JKLG120<br \/>\n\u0130\u015fleme malzemesi: Yuvarlak boru\u2264\u03a6120mmx3mm<br \/>\nBitmi\u015f \u00fcr\u00fcn\u00fcn boyutlar\u0131:<\/strong><br \/>\n<strong>Yuvarlak boru<\/strong>\u2264\u03a6120mmx2.5mm<br \/>\n<strong>D\u00fcz boru<\/strong> \u2264 90x60x2,5 mm<br \/>\n<strong>Kare boru<\/strong>\u226440x40x2,5-90x90x2,5mm<br \/>\n<strong style=\"font-family: var(--global-body-font-family);\">G\u00fc\u00e7:<\/strong><span style=\"font-family: var(--global-body-font-family);\"> 11.7KW<br \/>\n<\/span><strong>\u00dccretsiz kal\u0131plar i\u00e7in:<\/strong>6 tak\u0131m<br \/>\n<strong>Gerilim:<\/strong>\u00a0220V\/380V\/415V<br \/>\n<strong>Ambalaj Boyutu:<\/strong>800*1200*700mm<strong><br \/>\n<\/strong><strong>KB (kg):<\/strong> 2500\u00a0 \u00a0 <strong>A\u011f\u0131rl\u0131k (kg):<\/strong> 2550<\/p>","protected":false},"featured_media":861,"template":"","meta":{"_kad_post_transparent":"default","_kad_post_title":"","_kad_post_layout":"default","_kad_post_sidebar_id":"","_kad_post_content_style":"default","_kad_post_vertical_padding":"default","_kad_post_feature":"","_kad_post_feature_position":"","_kad_post_header":false,"_kad_post_footer":false},"product_brand":[],"product_cat":[20,31],"product_tag":[350,353,354,339,349,343,355,351,352,111,347],"class_list":{"0":"post-834","1":"product","2":"type-product","3":"status-publish","4":"has-post-thumbnail","6":"product_cat-wrought-iron-twisting-machine","7":"product_cat-electric-pipe-twisting-machine","8":"product_tag-decorate-metal-pipe-tube-twist-wrought-iron-machine","9":"product_tag-decorative-pipe-tube-twisting-machine-pipe-threading-machine","10":"product_tag-factory-hot-sell-automatic-round-stainless-steel-pipe-twisting-machine","11":"product_tag-fully-automatic-multi-functional-round-tube-twisting-machine","12":"product_tag-iron-pipe-stainless-steel-pipe-tube-drawing-machine","13":"product_tag-ornamental-wrought-iron-round-pipe-twisting-making-machine","14":"product_tag-pipe-twisting-machine-for-wrought-iron","15":"product_tag-ss-tube-twisting-design-machine-wrought-iron-threading-pipe-machinery-price","16":"product_tag-tube-twisting-machine-spiral-twist-threading-round-metal-pipes-rotary-swaging-equipments","17":"product_tag-wrought-iron-machine","18":"product_tag-wrought-iron-tube-twisting-machine-for-steel-pipe","20":"first","21":"instock","22":"featured","23":"shipping-taxable","24":"product-type-simple","25":"entry","26":"content-bg","27":"loop-entry"},"_links":{"self":[{"href":"https:\/\/zzlcmachinery.com\/tr\/wp-json\/wp\/v2\/product\/834","targetHints":{"allow":["GET"]}}],"collection":[{"href":"https:\/\/zzlcmachinery.com\/tr\/wp-json\/wp\/v2\/product"}],"about":[{"href":"https:\/\/zzlcmachinery.com\/tr\/wp-json\/wp\/v2\/types\/product"}],"version-history":[{"count":0,"href":"https:\/\/zzlcmachinery.com\/tr\/wp-json\/wp\/v2\/product\/834\/revisions"}],"wp:featuredmedia":[{"embeddable":true,"href":"https:\/\/zzlcmachinery.com\/tr\/wp-json\/wp\/v2\/media\/861"}],"wp:attachment":[{"href":"https:\/\/zzlcmachinery.com\/tr\/wp-json\/wp\/v2\/media?parent=834"}],"wp:term":[{"taxonomy":"product_brand","embeddable":true,"href":"https:\/\/zzlcmachinery.com\/tr\/wp-json\/wp\/v2\/product_brand?post=834"},{"taxonomy":"product_cat","embeddable":true,"href":"https:\/\/zzlcmachinery.com\/tr\/wp-json\/wp\/v2\/product_cat?post=834"},{"taxonomy":"product_tag","embeddable":true,"href":"https:\/\/zzlcmachinery.com\/tr\/wp-json\/wp\/v2\/product_tag?post=834"}],"curies":[{"name":"wp","href":"https:\/\/api.w.org\/{rel}","templated":true}]}}