{"id":832,"date":"2022-11-04T20:23:29","date_gmt":"2022-11-04T12:23:29","guid":{"rendered":"https:\/\/zzlcmachinery.com\/?post_type=product&#038;p=832"},"modified":"2022-11-26T00:47:32","modified_gmt":"2022-11-25T16:47:32","slug":"lc-jklg60-aotumatic-multi-function-round-pipe-twisting-machine","status":"publish","type":"product","link":"https:\/\/zzlcmachinery.com\/tr\/urun\/lc-jklg60-aotumatic-multi-function-round-pipe-twisting-machine\/","title":{"rendered":"LC-JKLG60 Otomatik \u00c7ok Fonksiyonlu Yuvarlak Boru B\u00fck\u00fcm Makinas\u0131"},"content":{"rendered":"","protected":false},"excerpt":{"rendered":"<p>Bu LC-JKLG60 Aotumatic \u00e7ok i\u015flevli yuvarlak boru b\u00fckme makinesi, farkl\u0131 kal\u0131nl\u0131k ve desenlere sahip spiral yuvarlak borular\u0131, \u00e7izgi kare borular\u0131, yass\u0131 borular\u0131 \u00e7ekebilir ve i\u015fleyebilir.<br \/>\nMakine, \u00e7ap\u0131 60 mm&#039;den fazla olmayan ve kal\u0131nl\u0131\u011f\u0131 1,2 mm&#039;den az olan yuvarlak borular\u0131 spiral borulara \u00fcretebilir ve i\u015fleyebilir. Yuvarlak boru, kare boru, 6 k\u00f6\u015fe boru, 8 k\u00f6\u015fe boru, 16 k\u00f6\u015fe boru ve di\u011fer desenlere d\u00f6n\u00fc\u015ft\u00fcr\u00fclebilir.<br \/>\n\u00c7ekme makinesi paslanmaz \u00e7elikte \u00e7e\u015fitli desenleri \u00f6zel kal\u0131plar alt\u0131nda i\u015fleyebilir. \u0130\u015flenen malzeme sadece g\u00f6r\u00fcn\u00fc\u015fte g\u00fczel, dayan\u0131kl\u0131 ve g\u00fc\u00e7l\u00fc de\u011fil, ayn\u0131 zamanda i\u00e7i bo\u015f oldu\u011fu i\u00e7in de. Malzeme, kat\u0131 malzemenin malzeme maliyetinin iki kat\u0131 olacakt\u0131r. Kap\u0131lar\u0131, pencereleri, merdivenleri, korkuluklar\u0131 ve \u00e7itleri i\u015flemek i\u00e7in vazge\u00e7ilmez bir makinedir.<br \/>\n24 saat \u00e7evrimi\u00e7i hizmet, Herhangi bir sorunuz varsa bize bildirin!<br \/>\n<strong>TEKN\u0130K PARAMETRE<br \/>\n<\/strong><strong>Modeli:LC-JKLG60<br \/>\n\u0130\u015fleme malzemesi: Yuvarlak boru\u2264\u03a660mmx1.2mm<br \/>\nBitmi\u015f \u00fcr\u00fcn\u00fcn boyutlar\u0131:<\/strong><br \/>\nYuvarlak<strong> t\u00fcp<\/strong>\u2264\u03a660mmx1.2mm<br \/>\nYass\u0131 boru \u2264 60x30x1,2 mm<br \/>\nKare boru\u226415x15x1.2-60x60x1.2mm<br \/>\n<strong style=\"font-family: var(--global-body-font-family);\">G\u00fc\u00e7:<\/strong><span style=\"font-family: var(--global-body-font-family);\"> 7.5KW<br \/>\n<\/span><strong>\u00dccretsiz kal\u0131plar i\u00e7in:<\/strong>6 tak\u0131m<br \/>\n<strong>Gerilim:<\/strong>\u00a0220V\/380V\/415V<br \/>\n<strong>Ambalaj Boyutu:<\/strong>800*1200*700mm<strong><br \/>\n<\/strong><strong>KB (kg):<\/strong> 1100\u00a0 \u00a0 \u00a0<strong>A\u011f\u0131rl\u0131k (kg):<\/strong> 1150<\/p>","protected":false},"featured_media":848,"template":"","meta":{"_kad_post_transparent":"default","_kad_post_title":"","_kad_post_layout":"default","_kad_post_sidebar_id":"","_kad_post_content_style":"default","_kad_post_vertical_padding":"default","_kad_post_feature":"","_kad_post_feature_position":"","_kad_post_header":false,"_kad_post_footer":false},"product_brand":[],"product_cat":[20,31,29],"product_tag":[333,334,335,336,337,338,339,340,341,342,343,344,348,345,346,347],"class_list":{"0":"post-832","1":"product","2":"type-product","3":"status-publish","4":"has-post-thumbnail","6":"product_cat-wrought-iron-twisting-machine","7":"product_cat-electric-pipe-twisting-machine","8":"product_cat-electric-wrought-iron-processing-machine","9":"product_tag-aotumatic-multi-function-round-pipe-twisting-machine","10":"product_tag-automatic-rod-pipe-twisting-machine-equipment-with-best-price","11":"product_tag-automatic-tube-threading-pipe-twisting-machine","12":"product_tag-electric-metal-twisting-machine-twist-forming-metal-gate-door-processing-equipment","13":"product_tag-factory-hot-sale-automatic-round-stainless-steel-pipe-twisting-machine","14":"product_tag-finished-products-by-pipe-twisting-machine-2","15":"product_tag-fully-automatic-multi-functional-round-tube-twisting-machine","16":"product_tag-metal-wrought-iron-pipe-twisting-machine-with-factory-price","17":"product_tag-moulds-for-pipe-twisting-machine","18":"product_tag-new-automatic-round-pipe-twisting-machine-for-square-pipe-twisting-shape","19":"product_tag-ornamental-wrought-iron-round-pipe-twisting-making-machine","20":"product_tag-pipe-embossing-and-stretching-machine","21":"product_tag-round-pipe-twisting-machine","22":"product_tag-stainless-steel-pipe-twisting-forming-machine-with-square-pipe-twisting-shape","23":"product_tag-wrought-iron-pipe-twist-and-bend-machine-copper-pipe-twisting-machine","24":"product_tag-wrought-iron-tube-twisting-machine-for-steel-pipe","26":"first","27":"instock","28":"featured","29":"shipping-taxable","30":"product-type-simple","31":"entry","32":"content-bg","33":"loop-entry"},"_links":{"self":[{"href":"https:\/\/zzlcmachinery.com\/tr\/wp-json\/wp\/v2\/product\/832","targetHints":{"allow":["GET"]}}],"collection":[{"href":"https:\/\/zzlcmachinery.com\/tr\/wp-json\/wp\/v2\/product"}],"about":[{"href":"https:\/\/zzlcmachinery.com\/tr\/wp-json\/wp\/v2\/types\/product"}],"version-history":[{"count":0,"href":"https:\/\/zzlcmachinery.com\/tr\/wp-json\/wp\/v2\/product\/832\/revisions"}],"wp:featuredmedia":[{"embeddable":true,"href":"https:\/\/zzlcmachinery.com\/tr\/wp-json\/wp\/v2\/media\/848"}],"wp:attachment":[{"href":"https:\/\/zzlcmachinery.com\/tr\/wp-json\/wp\/v2\/media?parent=832"}],"wp:term":[{"taxonomy":"product_brand","embeddable":true,"href":"https:\/\/zzlcmachinery.com\/tr\/wp-json\/wp\/v2\/product_brand?post=832"},{"taxonomy":"product_cat","embeddable":true,"href":"https:\/\/zzlcmachinery.com\/tr\/wp-json\/wp\/v2\/product_cat?post=832"},{"taxonomy":"product_tag","embeddable":true,"href":"https:\/\/zzlcmachinery.com\/tr\/wp-json\/wp\/v2\/product_tag?post=832"}],"curies":[{"name":"wp","href":"https:\/\/api.w.org\/{rel}","templated":true}]}}