{"id":807,"date":"2022-11-01T20:30:06","date_gmt":"2022-11-01T12:30:06","guid":{"rendered":"https:\/\/zzlcmachinery.com\/?post_type=product&#038;p=807"},"modified":"2022-11-22T14:55:42","modified_gmt":"2022-11-22T06:55:42","slug":"lc-dk-hydraulic-folding-welding-spot-square-buckle-machine-for-forging-handrail","status":"publish","type":"product","link":"https:\/\/zzlcmachinery.com\/tr\/urun\/lc-dk-hydraulic-folding-welding-spot-square-buckle-machine-for-forging-handrail\/","title":{"rendered":"K\u00fcpe\u015fte D\u00f6vme i\u00e7in LC-DK Hidrolik Katlan\u0131r Kaynak Punta Kare Toka Makinesi"},"content":{"rendered":"","protected":false},"excerpt":{"rendered":"<p>Bu LC-DK hidrolik katlan\u0131r kaynak nokta kare toka makinesi, hidrolik yar\u0131 otomatik bir sarma tokas\u0131 ekipman\u0131d\u0131r. Hidrolik sistem ana itici g\u00fc\u00e7t\u00fcr. A\u011f\u0131rl\u0131kl\u0131 olarak ferforje standart par\u00e7alar\u0131n ve merdiven korkuluklar\u0131n\u0131n kaynak yerinde sarma g\u00f6revini yerine getirir. Avrupa tarz\u0131 sanatsal metal i\u015fleme i\u00e7in olmazsa olmaz bir makine.<br \/>\nBu makinenin iki \u00e7al\u0131\u015fma modu vard\u0131r: yava\u015f i\u015fleme ve otomatik i\u015fleme. Jog i\u015fleme, tokalar\u0131 a\u011f\u0131r \u00e7ekimde i\u015fleyebilir. Esas olarak standart par\u00e7alar\u0131n ve toka se\u00e7iminin makine hata ay\u0131klamas\u0131 ve hata ay\u0131klamas\u0131 i\u00e7in kullan\u0131l\u0131r. Otomatik i\u015fleme i\u015flevi s\u00fcrekli olarak tokala\u015fabilir, zamandan ve i\u015f\u00e7ilikten tasarruf sa\u011flar.<br \/>\nBu makinenin i\u015flevi, ge\u00e7mi\u015ften farkl\u0131 olarak d\u00fc\u011fmenin \u0131s\u0131nmamas\u0131 i\u00e7in kaynak noktas\u0131n\u0131 d\u00fc\u011fme \u00e7eli\u011fi ile paketlemektir. H\u0131zl\u0131 ve verimli \u00f6zellikler, demir \u00fcretim hatt\u0131nda y\u00fcksek bir itibara sahiptir.<br \/>\n24 saat \u00e7evrimi\u00e7i hizmet, Herhangi bir sorunuz varsa bize bildirin!<br \/>\n<strong>TEKN\u0130K PARAMETRE<br \/>\n<\/strong><strong>Model :LC-DK<br \/>\n\u0130\u015fleme Malzemesi: Yumu\u015fak \u00e7elik<br \/>\n\u0130\u015fleme Tokas\u0131n\u0131n Boyutu:<\/strong>\u00a0\u226436x20mm<br \/>\n<strong>G\u00fc\u00e7:<\/strong> 2.2KW<br \/>\n<strong>\u00dccretsiz \u00f6l\u00fcr: 4 set<\/strong><br \/>\n<strong>Gerilim:<\/strong>\u00a0220V\/380V\/415V<br \/>\n<strong>Ambalaj Boyutu:<\/strong> 860\u00d7780\u00d71480mm<br \/>\n<strong>KB (kg):<\/strong> 550\u00a0 \u00a0 \u00a0<strong>A\u011f\u0131rl\u0131k (kg):<\/strong> 600<\/p>","protected":false},"featured_media":809,"template":"","meta":{"_kad_post_transparent":"default","_kad_post_title":"","_kad_post_layout":"default","_kad_post_sidebar_id":"","_kad_post_content_style":"default","_kad_post_vertical_padding":"default","_kad_post_feature":"","_kad_post_feature_position":"","_kad_post_header":false,"_kad_post_footer":false},"product_brand":[],"product_cat":[29],"product_tag":[320,318,319,321,111,322],"class_list":{"0":"post-807","1":"product","2":"type-product","3":"status-publish","4":"has-post-thumbnail","6":"product_cat-electric-wrought-iron-processing-machine","7":"product_tag-hydraulic-folding-welding-spot-square-buckle-machine-for-forging-handrail","8":"product_tag-hydraulic-wrought-iron-folding-square-buckle-machine-for-fence-staircase-welding-spot","9":"product_tag-hydraulic-wrought-iron-forging-handrail-welding-spot-square-buckle-machine","10":"product_tag-welding-buckle-machine-for-wrought-iron","11":"product_tag-wrought-iron-machine","12":"product_tag-wrought-iron-metal-buckle-machine","14":"first","15":"instock","16":"shipping-taxable","17":"product-type-simple","18":"entry","19":"content-bg","20":"loop-entry"},"_links":{"self":[{"href":"https:\/\/zzlcmachinery.com\/tr\/wp-json\/wp\/v2\/product\/807","targetHints":{"allow":["GET"]}}],"collection":[{"href":"https:\/\/zzlcmachinery.com\/tr\/wp-json\/wp\/v2\/product"}],"about":[{"href":"https:\/\/zzlcmachinery.com\/tr\/wp-json\/wp\/v2\/types\/product"}],"version-history":[{"count":0,"href":"https:\/\/zzlcmachinery.com\/tr\/wp-json\/wp\/v2\/product\/807\/revisions"}],"wp:featuredmedia":[{"embeddable":true,"href":"https:\/\/zzlcmachinery.com\/tr\/wp-json\/wp\/v2\/media\/809"}],"wp:attachment":[{"href":"https:\/\/zzlcmachinery.com\/tr\/wp-json\/wp\/v2\/media?parent=807"}],"wp:term":[{"taxonomy":"product_brand","embeddable":true,"href":"https:\/\/zzlcmachinery.com\/tr\/wp-json\/wp\/v2\/product_brand?post=807"},{"taxonomy":"product_cat","embeddable":true,"href":"https:\/\/zzlcmachinery.com\/tr\/wp-json\/wp\/v2\/product_cat?post=807"},{"taxonomy":"product_tag","embeddable":true,"href":"https:\/\/zzlcmachinery.com\/tr\/wp-json\/wp\/v2\/product_tag?post=807"}],"curies":[{"name":"wp","href":"https:\/\/api.w.org\/{rel}","templated":true}]}}