{"id":766,"date":"2022-11-01T00:17:04","date_gmt":"2022-10-31T16:17:04","guid":{"rendered":"https:\/\/zzlcmachinery.com\/?post_type=product&#038;p=766"},"modified":"2022-11-22T15:10:56","modified_gmt":"2022-11-22T07:10:56","slug":"w12-professional-manual-scroll-bending-tool-with-12-free-dies-for-wrought-iron","status":"publish","type":"product","link":"https:\/\/zzlcmachinery.com\/tr\/urun\/w12-professional-manual-scroll-bending-tool-with-12-free-dies-for-wrought-iron\/","title":{"rendered":"Ferforje i\u00e7in 12 \u00dccretsiz Kal\u0131pl\u0131 W12 Profesyonel Manuel Kayd\u0131rma B\u00fckme Aleti"},"content":{"rendered":"","protected":false},"excerpt":{"rendered":"<p>Bu LC-W12 profesyonel manuel kayd\u0131rmal\u0131 b\u00fckme aleti, ferforje i\u00e7in 12 \u00fccretsiz kal\u0131p ile yass\u0131 demir, kare \u00e7elik ve yuvarlak \u00e7eli\u011fi &quot;S&quot;, &quot;C&quot; ve &quot;P&quot; \u015feklinde i\u015flemek i\u00e7in bir DIY el aletidir.<br \/>\nBu manuel b\u00fckme makinesi, b\u00fckme makinesinde en fazla kal\u0131ba sahip bir dizi b\u00fckme makinesi olan 12 set serbest b\u00fckme kal\u0131b\u0131na sahiptir. Bu avantaj, \u015f\u00fcphesiz makinenin i\u015fleme aral\u0131\u011f\u0131n\u0131 b\u00fcy\u00fck \u00f6l\u00e7\u00fcde art\u0131rmakta ve tamamlanabilecek desen \u00e7e\u015fitlerini zenginle\u015ftirmektedir. Ev yap\u0131m\u0131 metal DIY ve demirci d\u00fckkan\u0131n\u0131n erken a\u015famas\u0131 i\u00e7in gerekli olan bir dizi manuel b\u00fckme makinesidir.<br \/>\nBu makine sadece \u00e7i\u00e7ek b\u00fckme i\u015flevine sahiptir, &quot;S&quot;, &quot;C&quot; ve &quot;P&quot; \u015feklindeki yass\u0131 demir, kare \u00e7elik ve yuvarlak \u00e7eli\u011fi b\u00fckebilir.<br \/>\n24 saat \u00e7evrimi\u00e7i hizmet, Herhangi bir sorunuz varsa bize bildirin!<br \/>\n<strong>TEKN\u0130K PARAMETRE<br \/>\n<\/strong><strong>Modeli:LC-W12<br \/>\nYass\u0131 demir\u00a0<\/strong> \u00a0 \u22645mm*30mm<br \/>\n<strong>yuvarlak \u00e7elik<\/strong> \u2264\u03a610mm<br \/>\n<strong>kare \u00e7elik<\/strong> \u226410mm*10mm<br \/>\n<strong>G\u00fc\u00e7:<\/strong> Manuel<br \/>\n<strong>Ambalaj Boyutu:<\/strong> 200\u00d7200\u00d7400mm<br \/>\n<strong>KB (kg):<\/strong>45<br \/>\n<strong>A\u011f\u0131rl\u0131k (kg):50<\/strong><\/p>","protected":false},"featured_media":776,"template":"","meta":{"_kad_post_transparent":"default","_kad_post_title":"","_kad_post_layout":"default","_kad_post_sidebar_id":"","_kad_post_content_style":"default","_kad_post_vertical_padding":"default","_kad_post_feature":"","_kad_post_feature_position":"","_kad_post_header":false,"_kad_post_footer":false},"product_brand":[],"product_cat":[33,34],"product_tag":[281,282,253,280,268,277,279,278,239,176],"class_list":{"0":"post-766","1":"product","2":"type-product","3":"status-publish","4":"has-post-thumbnail","6":"product_cat-manual-wrounght-iron-processing-tools","7":"product_cat-manual-scroll-bender","8":"product_tag-bending-machine-for-sale","9":"product_tag-buy-manual-scroll-bending-machine","10":"product_tag-buy-wrought-iron-scroll-bender","11":"product_tag-dies-for-w12-manual-scroll-bending-machine","12":"product_tag-diy-metal-working-tools","13":"product_tag-manual-scroll-bender","14":"product_tag-manual-steel-scroll-bending-tools","15":"product_tag-professional-manual-metal-scroll-bending-tool-with-12-sets-free-dies-for-wrought-iron","16":"product_tag-scroll-bender-machine-for-flat-iron-round-pipe-square-steel-square-tube","17":"product_tag-wrought-iron-scroll-bender-for-sale","19":"first","20":"instock","21":"shipping-taxable","22":"product-type-simple","23":"entry","24":"content-bg","25":"loop-entry"},"_links":{"self":[{"href":"https:\/\/zzlcmachinery.com\/tr\/wp-json\/wp\/v2\/product\/766","targetHints":{"allow":["GET"]}}],"collection":[{"href":"https:\/\/zzlcmachinery.com\/tr\/wp-json\/wp\/v2\/product"}],"about":[{"href":"https:\/\/zzlcmachinery.com\/tr\/wp-json\/wp\/v2\/types\/product"}],"version-history":[{"count":0,"href":"https:\/\/zzlcmachinery.com\/tr\/wp-json\/wp\/v2\/product\/766\/revisions"}],"wp:featuredmedia":[{"embeddable":true,"href":"https:\/\/zzlcmachinery.com\/tr\/wp-json\/wp\/v2\/media\/776"}],"wp:attachment":[{"href":"https:\/\/zzlcmachinery.com\/tr\/wp-json\/wp\/v2\/media?parent=766"}],"wp:term":[{"taxonomy":"product_brand","embeddable":true,"href":"https:\/\/zzlcmachinery.com\/tr\/wp-json\/wp\/v2\/product_brand?post=766"},{"taxonomy":"product_cat","embeddable":true,"href":"https:\/\/zzlcmachinery.com\/tr\/wp-json\/wp\/v2\/product_cat?post=766"},{"taxonomy":"product_tag","embeddable":true,"href":"https:\/\/zzlcmachinery.com\/tr\/wp-json\/wp\/v2\/product_tag?post=766"}],"curies":[{"name":"wp","href":"https:\/\/api.w.org\/{rel}","templated":true}]}}