{"id":748,"date":"2022-10-31T16:14:20","date_gmt":"2022-10-31T08:14:20","guid":{"rendered":"https:\/\/zzlcmachinery.com\/?post_type=product&#038;p=748"},"modified":"2022-11-22T15:17:33","modified_gmt":"2022-11-22T07:17:33","slug":"lc-w9-china-factory-seller-manual-scroll-bender-for-sale","status":"publish","type":"product","link":"https:\/\/zzlcmachinery.com\/tr\/urun\/lc-w9-china-factory-seller-manual-scroll-bender-for-sale\/","title":{"rendered":"Sat\u0131l\u0131k LC-W9 \u00c7in Fabrika Sat\u0131c\u0131 Manuel Kayd\u0131rma B\u00fck\u00fcc\u00fc"},"content":{"rendered":"","protected":false},"excerpt":{"rendered":"<p>Sat\u0131l\u0131k LC-W9 \u00c7in fabrika sat\u0131c\u0131 manuel kayd\u0131rma b\u00fck\u00fcc\u00fc, metal kesmek, metali b\u00fckmek ve b\u00fckmek i\u00e7in bir DIY el aletidir. Manuel kayd\u0131rmal\u0131 b\u00fck\u00fcc\u00fc, yass\u0131 demir, kare \u00e7elik ve yuvarlak \u00e7eli\u011fi i\u015flemek i\u00e7in kullan\u0131labilir. \u201cS\u201d, \u201cC\u201d ve \u201cP\u201d \u015feklindeki yass\u0131 demir, kare \u00e7elik ve yuvarlak \u00e7eli\u011fi b\u00fckebilir. Ayr\u0131ca d\u00f6rt telli \u00e7i\u00e7ek sepetleri yapma i\u015flevini de ger\u00e7ekle\u015ftirebilir. Bu ara\u00e7 seti, farkl\u0131 i\u015flevlere sahip 9 ara\u00e7tan olu\u015fur<br \/>\nMetal malzemeyi b\u00fckmek i\u00e7in 6 b\u00fckme aleti \u201cS\u201d \u201cC\u201d \u201cP\u201d deseni<br \/>\nMetal malzemeleri kesmek i\u00e7in 1 kesici alet<br \/>\n\u00c7i\u00e7ek sepeti i\u015flevi yapmak i\u00e7in 1 b\u00fck\u00fcm aleti<br \/>\n1 \u00f6zel \u015fekilli alet, metali pah k\u0131rma, yuvarlama ve yayma i\u015flevlerine sahiptir.<br \/>\n24 saat \u00e7evrimi\u00e7i hizmet, Herhangi bir sorunuz varsa bize bildirin!<br \/>\n<strong>TEKN\u0130K PARAMETRE<br \/>\n<\/strong><strong>Modeli:LC-W9<br \/>\nYass\u0131 Demir: \u226440*6mm,<br \/>\nYuvarlak \u00c7elik: \u2264\u03c612mm,<br \/>\nKare \u00c7elik: \u226416*16mm<\/strong><br \/>\n<strong>G\u00fc\u00e7:<\/strong> Manuel<br \/>\n<strong>Ambalaj Boyutu:<\/strong> 500\u00d7500\u00d7500mm<br \/>\n<strong>KB (kg):<\/strong>80<br \/>\n<strong>A\u011f\u0131rl\u0131k (kg):80<\/strong><\/p>","protected":false},"featured_media":752,"template":"","meta":{"_kad_post_transparent":"default","_kad_post_title":"","_kad_post_layout":"default","_kad_post_sidebar_id":"","_kad_post_content_style":"default","_kad_post_vertical_padding":"default","_kad_post_feature":"","_kad_post_feature_position":"","_kad_post_header":false,"_kad_post_footer":false},"product_brand":[],"product_cat":[33,34],"product_tag":[260,270,268,258,262,261,264,267,269,259,263,266,265],"class_list":{"0":"post-748","1":"product","2":"type-product","3":"status-publish","4":"has-post-thumbnail","6":"product_cat-manual-wrounght-iron-processing-tools","7":"product_cat-manual-scroll-bender","8":"product_tag-buy-metal-craft-tool","9":"product_tag-diy-homework-metal-craft-processing-tools","10":"product_tag-diy-metal-working-tools","11":"product_tag-ellsen-wrought-iron-machinery-factory","12":"product_tag-iron-manual-scroll-bender","13":"product_tag-manual-metal-craft-scroll-bending-tools","14":"product_tag-manual-steel-scroll-bending-machine","15":"product_tag-metalcraft-tool-set-master","16":"product_tag-scroll-former-tool-metalcraft","17":"product_tag-steel-bender","18":"product_tag-steel-scroll-bender","19":"product_tag-wrought-iron-equiment","20":"product_tag-wrought-iron-metal-scroll-bender","22":"first","23":"instock","24":"shipping-taxable","25":"product-type-simple","26":"entry","27":"content-bg","28":"loop-entry"},"_links":{"self":[{"href":"https:\/\/zzlcmachinery.com\/tr\/wp-json\/wp\/v2\/product\/748","targetHints":{"allow":["GET"]}}],"collection":[{"href":"https:\/\/zzlcmachinery.com\/tr\/wp-json\/wp\/v2\/product"}],"about":[{"href":"https:\/\/zzlcmachinery.com\/tr\/wp-json\/wp\/v2\/types\/product"}],"version-history":[{"count":0,"href":"https:\/\/zzlcmachinery.com\/tr\/wp-json\/wp\/v2\/product\/748\/revisions"}],"wp:featuredmedia":[{"embeddable":true,"href":"https:\/\/zzlcmachinery.com\/tr\/wp-json\/wp\/v2\/media\/752"}],"wp:attachment":[{"href":"https:\/\/zzlcmachinery.com\/tr\/wp-json\/wp\/v2\/media?parent=748"}],"wp:term":[{"taxonomy":"product_brand","embeddable":true,"href":"https:\/\/zzlcmachinery.com\/tr\/wp-json\/wp\/v2\/product_brand?post=748"},{"taxonomy":"product_cat","embeddable":true,"href":"https:\/\/zzlcmachinery.com\/tr\/wp-json\/wp\/v2\/product_cat?post=748"},{"taxonomy":"product_tag","embeddable":true,"href":"https:\/\/zzlcmachinery.com\/tr\/wp-json\/wp\/v2\/product_tag?post=748"}],"curies":[{"name":"wp","href":"https:\/\/api.w.org\/{rel}","templated":true}]}}