{"id":735,"date":"2022-10-30T23:50:58","date_gmt":"2022-10-30T15:50:58","guid":{"rendered":"https:\/\/zzlcmachinery.com\/?post_type=product&#038;p=735"},"modified":"2023-02-09T20:03:43","modified_gmt":"2023-02-09T12:03:43","slug":"lc-hd14pro-electric-multifunction-wrought-iron-ornamental-scroll-bender","status":"publish","type":"product","link":"https:\/\/zzlcmachinery.com\/tr\/urun\/lc-hd14pro-electric-multifunction-wrought-iron-ornamental-scroll-bender\/","title":{"rendered":"LC-HD14Pro Elektrikli \u00c7ok Fonksiyonlu Ferforje S\u00fcs Kayd\u0131rma B\u00fck\u00fcc\u00fc"},"content":{"rendered":"","protected":false},"excerpt":{"rendered":"<p>LC-HD14Pro elektrikli \u00e7ok i\u015flevli ferforje s\u00fcs kayd\u0131rma b\u00fck\u00fcc\u00fc,<br \/>\nteknik entegrasyon ve modifikasyon yoluyla, bu manuel b\u00fckme makinesi, orijinal k\u00fc\u00e7\u00fck i\u015fleme kapasitesinden art\u0131k elektrikli makinelerle kar\u015f\u0131la\u015ft\u0131r\u0131labilecek i\u015fleme kapasitesine de\u011fi\u015fen \u00e7ok i\u015flevli bir manuel b\u00fckme makinesinde birden fazla orijinal manuel b\u00fckme makinesini birle\u015ftirir. \u00dcr\u00fcn\u00fcn do\u011frulu\u011funu ve g\u00fcc\u00fcn\u00fc art\u0131r\u0131n ve yayg\u0131n, kullan\u0131m\u0131 kolay, enerji tasarrufu sa\u011flayan ve \u00e7evre dostu olan k\u0131lavuzlar, ekipman kal\u0131plar\u0131 ve elektrikli b\u00fckme makinesi kal\u0131plar\u0131 vard\u0131r.<br \/>\nBu \u00fcr\u00fcn kare \u00e7elik, kare boru, yass\u0131 demir, yuvarlak \u00e7elik, yuvarlak boru P, S, C \u015feklinde i\u015fleyebilir, bu modeller i\u015fleme, kap\u0131lar, merdivenler, \u00e7itler, ferforje mobilyalar vb. makine, demirci kariyerinin ilk a\u015famas\u0131 i\u00e7in kesinlikle iyi bir se\u00e7imdir.<br \/>\n24 saat \u00e7evrimi\u00e7i hizmet, Herhangi bir sorunuz varsa bize bildirin!<br \/>\n<strong>TEKN\u0130K PARAMETRE<br \/>\n<\/strong><strong>Modeli:LC-HD14Pro<br \/>\nYass\u0131 Demir:<\/strong>\u226430*6mm<br \/>\n<strong>Yuvarlak \u00c7elik:<\/strong> \u2264\u03c614mm<br \/>\n<strong>Kare \u00c7elik:<\/strong>\u226414*14mm<br \/>\n<strong>Kare boru:<\/strong>\u226414*14mm<br \/>\n<strong>Yuvarlak Boru:<\/strong>\u2264\u03c619mm<br \/>\n<strong>G\u00fc\u00e7:<\/strong> Manuel<br \/>\n<strong>Ambalaj Boyutu:<\/strong> 600\u00d7600\u00d7600mm<br \/>\n<strong>KB (kg):<\/strong>50<br \/>\n<strong>A\u011f\u0131rl\u0131k (kg):<\/strong>55<\/p>","protected":false},"featured_media":736,"template":"","meta":{"_kad_post_transparent":"default","_kad_post_title":"","_kad_post_layout":"default","_kad_post_sidebar_id":"","_kad_post_content_style":"default","_kad_post_vertical_padding":"default","_kad_post_feature":"","_kad_post_feature_position":"","_kad_post_header":false,"_kad_post_footer":false},"product_brand":[],"product_cat":[33,27,34],"product_tag":[232,235,243,49,242,182,234,240,241,239,238,185,192,194,189,111,176,193],"class_list":{"0":"post-735","1":"product","2":"type-product","3":"status-publish","4":"has-post-thumbnail","6":"product_cat-manual-wrounght-iron-processing-tools","7":"product_cat-electric-scroll-bending-machine","8":"product_cat-manual-scroll-bender","9":"product_tag-buy-metal-scroll-bender","10":"product_tag-buy-metal-tube-bender-with-free-dies","11":"product_tag-buy-scroll-bending-machine","12":"product_tag-electric-scroll-bending-machine","13":"product_tag-electric-wrought-iron-scroll-bender-making-machine","14":"product_tag-iron-pattern-bender","15":"product_tag-metal-tube-bender","16":"product_tag-mutifunction-ornamental-iron-tube-scroll-bending-machine-for-sale","17":"product_tag-ornamental-scroll","18":"product_tag-scroll-bender-machine-for-flat-iron-round-pipe-square-steel-square-tube","19":"product_tag-scroll-bender-tools","20":"product_tag-scroll-bending-machine-for-sale","21":"product_tag-scroll-making-machine","22":"product_tag-scroll-pattern-bender-equipment","23":"product_tag-scroll-pattern-bending-machine","24":"product_tag-wrought-iron-machine","25":"product_tag-wrought-iron-scroll-bender-for-sale","26":"product_tag-wrought-iron-scrolling-bending-machine","28":"first","29":"instock","30":"shipping-taxable","31":"product-type-simple","32":"entry","33":"content-bg","34":"loop-entry"},"_links":{"self":[{"href":"https:\/\/zzlcmachinery.com\/tr\/wp-json\/wp\/v2\/product\/735","targetHints":{"allow":["GET"]}}],"collection":[{"href":"https:\/\/zzlcmachinery.com\/tr\/wp-json\/wp\/v2\/product"}],"about":[{"href":"https:\/\/zzlcmachinery.com\/tr\/wp-json\/wp\/v2\/types\/product"}],"version-history":[{"count":0,"href":"https:\/\/zzlcmachinery.com\/tr\/wp-json\/wp\/v2\/product\/735\/revisions"}],"wp:featuredmedia":[{"embeddable":true,"href":"https:\/\/zzlcmachinery.com\/tr\/wp-json\/wp\/v2\/media\/736"}],"wp:attachment":[{"href":"https:\/\/zzlcmachinery.com\/tr\/wp-json\/wp\/v2\/media?parent=735"}],"wp:term":[{"taxonomy":"product_brand","embeddable":true,"href":"https:\/\/zzlcmachinery.com\/tr\/wp-json\/wp\/v2\/product_brand?post=735"},{"taxonomy":"product_cat","embeddable":true,"href":"https:\/\/zzlcmachinery.com\/tr\/wp-json\/wp\/v2\/product_cat?post=735"},{"taxonomy":"product_tag","embeddable":true,"href":"https:\/\/zzlcmachinery.com\/tr\/wp-json\/wp\/v2\/product_tag?post=735"}],"curies":[{"name":"wp","href":"https:\/\/api.w.org\/{rel}","templated":true}]}}