{"id":727,"date":"2022-10-30T20:46:07","date_gmt":"2022-10-30T12:46:07","guid":{"rendered":"https:\/\/zzlcmachinery.com\/?post_type=product&#038;p=727"},"modified":"2022-11-22T15:27:33","modified_gmt":"2022-11-22T07:27:33","slug":"lc-hd14-multifunction-wrought-iron-ornamental-scroll-bender","status":"publish","type":"product","link":"https:\/\/zzlcmachinery.com\/tr\/urun\/lc-hd14-multifunction-wrought-iron-ornamental-scroll-bender\/","title":{"rendered":"LC-HD14 Manuel Metal El Sanatlar\u0131 Ev Yap\u0131m\u0131 Kayd\u0131rma B\u00fck\u00fcc\u00fc"},"content":{"rendered":"","protected":false},"excerpt":{"rendered":"<p>LC-HD14 manuel metal zanaat ev yap\u0131m\u0131 kayd\u0131rma b\u00fck\u00fcc\u00fc, teknik entegrasyon ve modifikasyon yoluyla, bu manuel b\u00fckme makinesi, birden fazla orijinal manuel b\u00fckme makinesini, orijinal k\u00fc\u00e7\u00fck i\u015fleme kapasitesinden i\u015fleme kapasitesine de\u011fi\u015fen \u00e7ok i\u015flevli bir manuel b\u00fckme makinesinde birle\u015ftirir. \u015fimdi elektrikli makinelerinkiyle kar\u015f\u0131la\u015ft\u0131r\u0131labilir. \u00dcr\u00fcn\u00fcn do\u011frulu\u011funu ve g\u00fcc\u00fcn\u00fc art\u0131r\u0131n ve yayg\u0131n, kullan\u0131m\u0131 kolay, enerji tasarrufu sa\u011flayan ve \u00e7evre dostu olan k\u0131lavuzlar, ekipman kal\u0131plar\u0131 ve elektrikli b\u00fckme makinesi kal\u0131plar\u0131 vard\u0131r.<br \/>\nBu \u00fcr\u00fcn kare \u00e7elik, kare boru, yass\u0131 demir, yuvarlak \u00e7elik, yuvarlak boru P, S, C \u015feklinde i\u015fleyebilir, bu modeller i\u015fleme, kap\u0131lar, merdivenler, \u00e7itler, ferforje mobilyalar vb. makine, demirci kariyerinin ilk a\u015famas\u0131 i\u00e7in kesinlikle iyi bir se\u00e7imdir.<br \/>\n24 saat \u00e7evrimi\u00e7i hizmet, Herhangi bir sorunuz varsa bize bildirin!<br \/>\n<strong>TEKN\u0130K PARAMETRE<br \/>\n<\/strong><strong>Modeli:LC-HD14<br \/>\nYass\u0131 Demir:<\/strong>\u226430*6mm<br \/>\n<strong>Yuvarlak \u00c7elik:<\/strong> \u2264\u03c614mm<br \/>\n<strong>Kare \u00c7elik:<\/strong>\u226414*14mm<br \/>\n<strong>Kare boru:<\/strong>\u226414*14mm<br \/>\n<strong>Yuvarlak Boru:<\/strong>\u2264\u03c619mm<br \/>\n<strong>G\u00fc\u00e7:<\/strong> Manuel<br \/>\n<strong>Ambalaj Boyutu:<\/strong> 600\u00d7600\u00d7600mm<br \/>\n<strong>KB (kg):<\/strong>50<br \/>\n<strong>A\u011f\u0131rl\u0131k (kg):<\/strong>55<\/p>","protected":false},"featured_media":729,"template":"","meta":{"_kad_post_transparent":"default","_kad_post_title":"","_kad_post_layout":"default","_kad_post_sidebar_id":"","_kad_post_content_style":"default","_kad_post_vertical_padding":"default","_kad_post_feature":"","_kad_post_feature_position":"","_kad_post_header":false,"_kad_post_footer":false},"product_brand":[],"product_cat":[33,34],"product_tag":[232,235,49,182,237,236,231,233,234,238,185,192,194,189,111,193],"class_list":{"0":"post-727","1":"product","2":"type-product","3":"status-publish","4":"has-post-thumbnail","6":"product_cat-manual-wrounght-iron-processing-tools","7":"product_cat-manual-scroll-bender","8":"product_tag-buy-metal-scroll-bender","9":"product_tag-buy-metal-tube-bender-with-free-dies","10":"product_tag-electric-scroll-bending-machine","11":"product_tag-iron-pattern-bender","12":"product_tag-manual-metal-craft-homemade-scroll-bender","13":"product_tag-manual-metal-craft-tools-for-sale","14":"product_tag-manual-metal-scroll-bender","15":"product_tag-manual-metal-scroll-wrought-iron-craft-bending","16":"product_tag-metal-tube-bender","17":"product_tag-scroll-bender-tools","18":"product_tag-scroll-bending-machine-for-sale","19":"product_tag-scroll-making-machine","20":"product_tag-scroll-pattern-bender-equipment","21":"product_tag-scroll-pattern-bending-machine","22":"product_tag-wrought-iron-machine","23":"product_tag-wrought-iron-scrolling-bending-machine","25":"first","26":"instock","27":"shipping-taxable","28":"product-type-simple","29":"entry","30":"content-bg","31":"loop-entry"},"_links":{"self":[{"href":"https:\/\/zzlcmachinery.com\/tr\/wp-json\/wp\/v2\/product\/727","targetHints":{"allow":["GET"]}}],"collection":[{"href":"https:\/\/zzlcmachinery.com\/tr\/wp-json\/wp\/v2\/product"}],"about":[{"href":"https:\/\/zzlcmachinery.com\/tr\/wp-json\/wp\/v2\/types\/product"}],"version-history":[{"count":0,"href":"https:\/\/zzlcmachinery.com\/tr\/wp-json\/wp\/v2\/product\/727\/revisions"}],"wp:featuredmedia":[{"embeddable":true,"href":"https:\/\/zzlcmachinery.com\/tr\/wp-json\/wp\/v2\/media\/729"}],"wp:attachment":[{"href":"https:\/\/zzlcmachinery.com\/tr\/wp-json\/wp\/v2\/media?parent=727"}],"wp:term":[{"taxonomy":"product_brand","embeddable":true,"href":"https:\/\/zzlcmachinery.com\/tr\/wp-json\/wp\/v2\/product_brand?post=727"},{"taxonomy":"product_cat","embeddable":true,"href":"https:\/\/zzlcmachinery.com\/tr\/wp-json\/wp\/v2\/product_cat?post=727"},{"taxonomy":"product_tag","embeddable":true,"href":"https:\/\/zzlcmachinery.com\/tr\/wp-json\/wp\/v2\/product_tag?post=727"}],"curies":[{"name":"wp","href":"https:\/\/api.w.org\/{rel}","templated":true}]}}