{"id":708,"date":"2022-10-29T23:52:18","date_gmt":"2022-10-29T15:52:18","guid":{"rendered":"https:\/\/zzlcmachinery.com\/?post_type=product&#038;p=708"},"modified":"2022-11-22T15:31:38","modified_gmt":"2022-11-22T07:31:38","slug":"lc-jkdn25c-wrought-iron-metal-twisting-machine","status":"publish","type":"product","link":"https:\/\/zzlcmachinery.com\/tr\/urun\/lc-jkdn25c-wrought-iron-metal-twisting-machine\/","title":{"rendered":"LC-JKDN25C Ferforje Metal B\u00fck\u00fcm Makinas\u0131"},"content":{"rendered":"","protected":false},"excerpt":{"rendered":"<p>LC-JKDN25C ferforje metal b\u00fck\u00fcm makinesi demirci i\u00e7in kap\u0131lar, \u00e7itler, korkuluklar, merdivenler, mobilyalar, demir yataklar, sandalyeler ve masalar, d\u00f6vme demir \u00e7ubuklar, par\u00e7alar, \u00e7elenk ba\u015flar\u0131 yapmak i\u00e7in \u00f6nemli bir makinedir. B\u00fck\u00fcm makinesi, orijinal elektrikli b\u00fck\u00fcm makinesi temelinde teknolojiyi geli\u015ftirir. Makine program\u0131, t\u00fcm \u00fcr\u00fcnleri ayn\u0131 tutarak otomatik olarak d\u00fczeltilir, b\u00f6ylece seri \u00fcretim amac\u0131na ula\u015fabilir, LC-JKDN25C bu makine sadece b\u00fck\u00fcm b\u00fckme i\u015flevine sahiptir.<br \/>\nMakineyi iyile\u015ftirdikten sonra. Bu makine, vin\u00e7 mekanizmas\u0131 ile orijinal punta aras\u0131nda serbest\u00e7e ge\u00e7i\u015f yapabilir. D\u00f6ner arka koltu\u011fun teleskopik k\u0131zak ray\u0131n\u0131 s\u00f6k\u00fcn ve ard\u0131ndan \u00e7i\u00e7ek sepetini d\u00f6nd\u00fcrmek i\u00e7in orijinal elektrik prizine ba\u011flamak \u00fczere \u00e7i\u00e7ek sepeti mekanizmas\u0131n\u0131 itin. Bu nedenle, m\u00fc\u015fteriler b\u00fct\u00e7e s\u0131n\u0131rl\u0131 oldu\u011funda bu makineyi d\u00fc\u015f\u00fcnebilir ve b\u00fct\u00e7e yeterli oldu\u011funda, \u00e7i\u00e7ek sepeti b\u00fck\u00fcm makinesi i\u015flevini elde etmek i\u00e7in kal\u0131p takviyesi yap\u0131labilir.<br \/>\nSadece \u00e7ubuk kraker \u015feklini de\u011fil, ayn\u0131 zamanda \u00e7i\u00e7ek sepetlerini (ku\u015f kafesleri) de b\u00fckebilirsiniz.<br \/>\nKal\u0131p, 9 set kal\u0131p sa\u011flamak i\u00e7in makine ile birlikte gelir.<br \/>\n24 saat \u00e7evrimi\u00e7i hizmet, Herhangi bir sorunuz varsa bize bildirin!<br \/>\n<strong>TEKN\u0130K PARAMETRE<br \/>\n<\/strong><strong>Modeli:LC-JKDN25C<br \/>\nMaksimum \u00c7al\u0131\u015fma Kabiliyeti :<\/strong> Uzunluk\u2264200-800 mm<br \/>\n<strong>kare \u00e7elik<\/strong> \u226425\u00d725 mm<br \/>\n<strong>Yass\u0131 demir<\/strong> \u226480x10mm<br \/>\n<strong>G\u00fc\u00e7:<\/strong> 5.2KW<br \/>\n<strong>\u00dccretsiz kal\u0131plar i\u00e7in:<\/strong>6 tak\u0131m kare \u00e7elik kal\u0131plar, 3 tak\u0131m yass\u0131 demir kal\u0131plar<br \/>\n<strong>Gerilim:<\/strong>\u00a0220V\/380V\/415V<br \/>\n<strong>Ambalaj Boyutu:<\/strong> 1400\u00d7620\u00d71100mm<br \/>\n<strong>KB (kg):<\/strong> 480\u00a0 \u00a0 \u00a0 <strong>A\u011f\u0131rl\u0131k (kg):<\/strong> 550<\/p>","protected":false},"featured_media":721,"template":"","meta":{"_kad_post_transparent":"default","_kad_post_title":"","_kad_post_layout":"default","_kad_post_sidebar_id":"","_kad_post_content_style":"default","_kad_post_vertical_padding":"default","_kad_post_feature":"","_kad_post_feature_position":"","_kad_post_header":false,"_kad_post_footer":false},"product_brand":[],"product_cat":[20,29],"product_tag":[196,230,229,204,197,209],"class_list":{"0":"post-708","1":"product","2":"type-product","3":"status-publish","4":"has-post-thumbnail","6":"product_cat-wrought-iron-twisting-machine","7":"product_cat-electric-wrought-iron-processing-machine","8":"product_tag-automatic-wrought-iron-twisting-machine","9":"product_tag-electric-metal-twisting-machine","10":"product_tag-finished-product-of-wrought-iron-twisting-machine","11":"product_tag-multifunctional-wrought-iron-machine","12":"product_tag-twisting-machine-at-best-price-in-china","13":"product_tag-wrought-iron-twist-machine","15":"first","16":"instock","17":"shipping-taxable","18":"product-type-simple","19":"entry","20":"content-bg","21":"loop-entry"},"_links":{"self":[{"href":"https:\/\/zzlcmachinery.com\/tr\/wp-json\/wp\/v2\/product\/708","targetHints":{"allow":["GET"]}}],"collection":[{"href":"https:\/\/zzlcmachinery.com\/tr\/wp-json\/wp\/v2\/product"}],"about":[{"href":"https:\/\/zzlcmachinery.com\/tr\/wp-json\/wp\/v2\/types\/product"}],"version-history":[{"count":0,"href":"https:\/\/zzlcmachinery.com\/tr\/wp-json\/wp\/v2\/product\/708\/revisions"}],"wp:featuredmedia":[{"embeddable":true,"href":"https:\/\/zzlcmachinery.com\/tr\/wp-json\/wp\/v2\/media\/721"}],"wp:attachment":[{"href":"https:\/\/zzlcmachinery.com\/tr\/wp-json\/wp\/v2\/media?parent=708"}],"wp:term":[{"taxonomy":"product_brand","embeddable":true,"href":"https:\/\/zzlcmachinery.com\/tr\/wp-json\/wp\/v2\/product_brand?post=708"},{"taxonomy":"product_cat","embeddable":true,"href":"https:\/\/zzlcmachinery.com\/tr\/wp-json\/wp\/v2\/product_cat?post=708"},{"taxonomy":"product_tag","embeddable":true,"href":"https:\/\/zzlcmachinery.com\/tr\/wp-json\/wp\/v2\/product_tag?post=708"}],"curies":[{"name":"wp","href":"https:\/\/api.w.org\/{rel}","templated":true}]}}