{"id":707,"date":"2022-10-29T23:51:51","date_gmt":"2022-10-29T15:51:51","guid":{"rendered":"https:\/\/zzlcmachinery.com\/?post_type=product&#038;p=707"},"modified":"2022-11-22T15:34:49","modified_gmt":"2022-11-22T07:34:49","slug":"lc-jkdn25e-electric-8-wires-basket-twisting-machine-iron-craft-bird-cage-making-machine-wrought-iron-machine","status":"publish","type":"product","link":"https:\/\/zzlcmachinery.com\/tr\/urun\/lc-jkdn25e-electric-8-wires-basket-twisting-machine-iron-craft-bird-cage-making-machine-wrought-iron-machine\/","title":{"rendered":"LC-JKDN25E Elektrikli 8 Telli Sepet B\u00fck\u00fcm Makinesi Demir Zanaat Ku\u015f Kafesi Yapma Makinesi Ferforje Makinesi"},"content":{"rendered":"","protected":false},"excerpt":{"rendered":"<p>LC-JKDN25E Elektrikli 8 telli sepet b\u00fckme makinesi demir zanaat ku\u015f kafesi yapma makinesi ferforje makinesi, \u00e7ok telli ku\u015f kafeslerini i\u015flemek i\u00e7in \u00f6zel olarak kullan\u0131lan profesyonel bir metal i\u015fleme arac\u0131d\u0131r. 8 telli \u00e7i\u00e7ek sepeti, 4 telli \u00e7i\u00e7ek sepeti ve 12 telli \u00e7i\u00e7ek sepeti (m\u00fc\u015fteriler i\u00e7in \u00f6zelle\u015ftirilebilir bir se\u00e7enek olarak 12 telli \u00e7i\u00e7ek sepeti) i\u015fleyebilir. \u0130\u015fleme s\u0131ras\u0131nda, \u00f6nce 4 veya 8 tel malzemenin i\u015flenmesi gerekir: \u0130\u015flemeden \u00f6nce malzemenin iki ucunun birbirine kaynaklanmas\u0131 gerekir.<br \/>\n\u00d6zellikle 8 telli \u00e7i\u00e7ek sepetlerinin \u00fcretimi i\u015flenmeden \u00f6nce kalsine edilmeli ve so\u011futulmal\u0131d\u0131r ve bitmi\u015f \u00fcr\u00fcn m\u00fckemmeldir. Bu makinenin maksimum i\u015fleme \u00e7ap\u0131 25mm kare \u00e7eliktir. Bu makinenin maksimum i\u015fleme kapasitesi 12 s\u0131ra \u00e7i\u00e7ek sepetidir. Makine rastgele \u00fccretsiz kal\u0131plar sa\u011flar. 5 set \u00e7i\u00e7ek sepeti kal\u0131b\u0131 \u00fccretsiz olarak sa\u011flan\u0131r (8 telli \u00e7i\u00e7ek sepeti ve 4 sepet \u00e7i\u00e7ek sepeti dahil): \u0130\u015fleme kal\u0131b\u0131n\u0131n \u00e7ap\u0131 12 mm, 14 mm, 18 mm, 20 mm&#039;dir. 24 saat \u00e7evrimi\u00e7i hizmet, Varsa bize bildirin herhangi bir sorunuz var!<br \/>\n<strong>TEKN\u0130K PARAMETRE<br \/>\n<\/strong><strong>Modeli:LC-JKDN25D<br \/>\nMaksimum \u00c7al\u0131\u015fma Kabiliyeti :<\/strong> Uzunluk\u2264200-800 mm<br \/>\n<strong>kare \u00e7elik<\/strong> \u226425\u00d725 mm Yuvarlak \u00e7elik :\u03a66mm,\u03a68mm<br \/>\n<strong>Yass\u0131 demir<\/strong> \u226480x10mm<br \/>\n<strong>G\u00fc\u00e7:<\/strong> 5.2KW<br \/>\n<strong>\u00dccretsiz kal\u0131plar i\u00e7in:<\/strong>6 tak\u0131m kare \u00e7elik kal\u0131plar, 3 tak\u0131m yass\u0131 demir kal\u0131plar, 5 tak\u0131m sepet \u00e7i\u00e7ek kal\u0131plar\u0131<br \/>\n<strong>Gerilim:<\/strong>\u00a0220V\/380V\/415V<br \/>\n<strong>Ambalaj Boyutu:<\/strong> 1400\u00d7620\u00d71100mm<br \/>\n<strong>KB (kg):<\/strong> 480\u00a0 \u00a0 \u00a0 <strong>A\u011f\u0131rl\u0131k (kg):<\/strong> 550<\/p>","protected":false},"featured_media":710,"template":"","meta":{"_kad_post_transparent":"default","_kad_post_title":"","_kad_post_layout":"default","_kad_post_sidebar_id":"","_kad_post_content_style":"default","_kad_post_vertical_padding":"default","_kad_post_feature":"","_kad_post_feature_position":"","_kad_post_header":false,"_kad_post_footer":false},"product_brand":[],"product_cat":[20,29],"product_tag":[214,223,221,228,212,210,226,219,211,225,216,220,222,218,227,224,213,215,111,217],"class_list":{"0":"post-707","1":"product","2":"type-product","3":"status-publish","4":"has-post-thumbnail","6":"product_cat-wrought-iron-twisting-machine","7":"product_cat-electric-wrought-iron-processing-machine","8":"product_tag-basket-maker","9":"product_tag-basket-twister","10":"product_tag-buy-basket-making-tool","11":"product_tag-buy-used-wrought-iron-machines","12":"product_tag-electric-4-wires-basket-twisting-machine","13":"product_tag-electric-8-wires-basket-making-machine","14":"product_tag-ellsen-metalcraft-machinery","15":"product_tag-ellsen-ornamental-wrought-iron","16":"product_tag-iron-craft-bird-cage-making-machine","17":"product_tag-metal-bar-twisting-basket-making-machine","18":"product_tag-metal-craft-basket-making-machine","19":"product_tag-metal-craft-making-attachemnt-steel-twister-tool","20":"product_tag-metal-craft-twister-tool","21":"product_tag-metal-twisting-machine","22":"product_tag-metal-twisting-wrought-iron-machine-for-making-wire-basket","23":"product_tag-steel-basket-twist-tool","24":"product_tag-wire-twister-machine","25":"product_tag-wrought-iron-basket-machine","26":"product_tag-wrought-iron-machine","27":"product_tag-wrought-iron-twisting-machine-manufacturers","29":"first","30":"instock","31":"shipping-taxable","32":"product-type-simple","33":"entry","34":"content-bg","35":"loop-entry"},"_links":{"self":[{"href":"https:\/\/zzlcmachinery.com\/tr\/wp-json\/wp\/v2\/product\/707","targetHints":{"allow":["GET"]}}],"collection":[{"href":"https:\/\/zzlcmachinery.com\/tr\/wp-json\/wp\/v2\/product"}],"about":[{"href":"https:\/\/zzlcmachinery.com\/tr\/wp-json\/wp\/v2\/types\/product"}],"version-history":[{"count":0,"href":"https:\/\/zzlcmachinery.com\/tr\/wp-json\/wp\/v2\/product\/707\/revisions"}],"wp:featuredmedia":[{"embeddable":true,"href":"https:\/\/zzlcmachinery.com\/tr\/wp-json\/wp\/v2\/media\/710"}],"wp:attachment":[{"href":"https:\/\/zzlcmachinery.com\/tr\/wp-json\/wp\/v2\/media?parent=707"}],"wp:term":[{"taxonomy":"product_brand","embeddable":true,"href":"https:\/\/zzlcmachinery.com\/tr\/wp-json\/wp\/v2\/product_brand?post=707"},{"taxonomy":"product_cat","embeddable":true,"href":"https:\/\/zzlcmachinery.com\/tr\/wp-json\/wp\/v2\/product_cat?post=707"},{"taxonomy":"product_tag","embeddable":true,"href":"https:\/\/zzlcmachinery.com\/tr\/wp-json\/wp\/v2\/product_tag?post=707"}],"curies":[{"name":"wp","href":"https:\/\/api.w.org\/{rel}","templated":true}]}}