{"id":687,"date":"2022-10-28T18:36:53","date_gmt":"2022-10-28T10:36:53","guid":{"rendered":"https:\/\/zzlcmachinery.com\/?post_type=product&#038;p=687"},"modified":"2022-10-30T18:14:10","modified_gmt":"2022-10-30T10:14:10","slug":"lc-jkdn25d-muliti-function-wrought-iron-metal-twisting-machine-design-for-sale","status":"publish","type":"product","link":"https:\/\/zzlcmachinery.com\/tr\/urun\/lc-jkdn25d-muliti-function-wrought-iron-metal-twisting-machine-design-for-sale\/","title":{"rendered":"Sat\u0131l\u0131k LC-JKDN25D Muliti Fonksiyonlu Ferforje Metal B\u00fck\u00fcm Makinesi Tasar\u0131m\u0131"},"content":{"rendered":"","protected":false},"excerpt":{"rendered":"<p>Sat\u0131l\u0131k LC-JKDN25D Muliti fonksiyonlu ferforje metal b\u00fck\u00fcm makinesi tasar\u0131m\u0131, yass\u0131 demir, kare \u00e7elik, yuvarlak \u00e7elik ve kare boru b\u00fckebilen en \u00e7ok y\u00f6nl\u00fc metal b\u00fck\u00fcm makinesidir. Sadece metal malzemeleri b\u00fck\u00fcm \u015fekline d\u00f6n\u00fc\u015ft\u00fcrmekle kalmaz, ayn\u0131 zamanda birden \u00e7ok kare \u00e7eli\u011fi veya yuvarlak \u00e7eli\u011fi birlikte b\u00fckerek birden \u00e7ok B\u00fck\u00fcm veya sepet \u00e7i\u00e7ek deseni olu\u015fturabilir, kap\u0131 ve pencere korkuluklar\u0131n\u0131n i\u015fleme sanatsal yap\u0131s\u0131n\u0131 b\u00fcy\u00fck \u00f6l\u00e7\u00fcde zenginle\u015ftirir.<br \/>\nMaksimum 25x25mm kare \u00e7eli\u011fi, 30x8mm yass\u0131 demiri b\u00fckebilir, 4 adet \u03a612mm yuvarlak \u00e7eli\u011fi, 4 adet 12x12mm kare \u00e7eli\u011fi s\u0131rayla 4-strant \u00e7i\u00e7ek sepeti \u015feklinde b\u00fckebilir.<br \/>\n4&#039;l\u00fc sepetler, 8&#039;li sepetler ve 12&#039;li sepetler mevcuttur. Sepet \u00e7i\u00e7e\u011fine i\u015flenen malzemeler de \u00e7ok yayg\u0131n olarak 4x4mm, 6x6mm, 7x7mm, 8x8mm boyutlar\u0131nda kare \u00e7elikler ve 6mm \u00e7ap\u0131nda yuvarlak \u00e7eliklerdir. 8 mm.<br \/>\nBu makine 12 tak\u0131m kal\u0131b\u0131 rastgele da\u011f\u0131t\u0131r ve 8&#039;li ve 12&#039;li \u00e7i\u00e7ek sepetleri i\u00e7in kal\u0131plar\u0131n m\u00fc\u015fteriler taraf\u0131ndan sat\u0131n al\u0131nmas\u0131 gerekir.<br \/>\n24 saat \u00e7evrimi\u00e7i hizmet, Herhangi bir sorunuz varsa bize bildirin!<br \/>\n<strong>TEKN\u0130K PARAMETRE<br \/>\n<\/strong><strong>Model :LC-JKDN25D<br \/>\nMaksimum \u00c7al\u0131\u015fma Kabiliyeti :<\/strong> Uzunluk\u2264200-800 mm<br \/>\n<strong>kare \u00e7elik<\/strong> \u226425\u00d725 mm Yuvarlak \u00e7elik :\u03a66mm,\u03a68mm<br \/>\n<strong>Yass\u0131 demir<\/strong> \u226480x10mm<br \/>\n<strong>G\u00fc\u00e7:<\/strong> 5.2KW<br \/>\n<strong>\u00dccretsiz kal\u0131plar i\u00e7in:<\/strong>6 tak\u0131m kare \u00e7elik kal\u0131plar, 3 tak\u0131m yass\u0131 demir kal\u0131plar, 4 tak\u0131m 4-strant sepet \u00e7i\u00e7ek kal\u0131plar\u0131<br \/>\n<strong>Gerilim:<\/strong>\u00a0220V\/380V\/415V<br \/>\n<strong>Ambalaj Boyutu:<\/strong> 1400\u00d7620\u00d71100mm<br \/>\n<strong>KB (kg):<\/strong> 480\u00a0 \u00a0 \u00a0 <strong>A\u011f\u0131rl\u0131k (kg):<\/strong> 550<\/p>","protected":false},"featured_media":690,"template":"","meta":{"_kad_post_transparent":"default","_kad_post_title":"","_kad_post_layout":"default","_kad_post_sidebar_id":"","_kad_post_content_style":"default","_kad_post_vertical_padding":"default","_kad_post_feature":"","_kad_post_feature_position":"","_kad_post_header":false,"_kad_post_footer":false},"product_brand":[],"product_cat":[20,29],"product_tag":[207,208,196,198,206,202,205,200,204,203,197,199,201,209],"class_list":{"0":"post-687","1":"product","2":"type-product","3":"status-publish","4":"has-post-thumbnail","6":"product_cat-wrought-iron-twisting-machine","7":"product_cat-electric-wrought-iron-processing-machine","8":"product_tag-4-strand-flower-basket-electric-twisting-machine","9":"product_tag-8-strand-flower-basket-electric-twisting-machine","10":"product_tag-automatic-wrought-iron-twisting-machine","11":"product_tag-ellsen-wrought-iron-machine","12":"product_tag-flower-ball-twisting-machine-for-wrought-iron","13":"product_tag-high-quality-wrought-iron-twisting-machine","14":"product_tag-muliti-function-wrought-iron-metal-twisting-machine-design","15":"product_tag-multi-function-wrought-iron-machine-for-sale","16":"product_tag-multifunctional-wrought-iron-machine","17":"product_tag-twisting-machine","18":"product_tag-twisting-machine-at-best-price-in-china","19":"product_tag-twisting-machines","20":"product_tag-wrought-iron-metal-twisting-machine-for-sale","21":"product_tag-wrought-iron-twist-machine","23":"first","24":"instock","25":"shipping-taxable","26":"product-type-simple","27":"entry","28":"content-bg","29":"loop-entry"},"_links":{"self":[{"href":"https:\/\/zzlcmachinery.com\/tr\/wp-json\/wp\/v2\/product\/687","targetHints":{"allow":["GET"]}}],"collection":[{"href":"https:\/\/zzlcmachinery.com\/tr\/wp-json\/wp\/v2\/product"}],"about":[{"href":"https:\/\/zzlcmachinery.com\/tr\/wp-json\/wp\/v2\/types\/product"}],"version-history":[{"count":0,"href":"https:\/\/zzlcmachinery.com\/tr\/wp-json\/wp\/v2\/product\/687\/revisions"}],"wp:featuredmedia":[{"embeddable":true,"href":"https:\/\/zzlcmachinery.com\/tr\/wp-json\/wp\/v2\/media\/690"}],"wp:attachment":[{"href":"https:\/\/zzlcmachinery.com\/tr\/wp-json\/wp\/v2\/media?parent=687"}],"wp:term":[{"taxonomy":"product_brand","embeddable":true,"href":"https:\/\/zzlcmachinery.com\/tr\/wp-json\/wp\/v2\/product_brand?post=687"},{"taxonomy":"product_cat","embeddable":true,"href":"https:\/\/zzlcmachinery.com\/tr\/wp-json\/wp\/v2\/product_cat?post=687"},{"taxonomy":"product_tag","embeddable":true,"href":"https:\/\/zzlcmachinery.com\/tr\/wp-json\/wp\/v2\/product_tag?post=687"}],"curies":[{"name":"wp","href":"https:\/\/api.w.org\/{rel}","templated":true}]}}