{"id":670,"date":"2022-10-26T00:24:58","date_gmt":"2022-10-25T16:24:58","guid":{"rendered":"https:\/\/zzlcmachinery.com\/?post_type=product&#038;p=670"},"modified":"2022-11-22T15:47:14","modified_gmt":"2022-11-22T07:47:14","slug":"lc-jk30-program-controlled-pattern-bender-metal-scroll-bending-machine","status":"publish","type":"product","link":"https:\/\/zzlcmachinery.com\/tr\/urun\/lc-jk30-program-controlled-pattern-bender-metal-scroll-bending-machine\/","title":{"rendered":"LC-JK30 Program Kontroll\u00fc Model B\u00fckme Metal Scroll B\u00fckme Makinas\u0131"},"content":{"rendered":"","protected":false},"excerpt":{"rendered":"<p>LC-JK30 Program kontroll\u00fc kal\u0131p b\u00fckme metal kayd\u0131rmal\u0131 b\u00fckme makinesi, kayd\u0131rmal\u0131 b\u00fckme makinesinin bir\u00e7ok modeli aras\u0131nda kral\u0131n zirvesidir. Bu makine, ayn\u0131 tipteki t\u00fcm makineler aras\u0131nda en geni\u015f i\u015fleme aral\u0131\u011f\u0131na sahiptir. Yass\u0131 demir, kare \u00e7elik, yuvarlak \u00e7elik, kare boru, yuvarlak boru i\u015flemek i\u00e7in kullan\u0131labilir ve makine sevk edildi\u011finde makine ile birlikte 6 tak\u0131m dis gelir, bu 6 tak\u0131m kal\u0131plar ile P, S, C kal\u0131plar\u0131 yapabilir maksimum 50 cm \u00e7ap. M\u00fc\u015fteriler kal\u0131plar\u0131 kendi ihtiya\u00e7lar\u0131na g\u00f6re \u00f6zelle\u015ftirebilir. P, S, C desen kal\u0131plar\u0131n\u0131n maksimum \u00e7ap\u0131 100 cm&#039;dir.<br \/>\nMakine bir ayak pedal\u0131 ile donat\u0131lm\u0131\u015ft\u0131r. \u0130\u015flem rahat ve h\u0131zl\u0131d\u0131r ve makine \u00f6\u011frenimi h\u0131zl\u0131 bir \u015fekilde \u00f6\u011frenilir. Her demircinin \u00f6\u011frenmesi i\u00e7in k\u0131lavuzlar ve operasyon videolar\u0131 var<br \/>\n24 saat \u00e7evrimi\u00e7i hizmet, Herhangi bir sorunuz varsa bize bildirin!<br \/>\n<strong>TEKN\u0130K PARAMETRE<br \/>\n<\/strong><strong>Modeli:LC-JK30<br \/>\nYass\u0131 Demir:<\/strong>\u226480x20mm<br \/>\n<strong>Yuvarlak \u00c7elik:<\/strong> \u2264\u03c630mm<br \/>\n<strong>Kare \u00c7elik:<\/strong>\u226430x30mm<br \/>\n<strong>Kare boru:<\/strong>\u226440x40mm Kare Boru Kal\u0131nl\u0131\u011f\u0131\u22644mm<br \/>\n<strong>Yuvarlak Boru:<\/strong>\u2264\u03c642mm Yuvarlak Boru Kal\u0131nl\u0131\u011f\u0131\u22644mm<br \/>\n<strong>\u0130\u015fleme h\u0131z\u0131:<\/strong> 200 adet \/ saat<br \/>\n<strong>G\u00fc\u00e7:<\/strong> 5.5KW<br \/>\n<strong>Gerilim:<\/strong>\u00a0220V\/380V\/415V<br \/>\n<strong>Ambalaj Boyutu:<\/strong> 1000\u00d71500\u00d71800mm<br \/>\n<strong>KB (kg):<\/strong> 750<br \/>\n<strong>A\u011f\u0131rl\u0131k (kg):<\/strong> 800<\/p>","protected":false},"featured_media":683,"template":"","meta":{"_kad_post_transparent":"default","_kad_post_title":"","_kad_post_layout":"default","_kad_post_sidebar_id":"","_kad_post_content_style":"default","_kad_post_vertical_padding":"default","_kad_post_feature":"","_kad_post_feature_position":"","_kad_post_header":false,"_kad_post_footer":false},"product_brand":[],"product_cat":[29,27],"product_tag":[195,191,182,188,187,186,184,183,185,190,192,194,189,111,193],"class_list":{"0":"post-670","1":"product","2":"type-product","3":"status-publish","4":"has-post-thumbnail","6":"product_cat-electric-wrought-iron-processing-machine","7":"product_cat-electric-scroll-bending-machine","8":"product_tag-automatoic-metal-craft-scroll-bender-machine","9":"product_tag-buy-wrought-iron-scroll-bending-machines","10":"product_tag-iron-pattern-bender","11":"product_tag-make-a-metal-scroll-bender","12":"product_tag-metal-craft-scroll-bending-machine-for-sale","13":"product_tag-ornamental-iron-machines","14":"product_tag-program-controiied-scroll-bending-machine","15":"product_tag-program-controlled-pattern-bender-metal-scroll-bending-machine","16":"product_tag-scroll-bending-machine-for-sale","17":"product_tag-scroll-bending-mchinae-programmed-controlled-panels","18":"product_tag-scroll-making-machine","19":"product_tag-scroll-pattern-bender-equipment","20":"product_tag-scroll-pattern-bending-machine","21":"product_tag-wrought-iron-machine","22":"product_tag-wrought-iron-scrolling-bending-machine","24":"first","25":"instock","26":"shipping-taxable","27":"product-type-simple","28":"entry","29":"content-bg","30":"loop-entry"},"_links":{"self":[{"href":"https:\/\/zzlcmachinery.com\/tr\/wp-json\/wp\/v2\/product\/670","targetHints":{"allow":["GET"]}}],"collection":[{"href":"https:\/\/zzlcmachinery.com\/tr\/wp-json\/wp\/v2\/product"}],"about":[{"href":"https:\/\/zzlcmachinery.com\/tr\/wp-json\/wp\/v2\/types\/product"}],"version-history":[{"count":0,"href":"https:\/\/zzlcmachinery.com\/tr\/wp-json\/wp\/v2\/product\/670\/revisions"}],"wp:featuredmedia":[{"embeddable":true,"href":"https:\/\/zzlcmachinery.com\/tr\/wp-json\/wp\/v2\/media\/683"}],"wp:attachment":[{"href":"https:\/\/zzlcmachinery.com\/tr\/wp-json\/wp\/v2\/media?parent=670"}],"wp:term":[{"taxonomy":"product_brand","embeddable":true,"href":"https:\/\/zzlcmachinery.com\/tr\/wp-json\/wp\/v2\/product_brand?post=670"},{"taxonomy":"product_cat","embeddable":true,"href":"https:\/\/zzlcmachinery.com\/tr\/wp-json\/wp\/v2\/product_cat?post=670"},{"taxonomy":"product_tag","embeddable":true,"href":"https:\/\/zzlcmachinery.com\/tr\/wp-json\/wp\/v2\/product_tag?post=670"}],"curies":[{"name":"wp","href":"https:\/\/api.w.org\/{rel}","templated":true}]}}