{"id":664,"date":"2022-10-25T23:47:44","date_gmt":"2022-10-25T15:47:44","guid":{"rendered":"https:\/\/zzlcmachinery.com\/?post_type=product&#038;p=664"},"modified":"2022-11-22T15:50:34","modified_gmt":"2022-11-22T07:50:34","slug":"lc-jk16-diy-wrought-iron-flat-steel-scrolling-bending-machine-metal-scroll-bender","status":"publish","type":"product","link":"https:\/\/zzlcmachinery.com\/tr\/urun\/lc-jk16-diy-wrought-iron-flat-steel-scrolling-bending-machine-metal-scroll-bender\/","title":{"rendered":"LC-JK16 DIY Ferforje Yass\u0131 \u00c7elik Kayd\u0131rma B\u00fckme Makinesi Metal Kayd\u0131rma B\u00fck\u00fcc\u00fc"},"content":{"rendered":"","protected":false},"excerpt":{"rendered":"<p>LC-JK16 DIY ferforje yass\u0131 \u00e7elik kayd\u0131rmal\u0131 b\u00fckme makinesi metal kayd\u0131rmal\u0131 b\u00fck\u00fcc\u00fc ayr\u0131ca C-\u015fekilli, P-\u015fekilli, S-\u015fekilli, U-\u015fekilli sanatsal ferforje desenler yapmak i\u00e7in kullan\u0131l\u0131r ve ayr\u0131ca \u03c650mm, \u03c6,30mm, \u03c620mm engelleme ile donat\u0131lm\u0131\u015ft\u0131r \u00e7e\u015fitli boyutlarda desenlerin i\u015flenmesi i\u00e7in uygun tekerlekler. Aradaki fark, bu kayd\u0131rmal\u0131 b\u00fckme makinesinin sadece yass\u0131 demir, yuvarlak \u00e7elik, kare \u00e7elik de\u011fil, ayn\u0131 zamanda yuvarlak boru ve kare boruyu da i\u015fleyebilmesidir.<br \/>\nBu kayd\u0131rma b\u00fckme makinesi, kal\u0131nl\u0131\u011f\u0131 3 mm&#039;den fazla olmayan 20x20 mm kare boruyu ve 20 mm \u00e7ap\u0131ndaki kare boruyu ve kal\u0131nl\u0131\u011f\u0131 3 mm&#039;den fazla olmayan yuvarlak boruyu i\u015fleyebilir.<br \/>\nMakine \u00fccretsiz olarak 6 tak\u0131m kal\u0131p ile donat\u0131lm\u0131\u015ft\u0131r.<br \/>\n24 saat \u00e7evrimi\u00e7i hizmet, Herhangi bir sorunuz varsa bize bildirin!<br \/>\n<strong>TEKN\u0130K PARAMETRE<br \/>\n<\/strong><strong>Modeli:LC-JK16<br \/>\nYass\u0131 Demir:<\/strong>\u22648\u00d750mm<br \/>\n<strong>Yuvarlak \u00c7elik:<\/strong> \u2264\u03c616mm<br \/>\n<strong>Kare \u00c7elik:<\/strong>\u226416\u00d716mm<br \/>\n<strong>Kare boru:<\/strong>\u226420\u00d720mm Kare T\u00fcp\u22643mm Kal\u0131nl\u0131\u011f\u0131<br \/>\n<strong>Yuvarlak Boru:<\/strong>\u2264\u03c620mm Yuvarlak Boru Kal\u0131nl\u0131\u011f\u0131\u22643mm<br \/>\n<strong>\u0130\u015fleme h\u0131z\u0131:<\/strong> 500 adet \/ saat<br \/>\n<strong>G\u00fc\u00e7:<\/strong> 2.2KW<br \/>\n<strong>Gerilim:<\/strong>\u00a0220V\/380V\/415V<br \/>\n<strong>Ambalaj Boyutu:<\/strong> 800\u00d7600\u00d71200mm<br \/>\n<strong>KB (kg):<\/strong> 350<br \/>\n<strong>A\u011f\u0131rl\u0131k (kg):<\/strong> 400<\/p>","protected":false},"featured_media":673,"template":"","meta":{"_kad_post_transparent":"default","_kad_post_title":"","_kad_post_layout":"default","_kad_post_sidebar_id":"","_kad_post_content_style":"default","_kad_post_vertical_padding":"default","_kad_post_feature":"","_kad_post_feature_position":"","_kad_post_header":false,"_kad_post_footer":false},"product_brand":[],"product_cat":[29,27],"product_tag":[178,180,175,76,49,182,177,179,72,181],"class_list":{"0":"post-664","1":"product","2":"type-product","3":"status-publish","4":"has-post-thumbnail","6":"product_cat-electric-wrought-iron-processing-machine","7":"product_cat-electric-scroll-bending-machine","8":"product_tag-buy-scroll-bender","9":"product_tag-china-wrought-iron-machine-and-metal-craft-machine","10":"product_tag-diy-wrought-iron-flat-steel-scrolling-bending-machine-metal-scroll-bender","11":"product_tag-electric-flat-iron-scroll-bending-machine","12":"product_tag-electric-scroll-bending-machine","13":"product_tag-iron-pattern-bender","14":"product_tag-manual-meta-scroll-bender","15":"product_tag-metal-craft-bending-tools","16":"product_tag-metal-scroll-bender","17":"product_tag-ornamental-iron-machine-manufacturer","19":"first","20":"instock","21":"shipping-taxable","22":"product-type-simple","23":"entry","24":"content-bg","25":"loop-entry"},"_links":{"self":[{"href":"https:\/\/zzlcmachinery.com\/tr\/wp-json\/wp\/v2\/product\/664","targetHints":{"allow":["GET"]}}],"collection":[{"href":"https:\/\/zzlcmachinery.com\/tr\/wp-json\/wp\/v2\/product"}],"about":[{"href":"https:\/\/zzlcmachinery.com\/tr\/wp-json\/wp\/v2\/types\/product"}],"version-history":[{"count":0,"href":"https:\/\/zzlcmachinery.com\/tr\/wp-json\/wp\/v2\/product\/664\/revisions"}],"wp:featuredmedia":[{"embeddable":true,"href":"https:\/\/zzlcmachinery.com\/tr\/wp-json\/wp\/v2\/media\/673"}],"wp:attachment":[{"href":"https:\/\/zzlcmachinery.com\/tr\/wp-json\/wp\/v2\/media?parent=664"}],"wp:term":[{"taxonomy":"product_brand","embeddable":true,"href":"https:\/\/zzlcmachinery.com\/tr\/wp-json\/wp\/v2\/product_brand?post=664"},{"taxonomy":"product_cat","embeddable":true,"href":"https:\/\/zzlcmachinery.com\/tr\/wp-json\/wp\/v2\/product_cat?post=664"},{"taxonomy":"product_tag","embeddable":true,"href":"https:\/\/zzlcmachinery.com\/tr\/wp-json\/wp\/v2\/product_tag?post=664"}],"curies":[{"name":"wp","href":"https:\/\/api.w.org\/{rel}","templated":true}]}}