{"id":653,"date":"2022-10-23T22:37:30","date_gmt":"2022-10-23T14:37:30","guid":{"rendered":"https:\/\/zzlcmachinery.com\/?post_type=product&#038;p=653"},"modified":"2022-11-22T15:52:22","modified_gmt":"2022-11-22T07:52:22","slug":"china-manufacture-metalcraft-hytraulic-moulder-wrought-iron-machine","status":"publish","type":"product","link":"https:\/\/zzlcmachinery.com\/tr\/urun\/cin-uretim-metal-zanaat-hidrolik-kalip-dovme-demir-makinesi\/","title":{"rendered":"\u00c7in \u00dcretimi Metalcraft Hidrolik Kal\u0131p\u00e7\u0131 Ferforje Makinesi"},"content":{"rendered":"","protected":false},"excerpt":{"rendered":"<p>LCYY16 \u00c7in fabrika fiyat\u0131 ile metalcraft hytraulic kal\u0131p\u00e7\u0131 ferforje makinesi \u00fcretmektedir, Bu hidrolik \u015fekillendirme makinesi \u015fu anda metal i\u015fleme end\u00fcstrisindeki en i\u015flevsel hidroform makinesidir. Yass\u0131 demir, yuvarlak \u00e7elik ve kare \u00e7elik i\u015fleme temelinde, kare borular\u0131 ve yuvarlak borular\u0131 da i\u015fleyebilir. \u0130\u015fleme malzemelerinin artmas\u0131, \u015fekillendirme kal\u0131plar\u0131n\u0131n \u00e7e\u015fitlili\u011fini daha da geni\u015fletebilir. Bu metal zanaat hidrolik kal\u0131p\u00e7\u0131, kare \u00e7elik, yuvarlak \u00e7elik, yass\u0131 demir, yuvarlak boru ve kare boruyu ayn\u0131 anda daire, yay ve a\u00e7\u0131 gibi farkl\u0131 \u015fekillerde ekstr\u00fcde edebilir.<br \/>\nAyak pedal\u0131n\u0131n bu ekipman\u0131, makinenin operat\u00f6r\u00fcn\u00fcn ellerini serbest b\u0131rakabilir, i\u015f verimlili\u011fini art\u0131rabilir, i\u015f\u00e7ilikten tasarruf edebilir ve rahat ve basit kullan\u0131m, h\u0131zl\u0131 bir \u015fekilde ba\u015flaman\u0131za izin verebilir.<br \/>\nA\u015f\u0131nd\u0131r\u0131c\u0131 aletin de\u011fi\u015ftirilmesi 5 dakikada tamamlanabilmekte ve m\u00fc\u015fteri taraf\u0131ndan 4 tak\u0131m kal\u0131p se\u00e7ilebilmektedir.<br \/>\nHidrolik kal\u0131p\u00e7\u0131, 4 set serbest kal\u0131b\u0131 k\u0131rmak i\u00e7in ona rastgele e\u015flik eder (1 set a\u00e7\u0131l\u0131 b\u00fckme ve yuvarlak kal\u0131plar kaynatmak i\u00e7in, 1 set ark do\u011frultma ve hizalama, 2 set \u015fekillendirme kal\u0131b\u0131) ve m\u00fc\u015fterilerin se\u00e7ebilece\u011fi kal\u0131plar vard\u0131r.<br \/>\n24 saat \u00e7evrimi\u00e7i hizmet, Herhangi bir sorunuz varsa bize bildirin!<br \/>\n<strong>TEKN\u0130K PARAMETRE<br \/>\n<\/strong><strong>Modeli:LC-YY16<br \/>\nMaksimum \u00c7al\u0131\u015fma Kabiliyeti :<\/strong> Yass\u0131 demir\u226410x50mm<br \/>\nYuvarlak \u00e7elik \u2264\u03a616mm Kare \u00e7elik\u226416x16mm<br \/>\nYuvarlak boru\u2264\u03a680mm Kare boru\u226480x80mm<br \/>\n<strong>G\u00fc\u00e7:<\/strong>7.5KW<br \/>\n<strong>Gerilim:<\/strong>\u00a0220V\/380V\/415V<br \/>\n<strong>Ambalaj Boyutu:<\/strong> 1300\u00d7700\u00d71400mm<br \/>\n<strong>KB (kg):<\/strong> 780\u00a0 \u00a0 \u00a0 <strong>A\u011f\u0131rl\u0131k (kg):<\/strong> 850<\/p>","protected":false},"featured_media":659,"template":"","meta":{"_kad_post_transparent":"default","_kad_post_title":"","_kad_post_layout":"default","_kad_post_sidebar_id":"","_kad_post_content_style":"default","_kad_post_vertical_padding":"default","_kad_post_feature":"","_kad_post_feature_position":"","_kad_post_header":false,"_kad_post_footer":false},"product_brand":[],"product_cat":[29,23],"product_tag":[172,133,174,131,173,171,129,51,111],"class_list":{"0":"post-653","1":"product","2":"type-product","3":"status-publish","4":"has-post-thumbnail","6":"product_cat-electric-wrought-iron-processing-machine","7":"product_cat-wrought-iron-hydraulic-moulder","8":"product_tag-blacksmith-equipment","9":"product_tag-buy-metal-craft-hydraulic-moulder","10":"product_tag-china-iron-moulder","11":"product_tag-hydraulic-bending-machine","12":"product_tag-hydraulic-moulder-lanchen-reputable-wrought-iron-supplier","13":"product_tag-lc-yy16-china-manufacture-metalcraft-hytraulic-moulder-wrought-iron-machine","14":"product_tag-metal-craft-hydraulic-moulder","15":"product_tag-wrought-iron-bending-machine","16":"product_tag-wrought-iron-machine","18":"first","19":"instock","20":"shipping-taxable","21":"product-type-simple","22":"entry","23":"content-bg","24":"loop-entry"},"_links":{"self":[{"href":"https:\/\/zzlcmachinery.com\/tr\/wp-json\/wp\/v2\/product\/653","targetHints":{"allow":["GET"]}}],"collection":[{"href":"https:\/\/zzlcmachinery.com\/tr\/wp-json\/wp\/v2\/product"}],"about":[{"href":"https:\/\/zzlcmachinery.com\/tr\/wp-json\/wp\/v2\/types\/product"}],"version-history":[{"count":0,"href":"https:\/\/zzlcmachinery.com\/tr\/wp-json\/wp\/v2\/product\/653\/revisions"}],"wp:featuredmedia":[{"embeddable":true,"href":"https:\/\/zzlcmachinery.com\/tr\/wp-json\/wp\/v2\/media\/659"}],"wp:attachment":[{"href":"https:\/\/zzlcmachinery.com\/tr\/wp-json\/wp\/v2\/media?parent=653"}],"wp:term":[{"taxonomy":"product_brand","embeddable":true,"href":"https:\/\/zzlcmachinery.com\/tr\/wp-json\/wp\/v2\/product_brand?post=653"},{"taxonomy":"product_cat","embeddable":true,"href":"https:\/\/zzlcmachinery.com\/tr\/wp-json\/wp\/v2\/product_cat?post=653"},{"taxonomy":"product_tag","embeddable":true,"href":"https:\/\/zzlcmachinery.com\/tr\/wp-json\/wp\/v2\/product_tag?post=653"}],"curies":[{"name":"wp","href":"https:\/\/api.w.org\/{rel}","templated":true}]}}