{"id":645,"date":"2022-10-23T16:57:20","date_gmt":"2022-10-23T08:57:20","guid":{"rendered":"https:\/\/zzlcmachinery.com\/?post_type=product&#038;p=645"},"modified":"2022-11-22T15:55:02","modified_gmt":"2022-11-22T07:55:02","slug":"electric-decorative-metal-craft-wrought-iron-fishtail-making-machine","status":"publish","type":"product","link":"https:\/\/zzlcmachinery.com\/tr\/urun\/electric-decorative-metal-craft-wrought-iron-fishtail-making-machine\/","title":{"rendered":"Elektrikli Dekoratif Metal Zanaat Ferforje Bal\u0131k Kuyru\u011fu Yapma Makinesi"},"content":{"rendered":"","protected":false},"excerpt":{"rendered":"<p>LC-YW16 Elektrikli dekoratif metal zanaat ferforje bal\u0131k kuyru\u011fu yapma makinesi, \u015firketimizin d\u00f6vme makinelerinde ara\u015ft\u0131rma ve geli\u015ftirme testi ve deneyim testinin s\u00fcper modelidir. Bu s\u0131cak rulo bal\u0131k kuyru\u011fu yapma makinesi, kare boru, kare \u00e7elik, yass\u0131 demir, yuvarlak \u00e7elik ve di\u011fer malzemeleri i\u015fleyebilir.<br \/>\n\u00d6zellikle, kare borular\u0131 i\u015fleme i\u015flevi bu metal zanaat bal\u0131k kuyru\u011fu yapma makinesine \u00f6zg\u00fcd\u00fcr, 14x14mm, 16x16mm, 15x15mm, 20x20mm boyutlar\u0131nda kare borular\u0131 i\u015fleyebilir.<br \/>\n\u0130\u015flenen \u00fcr\u00fcn sadece hem g\u00fczel hem de c\u00f6mert olan uzunluk ve geni\u015fli\u011fi de\u011fi\u015ftirir. F3 ve F4 form\u00fclasyonlar\u0131n\u0131n bir \u00fcst versiyonu, eksantrik merdanenin eksantrik mile d\u00f6n\u00fc\u015ft\u00fcr\u00fclmesi, merdane de\u011fi\u015fikli\u011finin \u00fc\u00e7 yuval\u0131 forma getirilmesi ve \u00e7al\u0131\u015fma \u00f6mr\u00fcn\u00fcn di\u011ferlerine g\u00f6re \u00fc\u00e7 kat artmas\u0131d\u0131r.<br \/>\nFerforje u\u00e7 pres bal\u0131k kuyru\u011fu makine kafas\u0131n\u0131n d\u0131\u015f\u0131ndaki d\u00fcz silindirler, kare ve yuvarlak \u00e7ubuklar\u0131 d\u00fczle\u015ftirebilir, keskinle\u015ftirebilir ve kapatabilir.<br \/>\n24 saat \u00e7evrimi\u00e7i hizmet, Herhangi bir sorunuz varsa bize bildirin!<br \/>\n<strong>TEKN\u0130K PARAMETRE<br \/>\n<\/strong><strong>Modeli:LC-YW16<br \/>\nYass\u0131 Demir:<\/strong> \u226410X60mm<br \/>\n<strong>Yuvarlak \u00c7elik:<\/strong> \u03c616mm<br \/>\n<strong>Kare \u00c7elik:<\/strong> \u226416\u00d716mm<br \/>\n<strong>Kare boru:<\/strong>14x14mm, 16x16mm, 15x15mm, 20x20mm<br \/>\n<strong>G\u00fc\u00e7:<\/strong> 3KW<br \/>\n<strong>Gerilim:<\/strong>\u00a0220V\/380V\/415V<br \/>\n<strong>Ambalaj Boyutu:<\/strong> 1000\u00d7600\u00d71110mm<br \/>\n<strong>KB (kg):<\/strong>380<br \/>\n<strong>A\u011f\u0131rl\u0131k (kg):<\/strong> 400<\/p>","protected":false},"featured_media":648,"template":"","meta":{"_kad_post_transparent":"default","_kad_post_title":"","_kad_post_layout":"default","_kad_post_sidebar_id":"","_kad_post_content_style":"default","_kad_post_vertical_padding":"default","_kad_post_feature":"","_kad_post_feature_position":"","_kad_post_header":false,"_kad_post_footer":false},"product_brand":[],"product_cat":[29,24],"product_tag":[163,165,167,166,168,162,169,170,164,161,111],"class_list":{"0":"post-645","1":"product","2":"type-product","3":"status-publish","4":"has-post-thumbnail","6":"product_cat-electric-wrought-iron-processing-machine","7":"product_cat-wrought-iron-fishtail-forging-machine","8":"product_tag-china-hot-roll-fishtail-machine-manufacturing-for-sale","9":"product_tag-end-hot-fishtail-for-wrought-iron","10":"product_tag-fishtail-iron-processing-machine","11":"product_tag-hot-roll-end-forging-machine","12":"product_tag-hot-roll-fishtail-machine","13":"product_tag-hot-roll-fishtail-making-machine","14":"product_tag-hot-roll-fishtail-mill","15":"product_tag-hot-rolling-fishtail-forming-machine","16":"product_tag-hot-roll-fishtail-coining-machine","17":"product_tag-wrought-iron-end-press-fishtail-machine","18":"product_tag-wrought-iron-machine","20":"first","21":"instock","22":"shipping-taxable","23":"product-type-simple","24":"entry","25":"content-bg","26":"loop-entry"},"_links":{"self":[{"href":"https:\/\/zzlcmachinery.com\/tr\/wp-json\/wp\/v2\/product\/645","targetHints":{"allow":["GET"]}}],"collection":[{"href":"https:\/\/zzlcmachinery.com\/tr\/wp-json\/wp\/v2\/product"}],"about":[{"href":"https:\/\/zzlcmachinery.com\/tr\/wp-json\/wp\/v2\/types\/product"}],"version-history":[{"count":0,"href":"https:\/\/zzlcmachinery.com\/tr\/wp-json\/wp\/v2\/product\/645\/revisions"}],"wp:featuredmedia":[{"embeddable":true,"href":"https:\/\/zzlcmachinery.com\/tr\/wp-json\/wp\/v2\/media\/648"}],"wp:attachment":[{"href":"https:\/\/zzlcmachinery.com\/tr\/wp-json\/wp\/v2\/media?parent=645"}],"wp:term":[{"taxonomy":"product_brand","embeddable":true,"href":"https:\/\/zzlcmachinery.com\/tr\/wp-json\/wp\/v2\/product_brand?post=645"},{"taxonomy":"product_cat","embeddable":true,"href":"https:\/\/zzlcmachinery.com\/tr\/wp-json\/wp\/v2\/product_cat?post=645"},{"taxonomy":"product_tag","embeddable":true,"href":"https:\/\/zzlcmachinery.com\/tr\/wp-json\/wp\/v2\/product_tag?post=645"}],"curies":[{"name":"wp","href":"https:\/\/api.w.org\/{rel}","templated":true}]}}