{"id":631,"date":"2022-10-20T00:48:38","date_gmt":"2022-10-19T16:48:38","guid":{"rendered":"https:\/\/zzlcmachinery.com\/?post_type=product&#038;p=631"},"modified":"2023-02-18T16:11:26","modified_gmt":"2023-02-18T08:11:26","slug":"buy-metal-craft-steel-coil-rolling-machine-ornament-iron-making-machine","status":"publish","type":"product","link":"https:\/\/zzlcmachinery.com\/tr\/urun\/buy-metal-craft-steel-coil-rolling-machine-ornament-iron-making-machine\/","title":{"rendered":"Metal Zanaat \u00c7elik Rulo Haddeleme Makinesi S\u00fcs Demir Yapma Makinesi Sat\u0131n Al\u0131n"},"content":{"rendered":"","protected":false},"excerpt":{"rendered":"<p>LC-CJ16 metal zanaat \u00e7elik bobin haddeleme makinesi s\u00fcs demir yapma makinesi sat\u0131n al\u0131n, bu hidrolik bobin haddeleme makinesi, yuvarlak borunun \u0131s\u0131t\u0131lmas\u0131ndan sonra ba\u015fl\u0131 yass\u0131 \u00e7elik, kare \u00e7elik, yuvarlak \u00e7elik ve u\u00e7 bobin i\u00e7in kullan\u0131l\u0131r. Bal\u0131k kuyru\u011fu demir malzemesi otomatik olarak haddelenir. Bobin \u015fekli, ferforje \u00fcr\u00fcnlerde vazge\u00e7ilmez bir kal\u0131pt\u0131r. Bu nedenle hadde makinesi, demir sanat\u0131, dekorasyon, bah\u00e7ecilik vb. i\u015flere uygun \u00f6nemli bir makinedir.<br \/>\nDemir malzemeler, \u00fcretim s\u00fcrecinde kullan\u0131lan uluslararas\u0131 ortak yass\u0131 demir, kare \u00e7elik yuvarlak \u00e7elik ve yuvarlak boruyu (kuyruk ucunun bal\u0131k kuyru\u011funa i\u015flenmesi gerekir) temel olarak kar\u015f\u0131layabilen \u03a630, \u03a640, \u03a650mm \u00e7apl\u0131 \u00e7i\u00e7ek rulolar\u0131na yuvarlanabilir. Avrupa tarz\u0131 sanat tipi kap\u0131lar, pencereler, korkuluklar ve korkuluklar.<br \/>\nBu hidrolik demir bobin haddeleme, h\u0131zl\u0131 haddeleme, rahat \u00e7al\u0131\u015fma, geni\u015f i\u015fleme aral\u0131\u011f\u0131, bir\u00e7ok i\u015flenebilir malzeme, y\u00fcksek rulo kalitesi ve y\u00fcksek \u00fcretim verimlili\u011fi avantajlar\u0131na sahiptir.<br \/>\n24 saat \u00e7evrimi\u00e7i hizmet, Herhangi bir sorunuz varsa bize bildirin!<br \/>\n<strong>TEKN\u0130K PARAMETRE<br \/>\n<\/strong><strong>Modeli:LC-CJ16<br \/>\nMaksimum \u00c7al\u0131\u015fma Kabiliyeti :<\/strong> Is\u0131tmal\u0131 yass\u0131 demir :10x50mm<br \/>\nKare \u00e7elik \u226425x25mm<br \/>\nYuvarlak \u00e7elik \u2264\u03a625mm<br \/>\nYuvarlak boru \u2264\u03a625mm<br \/>\n<strong>G\u00fc\u00e7:<\/strong> 1.1KW 6P<br \/>\n<strong>Gerilim:<\/strong>\u00a0220V\/380V\/415V<br \/>\n<strong>Ambalaj Boyutu:<\/strong> 1000\u00d7600\u00d71300mm<br \/>\n<strong>KB (kg):<\/strong> 200\u00a0 \u00a0 \u00a0 <strong>A\u011f\u0131rl\u0131k (kg):<\/strong> 240<\/p>","protected":false},"featured_media":637,"template":"","meta":{"_kad_post_transparent":"default","_kad_post_title":"","_kad_post_layout":"default","_kad_post_sidebar_id":"","_kad_post_content_style":"default","_kad_post_vertical_padding":"default","_kad_post_feature":"","_kad_post_feature_position":"","_kad_post_header":false,"_kad_post_footer":false},"product_brand":[],"product_cat":[25,29],"product_tag":[160,158,155,153,152,159,124,157,156,154],"class_list":{"0":"post-631","1":"product","2":"type-product","3":"status-publish","4":"has-post-thumbnail","6":"product_cat-electric-make-coil-machine-for-metal-craft","7":"product_cat-electric-wrought-iron-processing-machine","8":"product_tag-automatic-blacksmith-coil-rolling-machine","9":"product_tag-buy-metal-craft-steel-coil-rolling-machine-ornament-iron-making-machine","10":"product_tag-electric-coil-rolling-machine","11":"product_tag-electric-making-coil-machine","12":"product_tag-iron-coils-making-machine","13":"product_tag-mechanical-metal-craft-flat-steel-coil-rolling-making-machine-price","14":"product_tag-metal-craft-steel-coil-rolling-machine","15":"product_tag-ornament-iron-making-machine","16":"product_tag-wrought-iron-coil-making","17":"product_tag-wrought-iron-electric-make-coil-machine-for-decorative","19":"first","20":"instock","21":"shipping-taxable","22":"product-type-simple","23":"entry","24":"content-bg","25":"loop-entry"},"_links":{"self":[{"href":"https:\/\/zzlcmachinery.com\/tr\/wp-json\/wp\/v2\/product\/631","targetHints":{"allow":["GET"]}}],"collection":[{"href":"https:\/\/zzlcmachinery.com\/tr\/wp-json\/wp\/v2\/product"}],"about":[{"href":"https:\/\/zzlcmachinery.com\/tr\/wp-json\/wp\/v2\/types\/product"}],"version-history":[{"count":0,"href":"https:\/\/zzlcmachinery.com\/tr\/wp-json\/wp\/v2\/product\/631\/revisions"}],"wp:featuredmedia":[{"embeddable":true,"href":"https:\/\/zzlcmachinery.com\/tr\/wp-json\/wp\/v2\/media\/637"}],"wp:attachment":[{"href":"https:\/\/zzlcmachinery.com\/tr\/wp-json\/wp\/v2\/media?parent=631"}],"wp:term":[{"taxonomy":"product_brand","embeddable":true,"href":"https:\/\/zzlcmachinery.com\/tr\/wp-json\/wp\/v2\/product_brand?post=631"},{"taxonomy":"product_cat","embeddable":true,"href":"https:\/\/zzlcmachinery.com\/tr\/wp-json\/wp\/v2\/product_cat?post=631"},{"taxonomy":"product_tag","embeddable":true,"href":"https:\/\/zzlcmachinery.com\/tr\/wp-json\/wp\/v2\/product_tag?post=631"}],"curies":[{"name":"wp","href":"https:\/\/api.w.org\/{rel}","templated":true}]}}