{"id":618,"date":"2022-10-19T15:15:26","date_gmt":"2022-10-19T07:15:26","guid":{"rendered":"https:\/\/zzlcmachinery.com\/?post_type=product&#038;p=618"},"modified":"2022-11-22T15:59:15","modified_gmt":"2022-11-22T07:59:15","slug":"lc-gp40-high-frequency-metal-induction-heater-for-sale","status":"publish","type":"product","link":"https:\/\/zzlcmachinery.com\/tr\/urun\/lc-gp40-high-frequency-metal-induction-heater-for-sale\/","title":{"rendered":"Sat\u0131l\u0131k LC-GP40 Y\u00fcksek Frekansl\u0131 Metal \u0130nd\u00fcksiyon Is\u0131t\u0131c\u0131"},"content":{"rendered":"","protected":false},"excerpt":{"rendered":"<p><strong>LC-GP40 Sat\u0131l\u0131k y\u00fcksek frekansl\u0131 metal end\u00fcksiyonlu \u0131s\u0131t\u0131c\u0131.<\/strong><br \/>\nYeni nesil y\u00fcksek frekansl\u0131 \u0131s\u0131t\u0131c\u0131 iki b\u00f6l\u00fcmden olu\u015fur: \u0131s\u0131tma ana bilgisayar\u0131 ve so\u011futma cihaz\u0131. Geni\u015fletilmi\u015f su deposu ve d\u00f6rt adet fan sayesinde makine daha uzun s\u00fcre \u00e7al\u0131\u015fabilir, d\u00fcnyada s\u0131cakl\u0131\u011f\u0131n \u00e7ok y\u00fcksek oldu\u011fu Afrika&#039;da bile uzun s\u00fcre kullan\u0131labilir.<br \/>\nBu metal h\u0131zl\u0131 \u0131s\u0131tma makinesi. Makinenin g\u00fc\u00e7 kayna\u011f\u0131 2KW ile 20KW aras\u0131nda s\u00fcrekli olarak ayarlanabilir. \u00c7ok enerji tasarrufu sa\u011flayan farkl\u0131 boyutlardaki malzemelere g\u00f6re farkl\u0131 KW se\u00e7ilebilir. Genellikle, makine \u0131s\u0131nmadan bekleme durumundad\u0131r ve elektrik israf\u0131 yapmaz. Elektrik tasarrufu tasar\u0131m\u0131 \u00e7ok kullan\u0131c\u0131 dostudur.<br \/>\nAyr\u0131ca, y\u00fcksek frekansl\u0131 \u0131s\u0131tma makinesi, i\u015f\u00e7inin ellerini serbest b\u0131rakmak i\u00e7in bir ayak pedal\u0131 ile donat\u0131lm\u0131\u015ft\u0131r. Deneyimsiz bir ki\u015fi bu makineyi 10 dakikada \u00f6\u011frenip \u00e7al\u0131\u015ft\u0131rabilir,<br \/>\nD\u00fc\u015f\u00fck bak\u0131m maliyetleri, sadece biraz saf su ve ya\u011flama ya\u011f\u0131na ihtiya\u00e7 duyar,<br \/>\nMakine sadece s\u0131radan demiri \u0131s\u0131tmak i\u00e7in de\u011fil, ayn\u0131 zamanda alt\u0131n ve g\u00fcm\u00fc\u015f\u00fc eritmek i\u00e7in de kullan\u0131labilir.<br \/>\n24 saat \u00e7evrimi\u00e7i hizmet, Herhangi bir sorunuz varsa bize bildirin!<br \/>\n<strong>TEKN\u0130K PARAMETRE<br \/>\n<\/strong><strong>Modeli:LC-GPIV36<br \/>\nMaksimum \u00c7al\u0131\u015fma Kabiliyeti :<\/strong> Yass\u0131 demir\u22646x50mm<br \/>\nKare \u00e7elik \u226420X20mm<br \/>\nYuvarlak \u00e7elik\u226420mm<br \/>\n<strong>G\u00fc\u00e7:<\/strong>\u00e7\u0131k\u0131\u015f dalgalanma elektrik ak\u0131m\u0131: 300A-1400A<br \/>\nGiri\u015f elektrik ak\u0131m\u0131: 5-36A<br \/>\n<strong>Gerilim:<\/strong> Giri\u015f voltaj\u0131 aral\u0131\u011f\u0131: 320-420v 50HZ<br \/>\n<strong>Ambalaj Boyutu:<\/strong> 500x700x700mm +1200x600x800mm<br \/>\n<strong>KB (kg):<\/strong> 180\u00a0 \u00a0 <strong>A\u011f\u0131rl\u0131k (kg):<\/strong> 200<\/p>","protected":false},"featured_media":626,"template":"","meta":{"_kad_post_transparent":"default","_kad_post_title":"","_kad_post_layout":"default","_kad_post_sidebar_id":"","_kad_post_content_style":"default","_kad_post_vertical_padding":"default","_kad_post_feature":"","_kad_post_feature_position":"","_kad_post_header":false,"_kad_post_footer":false},"product_brand":[],"product_cat":[29,32],"product_tag":[149,147,150,145,146,151,148],"class_list":{"0":"post-618","1":"product","2":"type-product","3":"status-publish","4":"has-post-thumbnail","6":"product_cat-electric-wrought-iron-processing-machine","7":"product_cat-power-of-iron-effcient-heater","8":"product_tag-application-of-high-frequency-metal-induction-heater-for-sale","9":"product_tag-featured-metal-induction-heater-for-sale","10":"product_tag-high-frequency-metal-induction-heater-for-sale","11":"product_tag-induction-heating-equipment","12":"product_tag-induction-heating-machine-for-metal-forging","13":"product_tag-the-power-of-iron-effcient-heater","14":"product_tag-wrought-iron-machine-induction-heating-forging-equipment","16":"first","17":"instock","18":"shipping-taxable","19":"product-type-simple","20":"entry","21":"content-bg","22":"loop-entry"},"_links":{"self":[{"href":"https:\/\/zzlcmachinery.com\/tr\/wp-json\/wp\/v2\/product\/618","targetHints":{"allow":["GET"]}}],"collection":[{"href":"https:\/\/zzlcmachinery.com\/tr\/wp-json\/wp\/v2\/product"}],"about":[{"href":"https:\/\/zzlcmachinery.com\/tr\/wp-json\/wp\/v2\/types\/product"}],"version-history":[{"count":0,"href":"https:\/\/zzlcmachinery.com\/tr\/wp-json\/wp\/v2\/product\/618\/revisions"}],"wp:featuredmedia":[{"embeddable":true,"href":"https:\/\/zzlcmachinery.com\/tr\/wp-json\/wp\/v2\/media\/626"}],"wp:attachment":[{"href":"https:\/\/zzlcmachinery.com\/tr\/wp-json\/wp\/v2\/media?parent=618"}],"wp:term":[{"taxonomy":"product_brand","embeddable":true,"href":"https:\/\/zzlcmachinery.com\/tr\/wp-json\/wp\/v2\/product_brand?post=618"},{"taxonomy":"product_cat","embeddable":true,"href":"https:\/\/zzlcmachinery.com\/tr\/wp-json\/wp\/v2\/product_cat?post=618"},{"taxonomy":"product_tag","embeddable":true,"href":"https:\/\/zzlcmachinery.com\/tr\/wp-json\/wp\/v2\/product_tag?post=618"}],"curies":[{"name":"wp","href":"https:\/\/api.w.org\/{rel}","templated":true}]}}