{"id":608,"date":"2022-10-18T17:16:42","date_gmt":"2022-10-18T09:16:42","guid":{"rendered":"https:\/\/zzlcmachinery.com\/?post_type=product&#038;p=608"},"modified":"2022-11-22T17:02:01","modified_gmt":"2022-11-22T09:02:01","slug":"iron-efficient-power-heater-for-wrought-iron","status":"publish","type":"product","link":"https:\/\/zzlcmachinery.com\/tr\/urun\/iron-efficient-power-heater-for-wrought-iron\/","title":{"rendered":"Ferforje \u0130\u00e7in Demir Verimli G\u00fc\u00e7 Is\u0131t\u0131c\u0131"},"content":{"rendered":"","protected":false},"excerpt":{"rendered":"<p>Metal zanaat i\u00e7in fabrikadan ferforje i\u00e7in demir verimli elektrikli \u0131s\u0131t\u0131c\u0131.<br \/>\nMetal ind\u00fcksiyon \u0131s\u0131t\u0131c\u0131, metal i\u015fleme ve d\u00f6vme end\u00fcstrisinde yayg\u0131n olarak kullan\u0131lan h\u0131zl\u0131, g\u00fcvenli ve verimli bir \u0131s\u0131tma y\u00f6ntemidir. Ekipman, makinenin uzun s\u00fcre s\u00fcrekli olarak \u0131s\u0131nmas\u0131n\u0131 sa\u011flamak i\u00e7in y\u00fcksek frekansl\u0131 ind\u00fcksiyonlu \u0131s\u0131tma, sirk\u00fclasyonlu su so\u011futmas\u0131, fan so\u011futmas\u0131 ve di\u011fer teknolojileri kullan\u0131r. Y\u00fcksek frekansl\u0131 \u0131s\u0131tma makinesi, demir sanat\u0131nda \u0131s\u0131tma m\u00fchendisli\u011finde yass\u0131 demir, kare \u00e7elik, yuvarlak \u00e7elik \u0131s\u0131tma, s\u00f6nd\u00fcrme i\u015fleminde par\u00e7alar\u0131n \u0131s\u0131t\u0131lmas\u0131 gibi metal d\u00f6vme i\u015flemlerinde yayg\u0131n olarak kullan\u0131lmaktad\u0131r.<br \/>\nBu makinenin en b\u00fcy\u00fck avantaj\u0131 16x16mm kare \u00e7eli\u011fin \u0131s\u0131tmas\u0131n\u0131 5 saniyede tamamlayabilmesi, daha az g\u00fc\u00e7 t\u00fcketimi, h\u0131zl\u0131 \u0131s\u0131tma, g\u00fcvenlik korumas\u0131 ve yedek \u0131s\u0131tma serpantinleri ile olmas\u0131d\u0131r. Demirciler ve kap\u0131 ve pencere i\u015fleme fabrikalar\u0131 taraf\u0131ndan \u00e7ok sevilmektedir.<br \/>\n24 saat \u00e7evrimi\u00e7i hizmet, Herhangi bir sorunuz varsa bize bildirin!<br \/>\n<strong>TEKN\u0130K PARAMETRE<br \/>\n<\/strong><strong>Modeli:LC-GPIV36<br \/>\nMaksimum \u00c7al\u0131\u015fma Kabiliyeti :<\/strong> Yass\u0131 demir\u226410x50mm<br \/>\nKare \u00e7elik \u226420X20mm<br \/>\nDi\u011fer i\u015f par\u00e7as\u0131 \u00e7ap\u0131\u226430mm<br \/>\n<strong>G\u00fc\u00e7:<\/strong>\u00e7\u0131k\u0131\u015f dalgalanma elektrik ak\u0131m\u0131: 300A-1400A<br \/>\nGiri\u015f elektrik ak\u0131m\u0131: 4-36A<br \/>\n<strong>Gerilim:<\/strong> Giri\u015f voltaj\u0131 aral\u0131\u011f\u0131: 320-420v 50HZ<br \/>\n<strong>Ambalaj Boyutu:<\/strong> 1050\u00d7680\u00d71520mm<br \/>\n<strong>KB (kg):<\/strong> 230\u00a0 \u00a0 \u00a0<strong>A\u011f\u0131rl\u0131k (kg):<\/strong> 260<\/p>","protected":false},"featured_media":610,"template":"","meta":{"_kad_post_transparent":"default","_kad_post_title":"","_kad_post_layout":"default","_kad_post_sidebar_id":"","_kad_post_content_style":"default","_kad_post_vertical_padding":"default","_kad_post_feature":"","_kad_post_feature_position":"","_kad_post_header":false,"_kad_post_footer":false},"product_brand":[],"product_cat":[29,32],"product_tag":[140,136,138,142,137,144,139,141,143],"class_list":{"0":"post-608","1":"product","2":"type-product","3":"status-publish","4":"has-post-thumbnail","6":"product_cat-electric-wrought-iron-processing-machine","7":"product_cat-power-of-iron-effcient-heater","8":"product_tag-china-the-power-of-iron-efficient-heate","9":"product_tag-high-frequency-heating-machine","10":"product_tag-iron-efficient-power-heater","11":"product_tag-metal-craft-machines","12":"product_tag-ornamental-iron-machine","13":"product_tag-reliable-quality-iron-effcient-heater","14":"product_tag-the-power-of-iron-efficienet-heater","15":"product_tag-wholesale-el-gp-iv-36-the-power-machine-of-iron-efficient-heater","16":"product_tag-wrought-iron-heating-machine","18":"first","19":"instock","20":"shipping-taxable","21":"product-type-simple","22":"entry","23":"content-bg","24":"loop-entry"},"_links":{"self":[{"href":"https:\/\/zzlcmachinery.com\/tr\/wp-json\/wp\/v2\/product\/608","targetHints":{"allow":["GET"]}}],"collection":[{"href":"https:\/\/zzlcmachinery.com\/tr\/wp-json\/wp\/v2\/product"}],"about":[{"href":"https:\/\/zzlcmachinery.com\/tr\/wp-json\/wp\/v2\/types\/product"}],"version-history":[{"count":0,"href":"https:\/\/zzlcmachinery.com\/tr\/wp-json\/wp\/v2\/product\/608\/revisions"}],"wp:featuredmedia":[{"embeddable":true,"href":"https:\/\/zzlcmachinery.com\/tr\/wp-json\/wp\/v2\/media\/610"}],"wp:attachment":[{"href":"https:\/\/zzlcmachinery.com\/tr\/wp-json\/wp\/v2\/media?parent=608"}],"wp:term":[{"taxonomy":"product_brand","embeddable":true,"href":"https:\/\/zzlcmachinery.com\/tr\/wp-json\/wp\/v2\/product_brand?post=608"},{"taxonomy":"product_cat","embeddable":true,"href":"https:\/\/zzlcmachinery.com\/tr\/wp-json\/wp\/v2\/product_cat?post=608"},{"taxonomy":"product_tag","embeddable":true,"href":"https:\/\/zzlcmachinery.com\/tr\/wp-json\/wp\/v2\/product_tag?post=608"}],"curies":[{"name":"wp","href":"https:\/\/api.w.org\/{rel}","templated":true}]}}