{"id":596,"date":"2022-10-16T20:39:30","date_gmt":"2022-10-16T12:39:30","guid":{"rendered":"https:\/\/zzlcmachinery.com\/?post_type=product&#038;p=596"},"modified":"2022-11-22T16:51:37","modified_gmt":"2022-11-22T08:51:37","slug":"wrought-iron-hydraulic-moulder-machine-for-metal-craft","status":"publish","type":"product","link":"https:\/\/zzlcmachinery.com\/tr\/urun\/wrought-iron-hydraulic-moulder-machine-for-metal-craft\/","title":{"rendered":"Metal El Sanatlar\u0131 \u0130\u00e7in Ferforje Hidrolik Kal\u0131p Makinesi"},"content":{"rendered":"","protected":false},"excerpt":{"rendered":"<p>Fabrika fiyat\u0131 ile ferforje i\u00e7in metal zanaat i\u00e7in LCDY16 ferforje hidrolik kal\u0131p makinesi, Bu makine kare \u00e7elik, yuvarlak \u00e7elik ve yass\u0131 demir i\u015fleyebilir ve b\u00fckebilir. \u00dc\u00e7 i\u015flevi vard\u0131r: ark b\u00fckme, do\u011frultma ve a\u00e7\u0131l\u0131 b\u00fckme. Mekanizma \u00e7e\u015fitli a\u00e7\u0131larda b\u00fck\u00fclebilir. Y\u00fcksek \u00fcretim verimlili\u011fi, \u00fcr\u00fcnler partiler halinde \u00fcretilebilir, dekorasyon, mobilya, belediye bah\u00e7eleri, in\u015faat ve kap\u0131 ve pencere demirci d\u00fckkanlar\u0131 i\u00e7in ideal bir ekipmand\u0131r.<br \/>\nMakine, 4 set serbest kal\u0131b\u0131 k\u0131rmak i\u00e7in ona rastgele e\u015flik ediyor (1 set a\u00e7\u0131l\u0131 b\u00fckme ve yuvarlak kal\u0131plar\u0131 kaynatmak i\u00e7in, 1 set ark do\u011frultma ve hizalama, 2 set \u015fekillendirme kal\u0131b\u0131) ve m\u00fc\u015fterilerin se\u00e7ebilece\u011fi kal\u0131plar var.<br \/>\n24 saat \u00e7evrimi\u00e7i hizmet, Herhangi bir sorunuz varsa bize bildirin!<br \/>\n<strong>TEKN\u0130K PARAMETRE<br \/>\n<\/strong><strong>Modeli:LC-DY16A<br \/>\nMaksimum \u00c7al\u0131\u015fma Kabiliyeti :<\/strong> Yass\u0131 demir\u226410x50mm<br \/>\nYuvarlak \u00e7elik \u2264\u03a616mm Kare \u00e7elik\u226416x16mm<br \/>\n<strong>G\u00fc\u00e7:<\/strong>7.5KW<br \/>\n<strong>Gerilim:<\/strong>\u00a0220V\/380V\/415V<br \/>\n<strong>Ambalaj Boyutu:<\/strong> 1250\u00d7820\u00d71100mm<br \/>\n<strong>KB (kg):<\/strong> 750\u00a0 \u00a0 \u00a0 <strong>A\u011f\u0131rl\u0131k (kg):<\/strong> 850<\/p>","protected":false},"featured_media":599,"template":"","meta":{"_kad_post_transparent":"default","_kad_post_title":"","_kad_post_layout":"default","_kad_post_sidebar_id":"","_kad_post_content_style":"default","_kad_post_vertical_padding":"default","_kad_post_feature":"","_kad_post_feature_position":"","_kad_post_header":false,"_kad_post_footer":false},"product_brand":[],"product_cat":[29,23],"product_tag":[135,134,133,132,131,130,129,128],"class_list":{"0":"post-596","1":"product","2":"type-product","3":"status-publish","4":"has-post-thumbnail","6":"product_cat-electric-wrought-iron-processing-machine","7":"product_cat-wrought-iron-hydraulic-moulder","8":"product_tag-anbang-wrought-iron-hydraulic-moulder-blacksmith-machine","9":"product_tag-blacksmith-equipengt","10":"product_tag-buy-metal-craft-hydraulic-moulder","11":"product_tag-finished-prodect-of-wrought-iron-bending-machine","12":"product_tag-hydraulic-bending-machine","13":"product_tag-hydraulic-moulder-reputable-wrought-iron-supplier","14":"product_tag-metal-craft-hydraulic-moulder","15":"product_tag-moulds-of-hydraulic-moulder-machine-for-wrought-iron","17":"first","18":"instock","19":"shipping-taxable","20":"product-type-simple","21":"entry","22":"content-bg","23":"loop-entry"},"_links":{"self":[{"href":"https:\/\/zzlcmachinery.com\/tr\/wp-json\/wp\/v2\/product\/596","targetHints":{"allow":["GET"]}}],"collection":[{"href":"https:\/\/zzlcmachinery.com\/tr\/wp-json\/wp\/v2\/product"}],"about":[{"href":"https:\/\/zzlcmachinery.com\/tr\/wp-json\/wp\/v2\/types\/product"}],"version-history":[{"count":0,"href":"https:\/\/zzlcmachinery.com\/tr\/wp-json\/wp\/v2\/product\/596\/revisions"}],"wp:featuredmedia":[{"embeddable":true,"href":"https:\/\/zzlcmachinery.com\/tr\/wp-json\/wp\/v2\/media\/599"}],"wp:attachment":[{"href":"https:\/\/zzlcmachinery.com\/tr\/wp-json\/wp\/v2\/media?parent=596"}],"wp:term":[{"taxonomy":"product_brand","embeddable":true,"href":"https:\/\/zzlcmachinery.com\/tr\/wp-json\/wp\/v2\/product_brand?post=596"},{"taxonomy":"product_cat","embeddable":true,"href":"https:\/\/zzlcmachinery.com\/tr\/wp-json\/wp\/v2\/product_cat?post=596"},{"taxonomy":"product_tag","embeddable":true,"href":"https:\/\/zzlcmachinery.com\/tr\/wp-json\/wp\/v2\/product_tag?post=596"}],"curies":[{"name":"wp","href":"https:\/\/api.w.org\/{rel}","templated":true}]}}