{"id":586,"date":"2022-10-15T23:03:30","date_gmt":"2022-10-15T15:03:30","guid":{"rendered":"https:\/\/zzlcmachinery.com\/?post_type=product&#038;p=586"},"modified":"2023-02-09T20:09:36","modified_gmt":"2023-02-09T12:09:36","slug":"hot-metal-electric-coil-making-machine-for-wrought-iron-with-factory-price","status":"publish","type":"product","link":"https:\/\/zzlcmachinery.com\/tr\/urun\/hot-metal-electric-coil-making-machine-for-wrought-iron-with-factory-price\/","title":{"rendered":"Fabrika Fiyatl\u0131 Ferforje \u0130\u00e7in S\u0131cak Metal Elektrikli Demir Bobin Yapma Makinesi"},"content":{"rendered":"","protected":false},"excerpt":{"rendered":"<p>LC-DDG12A Fabrika fiyat\u0131 ile ferforje i\u00e7in s\u0131cak metal elektrikli bobin yapma makinesi, Hidrolik haddeleme makinesi, metal haddeleme i\u015fleme i\u00e7in \u00f6zel olarak kullan\u0131l\u0131r ve kap\u0131 ve pencere korkuluklar\u0131n\u0131n \u00fcretiminde kullan\u0131l\u0131r. Is\u0131tmal\u0131 yass\u0131 demir, kare \u00e7elik, yuvarlak \u00e7elik (bal\u0131k) kuyruk \u015fekli), metal i\u015flemenin zarif sanatsal \u015feklini b\u00fcy\u00fck \u00f6l\u00e7\u00fcde geli\u015ftiren, s\u0131k\u0131ca sar\u0131lm\u0131\u015f bir ercik gibi bir \u015fekil olu\u015fturmak i\u00e7in metal bir bobine s\u0131k\u0131ca sar\u0131labilir. , Avrupa demir i\u015fleme \u00fcretim hatt\u0131nda vazge\u00e7ilmez ve \u00f6nemli bir makinedir,<br \/>\nBu makinede yaln\u0131zca makineyle birlikte g\u00f6nderilen bir dizi serbest kal\u0131p vard\u0131r.<br \/>\nOtomatik program kontrol\u00fcn\u00fc kullanarak, ayar basittir, i\u015flem kolayd\u0131r ve \u00fcr\u00fcn bir seferde olu\u015fturulur, bu da i\u015f verimlili\u011fini b\u00fcy\u00fck \u00f6l\u00e7\u00fcde art\u0131r\u0131r.<br \/>\n24 saat \u00e7evrimi\u00e7i hizmet, Herhangi bir sorunuz varsa bize bildirin!<br \/>\n<strong>TEKN\u0130K PARAMETRE<br \/>\n<\/strong><strong>Modeli:LC-DDG12A<br \/>\nMaksimum \u00c7al\u0131\u015fma Kabiliyeti :<\/strong> Yass\u0131 demir :12x4mm-50x8mm<br \/>\nKare \u00e7elik \u226412x12mm<br \/>\n<strong>G\u00fc\u00e7:<\/strong> 3.5KW<br \/>\n<strong>Gerilim:<\/strong>\u00a0220V\/380V\/415V<br \/>\n<strong>Ambalaj Boyutu:<\/strong> 1340\u00d7830\u00d71400mm<br \/>\n<strong>KB (kg):<\/strong> 436\u00a0 \u00a0 \u00a0 <strong>A\u011f\u0131rl\u0131k (kg):<\/strong> 486<\/p>","protected":false},"featured_media":591,"template":"","meta":{"_kad_post_transparent":"default","_kad_post_title":"","_kad_post_layout":"default","_kad_post_sidebar_id":"","_kad_post_content_style":"default","_kad_post_vertical_padding":"default","_kad_post_feature":"","_kad_post_feature_position":"","_kad_post_header":false,"_kad_post_footer":false},"product_brand":[],"product_cat":[25,29],"product_tag":[125,126,127,124,111],"class_list":{"0":"post-586","1":"product","2":"type-product","3":"status-publish","4":"has-post-thumbnail","6":"product_cat-electric-make-coil-machine-for-metal-craft","7":"product_cat-electric-wrought-iron-processing-machine","8":"product_tag-automatic-blacksmith-wrought-iron-coil-making-machine","9":"product_tag-electric-coil-making-machine-manufacturers-suppliers","10":"product_tag-electric-iron-worker-machine","11":"product_tag-metal-craft-steel-coil-rolling-machine","12":"product_tag-wrought-iron-machine","14":"first","15":"instock","16":"shipping-taxable","17":"product-type-simple","18":"entry","19":"content-bg","20":"loop-entry"},"_links":{"self":[{"href":"https:\/\/zzlcmachinery.com\/tr\/wp-json\/wp\/v2\/product\/586","targetHints":{"allow":["GET"]}}],"collection":[{"href":"https:\/\/zzlcmachinery.com\/tr\/wp-json\/wp\/v2\/product"}],"about":[{"href":"https:\/\/zzlcmachinery.com\/tr\/wp-json\/wp\/v2\/types\/product"}],"version-history":[{"count":0,"href":"https:\/\/zzlcmachinery.com\/tr\/wp-json\/wp\/v2\/product\/586\/revisions"}],"wp:featuredmedia":[{"embeddable":true,"href":"https:\/\/zzlcmachinery.com\/tr\/wp-json\/wp\/v2\/media\/591"}],"wp:attachment":[{"href":"https:\/\/zzlcmachinery.com\/tr\/wp-json\/wp\/v2\/media?parent=586"}],"wp:term":[{"taxonomy":"product_brand","embeddable":true,"href":"https:\/\/zzlcmachinery.com\/tr\/wp-json\/wp\/v2\/product_brand?post=586"},{"taxonomy":"product_cat","embeddable":true,"href":"https:\/\/zzlcmachinery.com\/tr\/wp-json\/wp\/v2\/product_cat?post=586"},{"taxonomy":"product_tag","embeddable":true,"href":"https:\/\/zzlcmachinery.com\/tr\/wp-json\/wp\/v2\/product_tag?post=586"}],"curies":[{"name":"wp","href":"https:\/\/api.w.org\/{rel}","templated":true}]}}