{"id":573,"date":"2022-10-15T19:38:39","date_gmt":"2022-10-15T11:38:39","guid":{"rendered":"https:\/\/zzlcmachinery.com\/?post_type=product&#038;p=573"},"modified":"2022-11-22T16:46:50","modified_gmt":"2022-11-22T08:46:50","slug":"lc-dn25d-program-controlled-metal-twisting-wrought-iron-machine","status":"publish","type":"product","link":"https:\/\/zzlcmachinery.com\/tr\/urun\/lc-dn25d-program-controlled-metal-twisting-wrought-iron-machine\/","title":{"rendered":"LC-DN25D Program Kontroll\u00fc Metal B\u00fck\u00fcm Ferforje Makinas\u0131"},"content":{"rendered":"","protected":false},"excerpt":{"rendered":"<p>LC-DN25D Program kontroll\u00fc metal b\u00fck\u00fcm ferforje makinas\u0131n\u0131n en belirgin avantaj\u0131 sadece b\u00fck\u00fcm fonksiyonuna sahip olmay\u0131p ku\u015f kafesi \u00e7i\u00e7eklerini de i\u015fleyebilmesidir.<br \/>\nMakine, Avrupa tarz\u0131 sanat tarz\u0131 kap\u0131lar, pencereler, korkuluklar ve demir metal i\u015fleme i\u00e7in kullan\u0131l\u0131r. \u0130\u015fleme malzemeleri, uluslararas\u0131 ortak boyutlarda yass\u0131 demir, yuvarlak \u00e7elik ve kare \u00e7elik i\u00e7erir. Makine, i\u015fleme program\u0131n\u0131 zaten ayarlam\u0131\u015ft\u0131r ve m\u00fc\u015fteriler de kendi programlar\u0131na ge\u00e7ebilir. kurmak.<br \/>\nMakine rastgele 13 set serbest kal\u0131p verecek ve 5 dakika i\u00e7inde yeni bir kal\u0131p de\u011fi\u015ftirilebilir.<\/p>\n<p>200-800mm uzunlu\u011fundaki b\u00fck\u00fcmler b\u00fck\u00fclebilir, 800mm&#039;den uzun olanlar ise par\u00e7al\u0131 b\u00fck\u00fclebilir. Y\u00fcksek verimlilik.<\/p>\n<p>24 saat \u00e7evrimi\u00e7i hizmet, Herhangi bir sorunuz varsa bize bildirin!<br \/>\n<strong>TEKN\u0130K PARAMETRE<br \/>\n<\/strong><strong>Modeli:LC-DN25C<br \/>\nMaksimum \u00c7al\u0131\u015fma Kabiliyeti :<\/strong> Uzunluk\u2264200-800 mm<br \/>\n<strong>kare \u00e7elik<\/strong> \u226425\u00d725 mm<br \/>\n<strong>Yass\u0131 demir<\/strong> \u226430x8mm<br \/>\n<strong>G\u00fc\u00e7:<\/strong> 4KW<br \/>\n<strong>\u00dccretsiz kal\u0131plar i\u00e7in:<\/strong>6 tak\u0131m kare \u00e7elik kal\u0131plar, 3 tak\u0131m yass\u0131 demir kal\u0131plar<br \/>\n<strong>Gerilim:<\/strong>\u00a0220V\/380V\/415V<br \/>\n<strong>Ambalaj Boyutu:<\/strong> 1400\u00d7620\u00d71100mm<br \/>\n<strong>KB (kg):<\/strong> 550\u00a0 \u00a0 \u00a0 <strong>A\u011f\u0131rl\u0131k (kg):<\/strong> 600<\/p>","protected":false},"featured_media":583,"template":"","meta":{"_kad_post_transparent":"default","_kad_post_title":"","_kad_post_layout":"default","_kad_post_sidebar_id":"","_kad_post_content_style":"default","_kad_post_vertical_padding":"default","_kad_post_feature":"","_kad_post_feature_position":"","_kad_post_header":false,"_kad_post_footer":false},"product_brand":[],"product_cat":[20,29],"product_tag":[122,123,121,119,120,115,114,116,117,118,111],"class_list":{"0":"post-573","1":"product","2":"type-product","3":"status-publish","4":"has-post-thumbnail","6":"product_cat-wrought-iron-twisting-machine","7":"product_cat-electric-wrought-iron-processing-machine","8":"product_tag-basket-flower-making-machine-for-wrought-iron","9":"product_tag-basket-twister-machine","10":"product_tag-buy-iron-twisting-machine-at-best-price","11":"product_tag-electric-wrought-iron-square-bar-twisting-machine","12":"product_tag-finished-product-of-metal-twister","13":"product_tag-lanchen-wrought-iron-machine-for-twist-square-steel-and-flat-iron","14":"product_tag-lc-dn25d-program-controlled-metal-twisting-wrought-iron-machine","15":"product_tag-metal-twisting-machine-for-sale","16":"product_tag-metal-twisting-wrought-iron-machine","17":"product_tag-twisting-mchine-for-metal-craft-precessing","18":"product_tag-wrought-iron-machine","20":"first","21":"instock","22":"shipping-taxable","23":"product-type-simple","24":"entry","25":"content-bg","26":"loop-entry"},"_links":{"self":[{"href":"https:\/\/zzlcmachinery.com\/tr\/wp-json\/wp\/v2\/product\/573","targetHints":{"allow":["GET"]}}],"collection":[{"href":"https:\/\/zzlcmachinery.com\/tr\/wp-json\/wp\/v2\/product"}],"about":[{"href":"https:\/\/zzlcmachinery.com\/tr\/wp-json\/wp\/v2\/types\/product"}],"version-history":[{"count":0,"href":"https:\/\/zzlcmachinery.com\/tr\/wp-json\/wp\/v2\/product\/573\/revisions"}],"wp:featuredmedia":[{"embeddable":true,"href":"https:\/\/zzlcmachinery.com\/tr\/wp-json\/wp\/v2\/media\/583"}],"wp:attachment":[{"href":"https:\/\/zzlcmachinery.com\/tr\/wp-json\/wp\/v2\/media?parent=573"}],"wp:term":[{"taxonomy":"product_brand","embeddable":true,"href":"https:\/\/zzlcmachinery.com\/tr\/wp-json\/wp\/v2\/product_brand?post=573"},{"taxonomy":"product_cat","embeddable":true,"href":"https:\/\/zzlcmachinery.com\/tr\/wp-json\/wp\/v2\/product_cat?post=573"},{"taxonomy":"product_tag","embeddable":true,"href":"https:\/\/zzlcmachinery.com\/tr\/wp-json\/wp\/v2\/product_tag?post=573"}],"curies":[{"name":"wp","href":"https:\/\/api.w.org\/{rel}","templated":true}]}}