{"id":552,"date":"2022-09-26T18:37:04","date_gmt":"2022-09-26T10:37:04","guid":{"rendered":"https:\/\/zzlcmachinery.com\/?post_type=product&#038;p=552"},"modified":"2022-11-22T16:42:46","modified_gmt":"2022-11-22T08:42:46","slug":"lc-dn25c-metal-processing-equipment-steel-bar-twisting-machine-for-wrought-iron","status":"publish","type":"product","link":"https:\/\/zzlcmachinery.com\/tr\/urun\/lc-dn25c-metal-processing-equipment-steel-bar-twisting-machine-for-wrought-iron\/","title":{"rendered":"Ferforje i\u00e7in LC-DN25C Metal \u0130\u015fleme Ekipmanlar\u0131 \u00c7elik \u00c7ubuk B\u00fck\u00fcm Makinesi"},"content":{"rendered":"","protected":false},"excerpt":{"rendered":"<p>LC-DN25C metal i\u015fleme ekipman\u0131 \u00e7elik \u00e7ubuk b\u00fckme makinesi, esas olarak yass\u0131 demir, yuvarlak \u00e7elik, kare \u00e7elik gibi demir metal i\u015fleme i\u00e7in kullan\u0131lan d\u00f6vme demir i\u00e7in makine, manuel ayar ve otomatik tekrar i\u015fleme i\u015flevlerine sahiptir, bu da \u00fcr\u00fcn i\u015flemenin tekd\u00fczeli\u011fini sa\u011flayabilir , i\u015f\u00e7ilik s\u00fcresini ve emek yo\u011funlu\u011funu azalt\u0131r, Ayn\u0131 \u00f6zelliklerde metal i\u015flemeyi partiler halinde yapmak basit bir konudur.<br \/>\nMil h\u0131z\u0131 d\u00fczg\u00fcn, kaba e\u011filir ve daha k\u00fc\u00e7\u00fck profilin ve makinenin maksimum \u00e7al\u0131\u015fma kapasitesini uygulayabilmesini sa\u011flar. B\u00fck\u00fcm makinesi rastgele 9 set serbest kal\u0131p verir ve yeni bir kal\u0131b\u0131 de\u011fi\u015ftirmek i\u00e7in 5 dakika yeterlidir. Matel b\u00fck\u00fcm makinesinin maksimum i\u015fleme kapasitesi 25x25mm kare \u00e7elik, 30x8mm yass\u0131 demirdir.<br \/>\n200-800mm uzunlu\u011fundaki b\u00fck\u00fcmler b\u00fck\u00fclebilir, 800mm&#039;den daha uzun olanlar ise par\u00e7al\u0131 b\u00fck\u00fclebilir. Y\u00fcksek \u00fcretim verimlili\u011fi, saatte 600 adet 12x12mm kare \u00e7elik b\u00fck\u00fclebilir.<br \/>\n24 saat \u00e7evrimi\u00e7i hizmet, Herhangi bir sorunuz varsa bize bildirin!<br \/>\n<strong>TEKN\u0130K PARAMETRE<br \/>\n<\/strong><strong>Modeli:LC-DN25C<br \/>\nMaksimum \u00c7al\u0131\u015fma Kabiliyeti :<\/strong> Uzunluk\u2264200-800 mm<br \/>\n<strong>kare \u00e7elik<\/strong> \u226425\u00d725 mm<br \/>\n<strong>Yass\u0131 demir<\/strong> \u226430x8mm<br \/>\n<strong>G\u00fc\u00e7:<\/strong> 4KW<br \/>\n<strong>\u00dccretsiz kal\u0131plar i\u00e7in:<\/strong>6 tak\u0131m kare \u00e7elik kal\u0131plar, 3 tak\u0131m yass\u0131 demir kal\u0131plar<br \/>\n<strong>Gerilim:<\/strong>\u00a0220V\/380V\/415V<br \/>\n<strong>Ambalaj Boyutu:<\/strong> 1400\u00d7620\u00d71100mm<br \/>\n<strong>KB (kg):<\/strong> 550\u00a0 \u00a0 \u00a0 <strong>A\u011f\u0131rl\u0131k (kg):<\/strong> 600<\/p>","protected":false},"featured_media":572,"template":"","meta":{"_kad_post_transparent":"default","_kad_post_title":"","_kad_post_layout":"default","_kad_post_sidebar_id":"","_kad_post_content_style":"default","_kad_post_vertical_padding":"default","_kad_post_feature":"","_kad_post_feature_position":"","_kad_post_header":false,"_kad_post_footer":false},"product_brand":[],"product_cat":[20,29],"product_tag":[113,112,107,108,109,110,111,106],"class_list":{"0":"post-552","1":"product","2":"type-product","3":"status-publish","4":"has-post-thumbnail","6":"product_cat-wrought-iron-twisting-machine","7":"product_cat-electric-wrought-iron-processing-machine","8":"product_tag-basket-iron-metal-twisting-machine","9":"product_tag-electric-twist-machine","10":"product_tag-electric-wrought-iron-end-folding-machine-for-sale","11":"product_tag-iron-bar-twisting-machine","12":"product_tag-torsion-and-twisting-machine","13":"product_tag-twisting-bending-machine","14":"product_tag-wrought-iron-machine","15":"product_tag-wrought-iron-picket-basket-twister-machine","17":"first","18":"instock","19":"shipping-taxable","20":"product-type-simple","21":"entry","22":"content-bg","23":"loop-entry"},"_links":{"self":[{"href":"https:\/\/zzlcmachinery.com\/tr\/wp-json\/wp\/v2\/product\/552","targetHints":{"allow":["GET"]}}],"collection":[{"href":"https:\/\/zzlcmachinery.com\/tr\/wp-json\/wp\/v2\/product"}],"about":[{"href":"https:\/\/zzlcmachinery.com\/tr\/wp-json\/wp\/v2\/types\/product"}],"version-history":[{"count":0,"href":"https:\/\/zzlcmachinery.com\/tr\/wp-json\/wp\/v2\/product\/552\/revisions"}],"wp:featuredmedia":[{"embeddable":true,"href":"https:\/\/zzlcmachinery.com\/tr\/wp-json\/wp\/v2\/media\/572"}],"wp:attachment":[{"href":"https:\/\/zzlcmachinery.com\/tr\/wp-json\/wp\/v2\/media?parent=552"}],"wp:term":[{"taxonomy":"product_brand","embeddable":true,"href":"https:\/\/zzlcmachinery.com\/tr\/wp-json\/wp\/v2\/product_brand?post=552"},{"taxonomy":"product_cat","embeddable":true,"href":"https:\/\/zzlcmachinery.com\/tr\/wp-json\/wp\/v2\/product_cat?post=552"},{"taxonomy":"product_tag","embeddable":true,"href":"https:\/\/zzlcmachinery.com\/tr\/wp-json\/wp\/v2\/product_tag?post=552"}],"curies":[{"name":"wp","href":"https:\/\/api.w.org\/{rel}","templated":true}]}}