{"id":544,"date":"2022-09-26T16:25:38","date_gmt":"2022-09-26T08:25:38","guid":{"rendered":"https:\/\/zzlcmachinery.com\/?post_type=product&#038;p=544"},"modified":"2023-02-09T20:13:17","modified_gmt":"2023-02-09T12:13:17","slug":"lc-c3-electric-hydraulic-pipe-bender-manufacturers-suppliers","status":"publish","type":"product","link":"https:\/\/zzlcmachinery.com\/tr\/urun\/lc-c3-electric-hydraulic-pipe-bender-manufacturers-suppliers\/","title":{"rendered":"LC-C3 Elektrikli Hidrolik Boru B\u00fck\u00fcc\u00fc \u00dcreticileri ve Tedarik\u00e7ileri"},"content":{"rendered":"","protected":false},"excerpt":{"rendered":"<p>LC-C3 elektrikli hidrolik-hidrolik boru b\u00fckme makinesi \u00fcreticileri ve tedarik\u00e7ileri i\u00e7in ana g\u00fc\u00e7 kayna\u011f\u0131 hidrolik sistemdir,<br \/>\nAna i\u015flevi, kavisli kare ve yuvarlak borular\u0131 i\u015flemek i\u00e7in kullan\u0131labilmesidir. T\u00fcm makineyi yaln\u0131zca bir ki\u015fi \u00e7al\u0131\u015ft\u0131rabilir ve kontrol edebilir ve kal\u0131p 5 dakika i\u00e7inde de\u011fi\u015ftirilebilir, bu da i\u015f\u00e7ilik maliyetlerinden tasarruf sa\u011flar. \u0130\u015flenen \u00fcr\u00fcnler kap\u0131, pencere ve korkuluk \u00fcretiminde yayg\u0131n olarak kullan\u0131lmaktad\u0131r. Makinenin temel atmas\u0131 gerekmez ve m\u00fc\u015fterilerin ihtiya\u00e7lar\u0131n\u0131 kar\u015f\u0131layabilecek \u015fekilde hareket ettirilebilir ve ta\u015f\u0131nabilir. \u00c7e\u015fitli i\u015f yerlerinde kullan\u0131n.<br \/>\nMakine rastgele 9 kombine kal\u0131p seti ta\u015f\u0131r ve kal\u0131plar m\u00fc\u015fterinin malzeme boyutuna g\u00f6re \u00fccretsiz olarak \u00f6zelle\u015ftirilebilir.<br \/>\n24 saat \u00e7evrimi\u00e7i hizmet, Herhangi bir sorunuz varsa bize bildirin!<br \/>\n<strong>TEKN\u0130K PARAMETRE<br \/>\n<\/strong><strong>Modeli:LC-C3<\/strong><br \/>\n<strong>Yuvarlak \u00c7elik:<\/strong> \u03c616mm-76mm<br \/>\n<strong>Kare \u00c7elik:<\/strong> \u226415\u00d715mm-80x80mm<br \/>\n<strong>G\u00fc\u00e7:<\/strong> 2.2KW<br \/>\n<strong>Gerilim:<\/strong>\u00a0220V\/380V\/415V<br \/>\n<strong>Ambalaj Boyutu:<\/strong> 1000x700x1000mm<br \/>\n<strong>KB (kg):<\/strong> 404<br \/>\n<strong>A\u011f\u0131rl\u0131k (kg):<\/strong> 450<\/p>","protected":false},"featured_media":546,"template":"","meta":{"_kad_post_transparent":"default","_kad_post_title":"","_kad_post_layout":"default","_kad_post_sidebar_id":"","_kad_post_content_style":"default","_kad_post_vertical_padding":"default","_kad_post_feature":"","_kad_post_feature_position":"","_kad_post_header":false,"_kad_post_footer":false},"product_brand":[],"product_cat":[30,26],"product_tag":[91,93,95,98,102,103,104,105],"class_list":{"0":"post-544","1":"product","2":"type-product","3":"status-publish","4":"has-post-thumbnail","6":"product_cat-electric-pipe-processing-machine","7":"product_cat-electric-pipe-bending-machine","8":"product_tag-electric-hydraulic-pipe-bender-manufacturers-suppliers","9":"product_tag-electric-pipe-bender","10":"product_tag-electric-pipe-benders-for-sale","11":"product_tag-hydraulic-pipe-bender-for-sale","12":"product_tag-round-pipe-and-square-tube-moulds-for-pipe-bending-machine","13":"product_tag-round-pipe-bending-machine-for-sale","14":"product_tag-square-tube-bender-for-sale","15":"product_tag-tube-pipe-bending-machine-withe-cheapest-price","17":"first","18":"instock","19":"shipping-taxable","20":"product-type-simple","21":"entry","22":"content-bg","23":"loop-entry"},"_links":{"self":[{"href":"https:\/\/zzlcmachinery.com\/tr\/wp-json\/wp\/v2\/product\/544","targetHints":{"allow":["GET"]}}],"collection":[{"href":"https:\/\/zzlcmachinery.com\/tr\/wp-json\/wp\/v2\/product"}],"about":[{"href":"https:\/\/zzlcmachinery.com\/tr\/wp-json\/wp\/v2\/types\/product"}],"version-history":[{"count":0,"href":"https:\/\/zzlcmachinery.com\/tr\/wp-json\/wp\/v2\/product\/544\/revisions"}],"wp:featuredmedia":[{"embeddable":true,"href":"https:\/\/zzlcmachinery.com\/tr\/wp-json\/wp\/v2\/media\/546"}],"wp:attachment":[{"href":"https:\/\/zzlcmachinery.com\/tr\/wp-json\/wp\/v2\/media?parent=544"}],"wp:term":[{"taxonomy":"product_brand","embeddable":true,"href":"https:\/\/zzlcmachinery.com\/tr\/wp-json\/wp\/v2\/product_brand?post=544"},{"taxonomy":"product_cat","embeddable":true,"href":"https:\/\/zzlcmachinery.com\/tr\/wp-json\/wp\/v2\/product_cat?post=544"},{"taxonomy":"product_tag","embeddable":true,"href":"https:\/\/zzlcmachinery.com\/tr\/wp-json\/wp\/v2\/product_tag?post=544"}],"curies":[{"name":"wp","href":"https:\/\/api.w.org\/{rel}","templated":true}]}}