{"id":518,"date":"2022-09-21T19:15:14","date_gmt":"2022-09-21T11:15:14","guid":{"rendered":"https:\/\/zzlcmachinery.com\/?post_type=product&#038;p=518"},"modified":"2022-11-22T16:37:52","modified_gmt":"2022-11-22T08:37:52","slug":"lc-f4-electric-multifunction-flat-steel-fishtail-end-forming-machine-for-metal-craft","status":"publish","type":"product","link":"https:\/\/zzlcmachinery.com\/tr\/urun\/lc-f4-electric-multifunction-flat-steel-fishtail-end-forming-machine-for-metal-craft\/","title":{"rendered":"LC-F4 Elektrikli \u00c7ok \u0130\u015flevli D\u00fcz \u00c7elik Bal\u0131k Kuyru\u011fu Ucu Metal El Sanatlar\u0131 \u0130\u00e7in \u015eekillendirme Makinesi"},"content":{"rendered":"","protected":false},"excerpt":{"rendered":"<p>Metal zanaat i\u00e7in bu LC-F4 elektrikli \u00e7ok i\u015flevli yass\u0131 \u00e7elik bal\u0131k kuyru\u011fu u\u00e7 \u015fekillendirme makinesi, yaln\u0131zca yass\u0131 demir, yuvarlak \u00e7elik, kare \u00e7eli\u011fi bal\u0131k kuyru\u011fu \u015feklinde i\u015fleyemeyen \u00e7ok i\u015flevli bir bal\u0131k kuyru\u011fu i\u015fleme makinesidir (ince desenli bal\u0131k kuyru\u011fu veya bal\u0131k kuyru\u011fu ile bal\u0131k kuyru\u011fu) kal\u0131n desen), ancak ayn\u0131 zamanda sivri ve d\u00fcz desenleri de \u00e7\u0131karabilir. Bu makine, bal\u0131k kuyru\u011fu i\u015fleme makinelerinin sat\u0131n al\u0131nmas\u0131nda \u00e7ok uygun maliyetlidir! Bu LC-F4 bal\u0131k kuyru\u011fu i\u015fleme makinesinin \u00f6nce malzemeyi \u0131s\u0131tmas\u0131 ve ard\u0131ndan s\u0131cak pres makinesi olan i\u015flemesi gerekti\u011fine dikkat edilmelidir.<br \/>\nBu makine \u00f6zel eksantrik mil kal\u0131b\u0131 ile tasarlanm\u0131\u015ft\u0131r, \u00f6mr\u00fc F3 bal\u0131k kuyru\u011fu makinesinin \u00f6mr\u00fcn\u00fcn \u00fc\u00e7 kat\u0131d\u0131r.<br \/>\n24 saat \u00e7evrimi\u00e7i hizmet, Herhangi bir sorunuz varsa bize bildirin!<br \/>\n<strong>TEKN\u0130K PARAMETRE<br \/>\n<\/strong><strong>Modeli:LC-F4<br \/>\nYass\u0131 Demir:<\/strong> \u22648\u00d750mm<br \/>\n<strong>Yuvarlak \u00c7elik:<\/strong> \u03c616mm<br \/>\n<strong>Kare \u00c7elik:<\/strong> \u226416\u00d716mm<br \/>\n<strong>G\u00fc\u00e7:<\/strong> 2.2KW<br \/>\n<strong>Gerilim:<\/strong>\u00a0220V\/380V\/415V<br \/>\n<strong>Ambalaj Boyutu:<\/strong> 1220\u00d7600\u00d71250mm<br \/>\n<strong>KB (kg):<\/strong> 290<br \/>\n<strong>A\u011f\u0131rl\u0131k (kg):<\/strong> 340<\/p>","protected":false},"featured_media":522,"template":"","meta":{"_kad_post_transparent":"default","_kad_post_title":"","_kad_post_layout":"default","_kad_post_sidebar_id":"","_kad_post_content_style":"default","_kad_post_vertical_padding":"default","_kad_post_feature":"","_kad_post_feature_position":"","_kad_post_header":false,"_kad_post_footer":false},"product_brand":[],"product_cat":[29,24],"product_tag":[79,86,87,90,80,88,85,83,89],"class_list":{"0":"post-518","1":"product","2":"type-product","3":"status-publish","4":"has-post-thumbnail","6":"product_cat-electric-wrought-iron-processing-machine","7":"product_cat-wrought-iron-fishtail-forging-machine","8":"product_tag-blacksmith-rolling-mill-for-sale","9":"product_tag-china-hot-roll-fishtail-making-mchine","10":"product_tag-die-for-wrought-iron-fishtail-making-machine","11":"product_tag-electric-multifunction-flat-steel-fishtail-end-forming-machine-for-metal-craft","12":"product_tag-fishtail-end-forging-machine","13":"product_tag-fishtail-machine-supplier-and-manufacturer-in-china","14":"product_tag-flat-steel-fishtail-end-forming-machine","15":"product_tag-hot-roll-fishtail-mill-machine","16":"product_tag-metal-fishtail-coining-machine-wrought-iron-machine","18":"first","19":"instock","20":"shipping-taxable","21":"product-type-simple","22":"entry","23":"content-bg","24":"loop-entry"},"_links":{"self":[{"href":"https:\/\/zzlcmachinery.com\/tr\/wp-json\/wp\/v2\/product\/518","targetHints":{"allow":["GET"]}}],"collection":[{"href":"https:\/\/zzlcmachinery.com\/tr\/wp-json\/wp\/v2\/product"}],"about":[{"href":"https:\/\/zzlcmachinery.com\/tr\/wp-json\/wp\/v2\/types\/product"}],"version-history":[{"count":0,"href":"https:\/\/zzlcmachinery.com\/tr\/wp-json\/wp\/v2\/product\/518\/revisions"}],"wp:featuredmedia":[{"embeddable":true,"href":"https:\/\/zzlcmachinery.com\/tr\/wp-json\/wp\/v2\/media\/522"}],"wp:attachment":[{"href":"https:\/\/zzlcmachinery.com\/tr\/wp-json\/wp\/v2\/media?parent=518"}],"wp:term":[{"taxonomy":"product_brand","embeddable":true,"href":"https:\/\/zzlcmachinery.com\/tr\/wp-json\/wp\/v2\/product_brand?post=518"},{"taxonomy":"product_cat","embeddable":true,"href":"https:\/\/zzlcmachinery.com\/tr\/wp-json\/wp\/v2\/product_cat?post=518"},{"taxonomy":"product_tag","embeddable":true,"href":"https:\/\/zzlcmachinery.com\/tr\/wp-json\/wp\/v2\/product_tag?post=518"}],"curies":[{"name":"wp","href":"https:\/\/api.w.org\/{rel}","templated":true}]}}