{"id":505,"date":"2022-09-19T20:51:29","date_gmt":"2022-09-19T12:51:29","guid":{"rendered":"https:\/\/zzlcmachinery.com\/?post_type=product&#038;p=505"},"modified":"2022-11-22T16:11:14","modified_gmt":"2022-11-22T08:11:14","slug":"lc-dw16e-wrought-iron-scroll-forming-machine-with-factory-price","status":"publish","type":"product","link":"https:\/\/zzlcmachinery.com\/tr\/urun\/lc-dw16e-fabrika-fiyatli-dovme-parsomen-sekillendirme-makinesi\/","title":{"rendered":"Fabrika Fiyatl\u0131 LC-DW16E Ferforje Kayd\u0131rmal\u0131 \u015eekillendirme Makinesi"},"content":{"rendered":"","protected":false},"excerpt":{"rendered":"<p>Fabrika fiyat\u0131na sahip LC-DW16E d\u00f6vme demir kayd\u0131rmal\u0131 \u015fekillendirme makinesi, LC-DW16C ve LC-DW16D&#039;den farkl\u0131d\u0131r. Rulet ve engelleme kolu g\u00fcncellendi. Bu makine yaln\u0131zca orijinal dozaj formunun i\u015fleme kapasitesini korumakla kalmaz, ayn\u0131 zamanda boyutu art\u0131ran 6 ekstra b\u00fcy\u00fck kal\u0131b\u0131 da e\u015fle\u015ftirir. Bu nedenle, i\u015flenen modelin boyutu \u00e7ok daha b\u00fcy\u00fckt\u00fcr ve i\u015flem daha uygundur. Demirci at\u00f6lyeleri ve metal i\u015fleme fabrikalar\u0131 i\u00e7in makinenin i\u015fleme aral\u0131\u011f\u0131n\u0131 geni\u015fletmek iyi bir se\u00e7imdir.<br \/>\n24 saat \u00e7evrimi\u00e7i hizmet, Herhangi bir sorunuz varsa bize bildirin!<br \/>\n<strong>TEKN\u0130K PARAMETRE<br \/>\n<\/strong><strong>Modeli:LC-DW16E<br \/>\nYass\u0131 Demir:<\/strong> \u22648\u00d750mm<br \/>\n<strong>Yuvarlak \u00c7elik:<\/strong> \u03c616mm<br \/>\n<strong>Kare \u00c7elik:<\/strong> \u226416\u00d716mm<br \/>\n<strong>\u0130\u015fleme h\u0131z\u0131:<\/strong> 500 adet \/ saat<br \/>\n<strong>G\u00fc\u00e7:<\/strong> 2.2KW<br \/>\n<strong>Gerilim:<\/strong>\u00a0220V\/380V\/415V<br \/>\n<strong>Ambalaj Boyutu:<\/strong> 1900\u00d7710\u00d71420mm<br \/>\n<strong>KB (kg):<\/strong> 1180<br \/>\n<strong>A\u011f\u0131rl\u0131k (kg):<\/strong> 1300<\/p>","protected":false},"featured_media":498,"template":"","meta":{"_kad_post_transparent":"default","_kad_post_title":"","_kad_post_layout":"default","_kad_post_sidebar_id":"","_kad_post_content_style":"default","_kad_post_vertical_padding":"default","_kad_post_feature":"","_kad_post_feature_position":"","_kad_post_header":false,"_kad_post_footer":false},"product_brand":[],"product_cat":[29,27],"product_tag":[77,76,70,78,71,49,74,66,72,73],"class_list":{"0":"post-505","1":"product","2":"type-product","3":"status-publish","4":"has-post-thumbnail","6":"product_cat-electric-wrought-iron-processing-machine","7":"product_cat-electric-scroll-bending-machine","8":"product_tag-dies-for-scrolling-bending-machine","9":"product_tag-electric-flat-iron-scroll-bending-machine","10":"product_tag-electric-ornamental-bender","11":"product_tag-electric-round-steell-scroll-bending-machine","12":"product_tag-electric-scroll-benders","13":"product_tag-electric-scroll-bending-machine","14":"product_tag-electric-square-steel-scroll-bending-machine","15":"product_tag-metal-roller-bender-for-sale","16":"product_tag-metal-scroll-bender","17":"product_tag-wrought-iron-scrolling","19":"first","20":"instock","21":"shipping-taxable","22":"product-type-simple","23":"entry","24":"content-bg","25":"loop-entry"},"_links":{"self":[{"href":"https:\/\/zzlcmachinery.com\/tr\/wp-json\/wp\/v2\/product\/505","targetHints":{"allow":["GET"]}}],"collection":[{"href":"https:\/\/zzlcmachinery.com\/tr\/wp-json\/wp\/v2\/product"}],"about":[{"href":"https:\/\/zzlcmachinery.com\/tr\/wp-json\/wp\/v2\/types\/product"}],"version-history":[{"count":0,"href":"https:\/\/zzlcmachinery.com\/tr\/wp-json\/wp\/v2\/product\/505\/revisions"}],"wp:featuredmedia":[{"embeddable":true,"href":"https:\/\/zzlcmachinery.com\/tr\/wp-json\/wp\/v2\/media\/498"}],"wp:attachment":[{"href":"https:\/\/zzlcmachinery.com\/tr\/wp-json\/wp\/v2\/media?parent=505"}],"wp:term":[{"taxonomy":"product_brand","embeddable":true,"href":"https:\/\/zzlcmachinery.com\/tr\/wp-json\/wp\/v2\/product_brand?post=505"},{"taxonomy":"product_cat","embeddable":true,"href":"https:\/\/zzlcmachinery.com\/tr\/wp-json\/wp\/v2\/product_cat?post=505"},{"taxonomy":"product_tag","embeddable":true,"href":"https:\/\/zzlcmachinery.com\/tr\/wp-json\/wp\/v2\/product_tag?post=505"}],"curies":[{"name":"wp","href":"https:\/\/api.w.org\/{rel}","templated":true}]}}