{"id":491,"date":"2022-09-18T23:48:30","date_gmt":"2022-09-18T15:48:30","guid":{"rendered":"https:\/\/zzlcmachinery.com\/?post_type=product&#038;p=491"},"modified":"2022-11-22T16:09:22","modified_gmt":"2022-11-22T08:09:22","slug":"lc-f3-decorative-automatic-blacksmith-fishtail-making-machine-for-sale","status":"publish","type":"product","link":"https:\/\/zzlcmachinery.com\/tr\/urun\/lc-f3-decorative-automatic-blacksmith-fishtail-making-machine-for-sale\/","title":{"rendered":"Sat\u0131l\u0131k LC-F3 Dekoratif Otomatik Demirci Bal\u0131k Kuyru\u011fu Yapma makinesi"},"content":{"rendered":"","protected":false},"excerpt":{"rendered":"<p>Sat\u0131l\u0131k LC-F3 Dekoratif otomatik demirci bal\u0131k kuyru\u011fu yapma makinesi, Bu makine do\u011frudan yass\u0131 demir, yuvarlak \u00e7elik ve kare \u00e7eli\u011fi i\u015flemek i\u00e7in malzemeyi d\u00fczle\u015ftirmeye gerek kalmadan do\u011frudan kullan\u0131labilir, \u00e7\u00fcnk\u00fc i\u015flenmi\u015f \u00fcr\u00fcn bir bal\u0131\u011f\u0131n kuyru\u011funa benzer, bu y\u00fczden bal\u0131k kuyru\u011fu yapma makinesi denir. Bu bal\u0131k kuyru\u011fu i\u015fleme makinesi, b\u00fcy\u00fck bir torka sahip bir siklon red\u00fckt\u00f6r ile donat\u0131lm\u0131\u015ft\u0131r. \u015eanz\u0131man ve \u00e7al\u0131\u015fma alan\u0131 aras\u0131nda \u00f6zel bir tork iletimi y\u00f6ntemi. Makinelerin sorunsuz ve g\u00fcvenilir \u00e7al\u0131\u015fmas\u0131n\u0131 sa\u011flay\u0131n. Makine bir kumpas konumland\u0131rma cihaz\u0131na sahiptir ve besleme uzunlu\u011fu gerekti\u011fi gibi ayarlanabilir. Saatte 300 adet 8x40mm bal\u0131k kuyru\u011fu yapabilir ve y\u00fcksek \u00fcretim verimlili\u011fi, kap\u0131 ve pencerelerin seri \u00fcretimi i\u00e7in gerekli ko\u015fullar\u0131 yarat\u0131r.<br \/>\n24 saat \u00e7evrimi\u00e7i hizmet, Herhangi bir sorunuz varsa bize bildirin!<br \/>\n<strong>TEKN\u0130K PARAMETRE<br \/>\n<\/strong><strong>Modeli:LC-F3<br \/>\nYass\u0131 Demir:<\/strong> \u22648\u00d750mm<br \/>\n<strong>Yuvarlak \u00c7elik:<\/strong> \u03c616mm<br \/>\n<strong>Kare \u00c7elik:<\/strong> \u226416\u00d716mm<br \/>\n<strong>G\u00fc\u00e7:<\/strong> 2.2KW<br \/>\n<strong>Gerilim:<\/strong>\u00a0220V\/380V\/415V<br \/>\n<strong>Ambalaj Boyutu:<\/strong> 1165\u00d7560\u00d71100mm<br \/>\n<strong>KB (kg):<\/strong> 350<br \/>\n<strong>A\u011f\u0131rl\u0131k (kg):<\/strong> 400<\/p>","protected":false},"featured_media":507,"template":"","meta":{"_kad_post_transparent":"default","_kad_post_title":"","_kad_post_layout":"default","_kad_post_sidebar_id":"","_kad_post_content_style":"default","_kad_post_vertical_padding":"default","_kad_post_feature":"","_kad_post_feature_position":"","_kad_post_header":false,"_kad_post_footer":false},"product_brand":[],"product_cat":[29,24],"product_tag":[79,80,82,81,83,84],"class_list":{"0":"post-491","1":"product","2":"type-product","3":"status-publish","4":"has-post-thumbnail","6":"product_cat-electric-wrought-iron-processing-machine","7":"product_cat-wrought-iron-fishtail-forging-machine","8":"product_tag-blacksmith-rolling-mill-for-sale","9":"product_tag-fishtail-end-forging-machine","10":"product_tag-fishtail-machine","11":"product_tag-fishtail-machine-manufacturer-supplier","12":"product_tag-hot-roll-fishtail-mill-machine","13":"product_tag-wrought-iron-forging-fishtail-making-machine","15":"first","16":"instock","17":"shipping-taxable","18":"product-type-simple","19":"entry","20":"content-bg","21":"loop-entry"},"_links":{"self":[{"href":"https:\/\/zzlcmachinery.com\/tr\/wp-json\/wp\/v2\/product\/491","targetHints":{"allow":["GET"]}}],"collection":[{"href":"https:\/\/zzlcmachinery.com\/tr\/wp-json\/wp\/v2\/product"}],"about":[{"href":"https:\/\/zzlcmachinery.com\/tr\/wp-json\/wp\/v2\/types\/product"}],"version-history":[{"count":0,"href":"https:\/\/zzlcmachinery.com\/tr\/wp-json\/wp\/v2\/product\/491\/revisions"}],"wp:featuredmedia":[{"embeddable":true,"href":"https:\/\/zzlcmachinery.com\/tr\/wp-json\/wp\/v2\/media\/507"}],"wp:attachment":[{"href":"https:\/\/zzlcmachinery.com\/tr\/wp-json\/wp\/v2\/media?parent=491"}],"wp:term":[{"taxonomy":"product_brand","embeddable":true,"href":"https:\/\/zzlcmachinery.com\/tr\/wp-json\/wp\/v2\/product_brand?post=491"},{"taxonomy":"product_cat","embeddable":true,"href":"https:\/\/zzlcmachinery.com\/tr\/wp-json\/wp\/v2\/product_cat?post=491"},{"taxonomy":"product_tag","embeddable":true,"href":"https:\/\/zzlcmachinery.com\/tr\/wp-json\/wp\/v2\/product_tag?post=491"}],"curies":[{"name":"wp","href":"https:\/\/api.w.org\/{rel}","templated":true}]}}