{"id":476,"date":"2022-09-18T16:47:50","date_gmt":"2022-09-18T08:47:50","guid":{"rendered":"https:\/\/zzlcmachinery.com\/?post_type=product&#038;p=476"},"modified":"2022-11-22T16:06:50","modified_gmt":"2022-11-22T08:06:50","slug":"lc-dw16d-wrought-iron-metal-scroll-bender-automatic-scroll-bending-machine-for-processing-gate-and-windows","status":"publish","type":"product","link":"https:\/\/zzlcmachinery.com\/tr\/urun\/lc-dw16d-dovulmus-demir-metal-kaydirma-bukucu-otomatik-kaydirma-bukme-makinesi-icin-isleme-kapi-ve-pencereleri\/","title":{"rendered":"LC-DW16D Ferforje Metal Kayd\u0131rma B\u00fck\u00fcc\u00fc Kap\u0131 ve Pencereleri \u0130\u015fleme \u0130\u00e7in Otomatik Kayd\u0131rma B\u00fckme Makinesi"},"content":{"rendered":"","protected":false},"excerpt":{"rendered":"<p>Kap\u0131 ve pencereleri i\u015flemek i\u00e7in bu LC-DW16D ferforje metal kayd\u0131rma b\u00fck\u00fcc\u00fc otomatik kayd\u0131rma b\u00fckme makinesi, bir demirci d\u00fckkan\u0131 veya Avrupa tarz\u0131 bir metal i\u015fleme ba\u015flang\u0131\u00e7 e\u011fitim kurumu i\u015fleten patronlar i\u00e7in \u00e7ok uygundur. Bu makine, 9 set serbest kal\u0131pla birlikte gelir. 6 tak\u0131m kal\u0131b\u0131 \u00e7e\u015fitli ebatlardaki \u201cC\u201d, \u201cP\u201d, \u201cS\u201d kal\u0131plar\u0131n\u0131 b\u00fckmek i\u00e7in kullan\u0131l\u0131r ve di\u011fer 3 tak\u0131m kal\u0131plar E\u011fimli yaylar, kavisli k\u00f6\u015feler gibi \u00f6zel \u015fekilli kal\u0131plar\u0131 i\u015flemek i\u00e7in kullan\u0131l\u0131r. , d\u00fczle\u015ftirilmi\u015f, toplu kavisli k\u00fc\u00e7\u00fck daireler, vb.<br \/>\n24 saat \u00e7evrimi\u00e7i hizmet, sorgunuzu bekliyor!<br \/>\n<strong>TEKN\u0130K PARAMETRE<br \/>\n<\/strong><strong>Modeli:LC-DW16D<br \/>\nYass\u0131 Demir:<\/strong> \u22648\u00d750mm<br \/>\n<strong>Yuvarlak \u00c7elik:<\/strong> \u03c616mm<br \/>\n<strong>Kare \u00c7elik:<\/strong> \u226416\u00d716mm<br \/>\n<strong>Yuvarlanma H\u0131z\u0131:<\/strong> 500 adet \/ saat<br \/>\n<strong>G\u00fc\u00e7:<\/strong> 2.2KW<br \/>\n<strong>Gerilim:<\/strong>\u00a0220V\/380V\/415V<br \/>\n<strong>Ambalaj Boyutu:<\/strong> 1000\u00d7700\u00d71200mm<br \/>\n<strong>KB (kg):<\/strong> 420<br \/>\n<strong>A\u011f\u0131rl\u0131k (kg):<\/strong> 450<\/p>","protected":false},"featured_media":478,"template":"","meta":{"_kad_post_transparent":"default","_kad_post_title":"","_kad_post_layout":"default","_kad_post_sidebar_id":"","_kad_post_content_style":"default","_kad_post_vertical_padding":"default","_kad_post_feature":"","_kad_post_feature_position":"","_kad_post_header":false,"_kad_post_footer":false},"product_brand":[],"product_cat":[29,27],"product_tag":[68,64,65,66,67,51],"class_list":{"0":"post-476","1":"product","2":"type-product","3":"status-publish","4":"has-post-thumbnail","6":"product_cat-electric-wrought-iron-processing-machine","7":"product_cat-electric-scroll-bending-machine","8":"product_tag-3-special-shaped-device-molds-for-electric-scroll-bending-machine","9":"product_tag-electric-metal-bender-for-sale","10":"product_tag-induction-forge-for-sale","11":"product_tag-metal-roller-bender-for-sale","12":"product_tag-scroll-bender","13":"product_tag-wrought-iron-bending-machine","15":"first","16":"instock","17":"shipping-taxable","18":"product-type-simple","19":"entry","20":"content-bg","21":"loop-entry"},"_links":{"self":[{"href":"https:\/\/zzlcmachinery.com\/tr\/wp-json\/wp\/v2\/product\/476","targetHints":{"allow":["GET"]}}],"collection":[{"href":"https:\/\/zzlcmachinery.com\/tr\/wp-json\/wp\/v2\/product"}],"about":[{"href":"https:\/\/zzlcmachinery.com\/tr\/wp-json\/wp\/v2\/types\/product"}],"version-history":[{"count":0,"href":"https:\/\/zzlcmachinery.com\/tr\/wp-json\/wp\/v2\/product\/476\/revisions"}],"wp:featuredmedia":[{"embeddable":true,"href":"https:\/\/zzlcmachinery.com\/tr\/wp-json\/wp\/v2\/media\/478"}],"wp:attachment":[{"href":"https:\/\/zzlcmachinery.com\/tr\/wp-json\/wp\/v2\/media?parent=476"}],"wp:term":[{"taxonomy":"product_brand","embeddable":true,"href":"https:\/\/zzlcmachinery.com\/tr\/wp-json\/wp\/v2\/product_brand?post=476"},{"taxonomy":"product_cat","embeddable":true,"href":"https:\/\/zzlcmachinery.com\/tr\/wp-json\/wp\/v2\/product_cat?post=476"},{"taxonomy":"product_tag","embeddable":true,"href":"https:\/\/zzlcmachinery.com\/tr\/wp-json\/wp\/v2\/product_tag?post=476"}],"curies":[{"name":"wp","href":"https:\/\/api.w.org\/{rel}","templated":true}]}}