{"id":456,"date":"2022-09-16T14:18:00","date_gmt":"2022-09-16T06:18:00","guid":{"rendered":"https:\/\/zzlcmachinery.com\/?post_type=product&#038;p=456"},"modified":"2022-09-21T21:59:14","modified_gmt":"2022-09-21T13:59:14","slug":"lc-dl60c-metal-tube-wrought-iron-cold-rolling-embossing-machine-for-sale","status":"publish","type":"product","link":"https:\/\/zzlcmachinery.com\/tr\/urun\/lc-dl60c-metal-tube-wrought-iron-cold-rolling-embossing-machine-for-sale\/","title":{"rendered":"Sat\u0131l\u0131k LC-DL60C Metal Boru Ferforje So\u011fuk Haddeleme Kabartma Makinesi"},"content":{"rendered":"","protected":false},"excerpt":{"rendered":"<p>Sat\u0131l\u0131k bu LC-DL60C metal boru ferforje so\u011fuk haddeleme kabartma makinesi, so\u011fuk haddeleme veya metal malzemeleri d\u00f6vme i\u00e7in profesyonel bir ekipmand\u0131r. Bu makinenin en belirgin \u00f6zelli\u011fi merdiven korkuluk borular\u0131n\u0131 i\u015fleyebilmesi ve s\u0131radan bir yuvarlak boruyu deforme ederek merdiven korkulu\u011funa d\u00f6n\u00fc\u015ft\u00fcrebilmesidir. \u015fekil, rastgele Merdiven korkuluklar\u0131 i\u00e7in 2 tak\u0131m serbest kal\u0131p ve 15 tak\u0131m di\u011fer serbest kal\u0131plar (yass\u0131 demir, kare \u00e7elik, yuvarlak \u00e7elik, kare boru malzemeleri i\u00e7in kal\u0131plar), \u00fccretsiz \u00f6zel kal\u0131p hizmeti veriyoruz, sorgunuzu d\u00f6rt g\u00f6zle bekliyoruz!<br \/>\n<strong>TEKN\u0130K PARAMETRE<br \/>\n<\/strong><strong>Modeli:LC-DL60C<\/strong><br \/>\n<strong>Yass\u0131 Demir:<\/strong>\u00a0\u226410\u00d760mm<br \/>\n<strong>Kare \u00c7elik:<\/strong>\u00a0\u226425\u00d725mm<br \/>\n<strong>Kare boru:<\/strong>\u00a0\u226460\u00d760mm<br \/>\n<strong>Yuvarlanma H\u0131z\u0131:<\/strong> 308 ay\/saat<br \/>\n<strong>G\u00fc\u00e7:<\/strong> 7.5KW<br \/>\n<strong>Gerilim:<\/strong> 220V\/380V\/415V 50HZ<br \/>\n<strong>Ambalaj Boyutu:<\/strong>\u00a01900\u00d7710\u00d71420mm<br \/>\n<strong>KB (kg):<\/strong> 1310<br \/>\n<strong>A\u011f\u0131rl\u0131k (kg):<\/strong> 1410<\/p>","protected":false},"featured_media":463,"template":"","meta":{"_kad_post_transparent":"default","_kad_post_title":"hide","_kad_post_layout":"fullwidth","_kad_post_sidebar_id":"","_kad_post_content_style":"unboxed","_kad_post_vertical_padding":"hide","_kad_post_feature":"hide","_kad_post_feature_position":"","_kad_post_header":false,"_kad_post_footer":false},"product_brand":[],"product_cat":[29,19],"product_tag":[47,62,61,63,45,60,58,59],"class_list":{"0":"post-456","1":"product","2":"type-product","3":"status-publish","4":"has-post-thumbnail","6":"product_cat-electric-wrought-iron-processing-machine","7":"product_cat-cold-rolling-embossing-machine","8":"product_tag-cold-rolling-embossing-machine","9":"product_tag-electric-wrought-iron-machine","10":"product_tag-iron-ornamental-embossing-machine","11":"product_tag-lc-dl60c-handrail-dies-options-for-round-pipe-embossing-machine","12":"product_tag-steel-pipe-roller-embossing-machine","13":"product_tag-the-round-tube-becomes-a-stair-handrail-after-being-processed-by-the-tube-embossing-machine","14":"product_tag-tube-embossing-machine","15":"product_tag-wrought-iron-cold-rolling-embossing-machine","17":"first","18":"instock","19":"shipping-taxable","20":"product-type-simple","21":"entry","22":"content-bg","23":"loop-entry"},"_links":{"self":[{"href":"https:\/\/zzlcmachinery.com\/tr\/wp-json\/wp\/v2\/product\/456","targetHints":{"allow":["GET"]}}],"collection":[{"href":"https:\/\/zzlcmachinery.com\/tr\/wp-json\/wp\/v2\/product"}],"about":[{"href":"https:\/\/zzlcmachinery.com\/tr\/wp-json\/wp\/v2\/types\/product"}],"version-history":[{"count":0,"href":"https:\/\/zzlcmachinery.com\/tr\/wp-json\/wp\/v2\/product\/456\/revisions"}],"wp:featuredmedia":[{"embeddable":true,"href":"https:\/\/zzlcmachinery.com\/tr\/wp-json\/wp\/v2\/media\/463"}],"wp:attachment":[{"href":"https:\/\/zzlcmachinery.com\/tr\/wp-json\/wp\/v2\/media?parent=456"}],"wp:term":[{"taxonomy":"product_brand","embeddable":true,"href":"https:\/\/zzlcmachinery.com\/tr\/wp-json\/wp\/v2\/product_brand?post=456"},{"taxonomy":"product_cat","embeddable":true,"href":"https:\/\/zzlcmachinery.com\/tr\/wp-json\/wp\/v2\/product_cat?post=456"},{"taxonomy":"product_tag","embeddable":true,"href":"https:\/\/zzlcmachinery.com\/tr\/wp-json\/wp\/v2\/product_tag?post=456"}],"curies":[{"name":"wp","href":"https:\/\/api.w.org\/{rel}","templated":true}]}}