{"id":446,"date":"2022-09-15T15:59:08","date_gmt":"2022-09-15T07:59:08","guid":{"rendered":"https:\/\/zzlcmachinery.com\/?post_type=product&#038;p=446"},"modified":"2022-09-21T21:54:50","modified_gmt":"2022-09-21T13:54:50","slug":"lc-dl60b-metalcraft-automatic-cold-rolling-embossing-machine","status":"publish","type":"product","link":"https:\/\/zzlcmachinery.com\/tr\/urun\/lc-dl60b-metalcraft-automatic-cold-rolling-embossing-machine\/","title":{"rendered":"LC-DL60B Metalcraft Otomatik So\u011fuk Hadde Kabartma Makinesi"},"content":{"rendered":"","protected":false},"excerpt":{"rendered":"<p>LC-DL60B Metalcraft Otomatik So\u011fuk Haddeleme Kabartma Makinesi, d\u00f6vme \u00e7elik \u00fcretimi i\u00e7in profesyonel bir ekipmand\u0131r. Bu makine, metal y\u00fczeyleri kabartarak ve tekst\u00fcre ederek malzemeye de\u011fer katman\u0131n \u00e7ok h\u0131zl\u0131 bir yoludur. Farkl\u0131 kal\u0131plar\u0131 de\u011fi\u015ftirerek s\u0131radan yass\u0131 \u00e7elik, kare \u00e7elik, kare boru ve yuvarlak \u00e7ubu\u011fu \u00e7e\u015fitli d\u00f6vme malzemelerine i\u015fleyebilir. M\u00fc\u015fterilerin makinenin kullan\u0131m\u0131nda h\u0131zl\u0131 bir \u015fekilde ustala\u015fmas\u0131n\u0131 ve yerel pazar\u0131 i\u015fgal etmesini zenginlik yaratman\u0131n alt\u0131n anahtar\u0131d\u0131r.<br \/>\n<strong>TEKN\u0130K PARAMETRE<br \/>\n<\/strong><strong>Modeli:LC-DL60B<\/strong><br \/>\n<strong>Yass\u0131 Demir:<\/strong>\u00a0\u226410\u00d760mm<br \/>\n<strong>Kare \u00c7elik:<\/strong>\u00a0\u226425\u00d725mm<br \/>\n<strong>Kare boru:<\/strong>\u00a0\u226460\u00d760mm<br \/>\n<strong>Yuvarlanma H\u0131z\u0131:<\/strong> 1-408M\/S<br \/>\n<strong>G\u00fc\u00e7:<\/strong> 7.5KW<br \/>\n<strong>Gerilim:<\/strong> 220V\/380V\/415V 50HZ<br \/>\n<strong>Ambalaj Boyutu:<\/strong>\u00a01900\u00d7710\u00d71420mm<br \/>\n<strong>KB (kg):<\/strong> 1180<br \/>\n<strong>A\u011f\u0131rl\u0131k (kg):<\/strong> 1300<\/p>","protected":false},"featured_media":453,"template":"","meta":{"_kad_post_transparent":"default","_kad_post_title":"hide","_kad_post_layout":"fullwidth","_kad_post_sidebar_id":"","_kad_post_content_style":"unboxed","_kad_post_vertical_padding":"hide","_kad_post_feature":"hide","_kad_post_feature_position":"","_kad_post_header":false,"_kad_post_footer":false},"product_brand":[],"product_cat":[29,19],"product_tag":[56,55,57,54,53],"class_list":{"0":"post-446","1":"product","2":"type-product","3":"status-publish","4":"has-post-thumbnail","6":"product_cat-electric-wrought-iron-processing-machine","7":"product_cat-cold-rolling-embossing-machine","8":"product_tag-black-smith-ornamental-iron-machine","9":"product_tag-cold-rolling-embossing-machine-in-china","10":"product_tag-metal-cold-embossing-machine-adjustable-processing-speed","11":"product_tag-roller-embosser-machine-for-sale","12":"product_tag-wrought-iron-machine-for-iron-work","14":"first","15":"instock","16":"shipping-taxable","17":"product-type-simple","18":"entry","19":"content-bg","20":"loop-entry"},"_links":{"self":[{"href":"https:\/\/zzlcmachinery.com\/tr\/wp-json\/wp\/v2\/product\/446","targetHints":{"allow":["GET"]}}],"collection":[{"href":"https:\/\/zzlcmachinery.com\/tr\/wp-json\/wp\/v2\/product"}],"about":[{"href":"https:\/\/zzlcmachinery.com\/tr\/wp-json\/wp\/v2\/types\/product"}],"version-history":[{"count":0,"href":"https:\/\/zzlcmachinery.com\/tr\/wp-json\/wp\/v2\/product\/446\/revisions"}],"wp:featuredmedia":[{"embeddable":true,"href":"https:\/\/zzlcmachinery.com\/tr\/wp-json\/wp\/v2\/media\/453"}],"wp:attachment":[{"href":"https:\/\/zzlcmachinery.com\/tr\/wp-json\/wp\/v2\/media?parent=446"}],"wp:term":[{"taxonomy":"product_brand","embeddable":true,"href":"https:\/\/zzlcmachinery.com\/tr\/wp-json\/wp\/v2\/product_brand?post=446"},{"taxonomy":"product_cat","embeddable":true,"href":"https:\/\/zzlcmachinery.com\/tr\/wp-json\/wp\/v2\/product_cat?post=446"},{"taxonomy":"product_tag","embeddable":true,"href":"https:\/\/zzlcmachinery.com\/tr\/wp-json\/wp\/v2\/product_tag?post=446"}],"curies":[{"name":"wp","href":"https:\/\/api.w.org\/{rel}","templated":true}]}}