{"id":433,"date":"2022-09-14T17:37:52","date_gmt":"2022-09-14T09:37:52","guid":{"rendered":"https:\/\/zzlcmachinery.com\/?post_type=product&#038;p=433"},"modified":"2022-11-22T16:02:54","modified_gmt":"2022-11-22T08:02:54","slug":"lc-dw16c-electric-scroll-bending-machine-wrought-iron-machine","status":"publish","type":"product","link":"https:\/\/zzlcmachinery.com\/tr\/urun\/lc-dw16c-electric-scroll-bending-machine-wrought-iron-machine\/","title":{"rendered":"LC-DW16C Elektrikli Scroll B\u00fckme Makinas\u0131 Ferforje Makinas\u0131"},"content":{"rendered":"","protected":false},"excerpt":{"rendered":"<p>Bu LC-DW16C elektrikli kayd\u0131rmal\u0131 b\u00fckme makinesi ferforje makinesi, demir kap\u0131lar, \u00e7itler ve merdivenler yapmak i\u00e7in uygundur. Bu makine \u00e7e\u015fitli desen kal\u0131plar\u0131n\u0131 i\u015fleyebilir, \u00f6zel kal\u0131plar\u0131 destekler ve teslim edildi\u011finde 6 set rastgele kay\u0131\u015f kal\u0131b\u0131 i\u00e7erir. G\u00fc\u00e7l\u00fc fonksiyonlara sahiptir ve \u201cC\u201d, \u201cP\u201d, \u201cS\u201d kal\u0131plar\u0131n\u0131n \u00e7e\u015fitli \u00f6zelliklerini b\u00fckebilir, \u00c7e\u015fitli ebatlardaki \u00fcr\u00fcn kal\u0131plar\u0131n\u0131 i\u015flemek i\u00e7in uygundur. Herhangi bir sorunuz varsa, bize bir mesaj b\u0131rakabilirsiniz!<br \/>\n<strong>TEKN\u0130K PARAMETRE<br \/>\n<\/strong><strong>Modeli:LC-DW16C<br \/>\nYass\u0131 Demir:<\/strong> \u22648\u00d750mm<br \/>\n<strong>Yuvarlak \u00c7elik:<\/strong> \u03c616mm<br \/>\n<strong>Kare \u00c7elik:<\/strong> \u226416\u00d716mm<br \/>\n<strong>Yuvarlanma H\u0131z\u0131:<\/strong>\u00a0380M\/S<br \/>\n<strong>G\u00fc\u00e7:<\/strong> 2.2KW<br \/>\n<strong>Gerilim:<\/strong>\u00a0220V\/380V\/415V<br \/>\n<strong>Ambalaj Boyutu:<\/strong> 1000\u00d7700\u00d71200mm<br \/>\n<strong>KB (kg):<\/strong> 310<br \/>\n<strong>A\u011f\u0131rl\u0131k (kg):<\/strong> 370<\/p>","protected":false},"featured_media":435,"template":"","meta":{"_kad_post_transparent":"default","_kad_post_title":"","_kad_post_layout":"default","_kad_post_sidebar_id":"","_kad_post_content_style":"default","_kad_post_vertical_padding":"default","_kad_post_feature":"","_kad_post_feature_position":"","_kad_post_header":false,"_kad_post_footer":false},"product_brand":[],"product_cat":[29,27],"product_tag":[49,52,51,50],"class_list":{"0":"post-433","1":"product","2":"type-product","3":"status-publish","4":"has-post-thumbnail","6":"product_cat-electric-wrought-iron-processing-machine","7":"product_cat-electric-scroll-bending-machine","8":"product_tag-electric-scroll-bending-machine","9":"product_tag-wrought-iron-bender","10":"product_tag-wrought-iron-bending-machine","11":"product_tag-wrought-iron-processing-machine","13":"first","14":"instock","15":"shipping-taxable","16":"product-type-simple","17":"entry","18":"content-bg","19":"loop-entry"},"_links":{"self":[{"href":"https:\/\/zzlcmachinery.com\/tr\/wp-json\/wp\/v2\/product\/433","targetHints":{"allow":["GET"]}}],"collection":[{"href":"https:\/\/zzlcmachinery.com\/tr\/wp-json\/wp\/v2\/product"}],"about":[{"href":"https:\/\/zzlcmachinery.com\/tr\/wp-json\/wp\/v2\/types\/product"}],"version-history":[{"count":0,"href":"https:\/\/zzlcmachinery.com\/tr\/wp-json\/wp\/v2\/product\/433\/revisions"}],"wp:featuredmedia":[{"embeddable":true,"href":"https:\/\/zzlcmachinery.com\/tr\/wp-json\/wp\/v2\/media\/435"}],"wp:attachment":[{"href":"https:\/\/zzlcmachinery.com\/tr\/wp-json\/wp\/v2\/media?parent=433"}],"wp:term":[{"taxonomy":"product_brand","embeddable":true,"href":"https:\/\/zzlcmachinery.com\/tr\/wp-json\/wp\/v2\/product_brand?post=433"},{"taxonomy":"product_cat","embeddable":true,"href":"https:\/\/zzlcmachinery.com\/tr\/wp-json\/wp\/v2\/product_cat?post=433"},{"taxonomy":"product_tag","embeddable":true,"href":"https:\/\/zzlcmachinery.com\/tr\/wp-json\/wp\/v2\/product_tag?post=433"}],"curies":[{"name":"wp","href":"https:\/\/api.w.org\/{rel}","templated":true}]}}