{"id":361,"date":"2022-12-14T00:01:11","date_gmt":"2022-12-13T16:01:11","guid":{"rendered":"https:\/\/zzlcmachinery.com\/?post_type=product&#038;p=361"},"modified":"2022-12-14T00:41:27","modified_gmt":"2022-12-13T16:41:27","slug":"jk-100-metal-sheet-embossing-machine-manufacturers-suppliers","status":"publish","type":"product","link":"https:\/\/zzlcmachinery.com\/tr\/urun\/jk-100-metal-sac-kabartma-makinesi-ureticileri-tedarikcileri\/","title":{"rendered":"JK-100 Metal Sac Kabartma Makinesi \u00dcreticileri ve Tedarik\u00e7ileri"},"content":{"rendered":"","protected":false},"excerpt":{"rendered":"<p>Bu JK-100 Metal sac kabartma makinesi \u00fcreticileri ve tedarik\u00e7ileri, demir sac i\u015flemek i\u00e7in profesyonel bir makinedir. \u0130\u015flenebilen malzemeler \u015funlard\u0131r: demir sac, al\u00fcminyum sac, bak\u0131r sac, paslanmaz \u00e7elik sac vb. Ferforje i\u015fleri i\u00e7in onu vazge\u00e7ilmez bir makine se\u00e7imi yapan bir\u00e7ok avantaj\u0131 vard\u0131r:<br \/>\n1. Desen serbest\u00e7e se\u00e7ilebilir, kal\u0131p \u00f6zelle\u015ftirme hizmeti veriyoruz.<br \/>\n2. Makinenin i\u015flem h\u0131z\u0131 ayarlanabilir.<br \/>\n3. So\u011fuk haddelenmi\u015f sac, desen m\u00fckemmel ve deforme olmaz.<br \/>\n4. Makinenin i\u015fleme malzemesinin geni\u015fli\u011fi ve kal\u0131nl\u0131\u011f\u0131, m\u00fc\u015fterinin malzemesine g\u00f6re \u00f6zelle\u015ftirilebilir.<br \/>\n5. Ucuz fiyat y\u00fcksek kalite, k\u00fc\u00e7\u00fck CBM ve ucuz navlun.<br \/>\n<strong>TEKN\u0130K PARAMETRE<\/strong><br \/>\n<strong>Malzeme:<\/strong>\u00a0Demir sac, Al\u00fcminyum sac, Bak\u0131r sac, Paslanmaz \u00e7elik sac<br \/>\n<strong>Malzeme geni\u015fli\u011fi: 100<\/strong>mm<br \/>\n<strong>Malzeme kal\u0131nl\u0131\u011f\u0131<\/strong>: maksimum 2 mm<br \/>\n<strong>G\u00fc\u00e7:<\/strong> 2.2KW (M\u00fc\u015fterilerin ger\u00e7ek ihtiya\u00e7lar\u0131na g\u00f6re haddelenmi\u015f malzemenin geni\u015fli\u011fine ve kal\u0131nl\u0131\u011f\u0131na g\u00f6re)<br \/>\n<strong>Gerilim:<\/strong>\u00a0220V\/380V\/415V<br \/>\n<strong>Ambalaj Boyutu:<\/strong>\u00a01500\u00d7710\u00d7800mm<br \/>\n<strong>KB (kg):<\/strong>\u00a0350<br \/>\n<strong>A\u011f\u0131rl\u0131k (kg):<\/strong>\u00a0400<\/p>","protected":false},"featured_media":1542,"template":"","meta":{"_kad_post_transparent":"default","_kad_post_title":"","_kad_post_layout":"default","_kad_post_sidebar_id":"","_kad_post_content_style":"default","_kad_post_vertical_padding":"default","_kad_post_feature":"","_kad_post_feature_position":"","_kad_post_header":false,"_kad_post_footer":false},"product_brand":[],"product_cat":[19,29],"product_tag":[528,526,525,527,529,520,524,523],"class_list":{"0":"post-361","1":"product","2":"type-product","3":"status-publish","4":"has-post-thumbnail","6":"product_cat-cold-rolling-embossing-machine","7":"product_cat-electric-wrought-iron-processing-machine","8":"product_tag-china-metal-sheet-embossing-machine-factory-suppliers","9":"product_tag-low-price-automatic-metal-sheet-embossing-machine","10":"product_tag-metal-embossing-machine-line","11":"product_tag-metal-sheet-embossing-machine","12":"product_tag-metal-sheet-embossing-machine-at-best-price","13":"product_tag-metal-sheet-embossing-machine-manufacturers-suppliers","14":"product_tag-sheet-metal-embossing-machine","15":"product_tag-sheet-metal-manufacturing","17":"first","18":"instock","19":"shipping-taxable","20":"product-type-simple","21":"entry","22":"content-bg","23":"loop-entry"},"_links":{"self":[{"href":"https:\/\/zzlcmachinery.com\/tr\/wp-json\/wp\/v2\/product\/361","targetHints":{"allow":["GET"]}}],"collection":[{"href":"https:\/\/zzlcmachinery.com\/tr\/wp-json\/wp\/v2\/product"}],"about":[{"href":"https:\/\/zzlcmachinery.com\/tr\/wp-json\/wp\/v2\/types\/product"}],"version-history":[{"count":0,"href":"https:\/\/zzlcmachinery.com\/tr\/wp-json\/wp\/v2\/product\/361\/revisions"}],"wp:featuredmedia":[{"embeddable":true,"href":"https:\/\/zzlcmachinery.com\/tr\/wp-json\/wp\/v2\/media\/1542"}],"wp:attachment":[{"href":"https:\/\/zzlcmachinery.com\/tr\/wp-json\/wp\/v2\/media?parent=361"}],"wp:term":[{"taxonomy":"product_brand","embeddable":true,"href":"https:\/\/zzlcmachinery.com\/tr\/wp-json\/wp\/v2\/product_brand?post=361"},{"taxonomy":"product_cat","embeddable":true,"href":"https:\/\/zzlcmachinery.com\/tr\/wp-json\/wp\/v2\/product_cat?post=361"},{"taxonomy":"product_tag","embeddable":true,"href":"https:\/\/zzlcmachinery.com\/tr\/wp-json\/wp\/v2\/product_tag?post=361"}],"curies":[{"name":"wp","href":"https:\/\/api.w.org\/{rel}","templated":true}]}}