{"id":1552,"date":"2022-12-14T00:42:52","date_gmt":"2022-12-13T16:42:52","guid":{"rendered":"https:\/\/zzlcmachinery.com\/?post_type=product&#038;p=1552"},"modified":"2023-03-08T12:35:05","modified_gmt":"2023-03-08T04:35:05","slug":"jk-300-factory-directly-automatic-metal-sheet-embossing-machine","status":"publish","type":"product","link":"https:\/\/zzlcmachinery.com\/tr\/urun\/jk-300-fabrika-dogrudan-otomatik-metal-levha-kabartma-makinesi\/","title":{"rendered":"JK-300 Fabrika Do\u011frudan Otomatik Sac Kabartma Makinesi"},"content":{"rendered":"","protected":false},"excerpt":{"rendered":"<p>Bu JK-300 Fabrikas\u0131 do\u011frudan otomatik metal sac kabartma makinesi, m\u00fc\u015fterilerin istedi\u011fi desenler i\u00e7in so\u011fuk haddelenmi\u015f sac levhalar\u0131, al\u00fcminyum levha levhalar\u0131, paslanmaz \u00e7elik levhalar\u0131 ve bak\u0131r levha levhalar\u0131 i\u015fleyebilir. Makine ile rastgele bir kal\u0131p seti gelir. Teknik ekibimiz kal\u0131plar i\u00e7in \u00fccretsiz \u00f6zel tasar\u0131m hizmetleri sa\u011flayabilir. \u00c7e\u015fitli desen se\u00e7enekleri, m\u00fc\u015fterilerin \u015fiddetli yerel pazarda rekabet etmelerine kesinlikle izin verecektir. E\u015fsiz deseni nedeniyle rekabette \u00f6ne \u00e7\u0131k\u0131yor.<br \/>\n\u0130\u015flenmi\u015f bitmi\u015f \u00fcr\u00fcn, m\u00fc\u015fterinin istedi\u011fi \u015fekilde kap\u0131 \u00e7er\u00e7evesi \u00e7er\u00e7evesi, \u0131zgara, pencere \u00e7er\u00e7evesi, kap\u0131 paneli, ye\u015fil korkuluk vb. \u0130\u00e7in damgalanmaya devam edebilir. Hepsi desenli ince demir plakalarda kullan\u0131labilir.<br \/>\n<strong>TEKN\u0130K PARAMETRE<\/strong><br \/>\n<strong>Malzeme:<\/strong>\u00a0Demir sac, Al\u00fcminyum sac, Bak\u0131r sac, Paslanmaz \u00e7elik sac<br \/>\n<strong>Malzeme geni\u015fli\u011fi: 300<\/strong>mm<br \/>\n<strong>Malzeme kal\u0131nl\u0131\u011f\u0131<\/strong>: maksimum 2 mm<br \/>\n<strong>G\u00fc\u00e7:<\/strong> 4KW (M\u00fc\u015fterilerin ger\u00e7ek ihtiya\u00e7lar\u0131na g\u00f6re haddelenmi\u015f malzemenin geni\u015fli\u011fine ve kal\u0131nl\u0131\u011f\u0131na g\u00f6re)<br \/>\n<strong>Gerilim:<\/strong>\u00a0220V\/380V\/415V<br \/>\n<strong>Ambalaj Boyutu:<\/strong>\u00a01500\u00d7710\u00d7800mm<br \/>\n<strong>KB (kg):<\/strong>\u00a0350<br \/>\n<strong>A\u011f\u0131rl\u0131k (kg):<\/strong>\u00a0400<\/p>","protected":false},"featured_media":1562,"template":"","meta":{"_kad_post_transparent":"default","_kad_post_title":"hide","_kad_post_layout":"fullwidth","_kad_post_sidebar_id":"","_kad_post_content_style":"unboxed","_kad_post_vertical_padding":"hide","_kad_post_feature":"hide","_kad_post_feature_position":"","_kad_post_header":false,"_kad_post_footer":false},"product_brand":[],"product_cat":[19,29],"product_tag":[537,535,533,531,530,536,532,538,534],"class_list":{"0":"post-1552","1":"product","2":"type-product","3":"status-publish","4":"has-post-thumbnail","6":"product_cat-cold-rolling-embossing-machine","7":"product_cat-electric-wrought-iron-processing-machine","8":"product_tag-aluminum-sheet-cold-embossing-machine","9":"product_tag-buy-cold-steel-sheet-embossing-machine","10":"product_tag-cold-roll-former-line","11":"product_tag-copper-sheet-embossing-machine","12":"product_tag-factory-directly-automatic-metal-sheet-embossing-machine","13":"product_tag-iron-sheet-cold-embossing-machine","14":"product_tag-roll-forming-machine-manufacturer","15":"product_tag-stainless-steel-sheet-cold-embossing-machine","16":"product_tag-steel-plate-embossing-machinery","18":"first","19":"instock","20":"shipping-taxable","21":"product-type-simple","22":"entry","23":"content-bg","24":"loop-entry"},"_links":{"self":[{"href":"https:\/\/zzlcmachinery.com\/tr\/wp-json\/wp\/v2\/product\/1552","targetHints":{"allow":["GET"]}}],"collection":[{"href":"https:\/\/zzlcmachinery.com\/tr\/wp-json\/wp\/v2\/product"}],"about":[{"href":"https:\/\/zzlcmachinery.com\/tr\/wp-json\/wp\/v2\/types\/product"}],"version-history":[{"count":0,"href":"https:\/\/zzlcmachinery.com\/tr\/wp-json\/wp\/v2\/product\/1552\/revisions"}],"wp:featuredmedia":[{"embeddable":true,"href":"https:\/\/zzlcmachinery.com\/tr\/wp-json\/wp\/v2\/media\/1562"}],"wp:attachment":[{"href":"https:\/\/zzlcmachinery.com\/tr\/wp-json\/wp\/v2\/media?parent=1552"}],"wp:term":[{"taxonomy":"product_brand","embeddable":true,"href":"https:\/\/zzlcmachinery.com\/tr\/wp-json\/wp\/v2\/product_brand?post=1552"},{"taxonomy":"product_cat","embeddable":true,"href":"https:\/\/zzlcmachinery.com\/tr\/wp-json\/wp\/v2\/product_cat?post=1552"},{"taxonomy":"product_tag","embeddable":true,"href":"https:\/\/zzlcmachinery.com\/tr\/wp-json\/wp\/v2\/product_tag?post=1552"}],"curies":[{"name":"wp","href":"https:\/\/api.w.org\/{rel}","templated":true}]}}