{"id":1047,"date":"2022-11-20T18:32:48","date_gmt":"2022-11-20T10:32:48","guid":{"rendered":"https:\/\/zzlcmachinery.com\/?post_type=product&#038;p=1047"},"modified":"2022-11-22T14:47:20","modified_gmt":"2022-11-22T06:47:20","slug":"lc-g3-manual-flat-iron-square-steel-metal-twist-tool","status":"publish","type":"product","link":"https:\/\/zzlcmachinery.com\/tr\/urun\/lc-g3-manual-flat-iron-square-steel-metal-twist-tool\/","title":{"rendered":"LC-G3 Manuel Yass\u0131 Demir Kare \u00c7elik Metal B\u00fck\u00fcm Arac\u0131"},"content":{"rendered":"","protected":false},"excerpt":{"rendered":"<p>Bu LC-G3 manuel yass\u0131 demir kare \u00e7elik metal b\u00fck\u00fcm aleti, birka\u00e7 demir tel veya \u00e7elik teli kafan\u0131n k\u0131zarm\u0131\u015f hamur b\u00fck\u00fcm\u00fc haline getirebilen manuel mekanik ekipmand\u0131r. Ve bu t\u00fcr makineler taraf\u0131ndan yap\u0131lan demir kordon, demir dekorasyon i\u00e7in kullan\u0131labilir , demir mobilya ve di\u011fer demir el i\u015fleri, \u00e7ap\u0131n 2-6 kat\u0131 b\u00fck\u00fclebilir, 2-4 mm ve s\u0131n\u0131r uzunlu\u011fu 1800 mm&#039;dir, bu makine malzemeyi uygun \u015fekilde se\u00e7er. Bu arada kullan\u0131m\u0131 basittir, d\u00fc\u015f\u00fck maliyetlerle y\u00fcksek fayda amac\u0131na ula\u015fabilir.<br \/>\nMalzeme: Kare \u00e7elik ve Yass\u0131 demir<br \/>\n<strong>TEKN\u0130K PARAMETRE<br \/>\n<\/strong><strong>Modeli:LC-G3<\/strong><br \/>\n<strong>kare \u00e7elik<\/strong>\u00a0\u226410*10mm<br \/>\n<strong>G\u00fc\u00e7:<\/strong> Manuel<br \/>\n<strong>Ambalaj Boyutu:<\/strong> 200\u00d7200\u00d7200mm<br \/>\n<strong>KB (kg):20 <\/strong><strong>A\u011f\u0131rl\u0131k (kg):20<\/strong><\/p>","protected":false},"featured_media":1053,"template":"","meta":{"_kad_post_transparent":"default","_kad_post_title":"","_kad_post_layout":"default","_kad_post_sidebar_id":"","_kad_post_content_style":"default","_kad_post_vertical_padding":"default","_kad_post_feature":"","_kad_post_feature_position":"","_kad_post_header":false,"_kad_post_footer":false},"product_brand":[],"product_cat":[33,34,35],"product_tag":[500,309,315,317,310,314,502,501,300,111,316],"class_list":{"0":"post-1047","1":"product","2":"type-product","3":"status-publish","4":"has-post-thumbnail","6":"product_cat-manual-wrounght-iron-processing-tools","7":"product_cat-manual-scroll-bender","8":"product_cat-manual-twisting-machine","9":"product_tag-flat-iron-twist-tool","10":"product_tag-homemade-metal-bar-twister","11":"product_tag-lc-g2-manual-metal-twisting-machine-for-wrought-iron","12":"product_tag-manual-scroll-bending-machine-for-wrought-iron","13":"product_tag-manual-steel-square-bar-twist-hand-flat-steel","14":"product_tag-master-twister","15":"product_tag-metal-craft-tool","16":"product_tag-square-steel-tool","17":"product_tag-twisting-machine-hand-tools-wrought-iron-equipment","18":"product_tag-wrought-iron-machine","19":"product_tag-wrought-iron-scroll-bender-manual-craft-tool","21":"first","22":"instock","23":"shipping-taxable","24":"product-type-simple","25":"entry","26":"content-bg","27":"loop-entry"},"_links":{"self":[{"href":"https:\/\/zzlcmachinery.com\/tr\/wp-json\/wp\/v2\/product\/1047","targetHints":{"allow":["GET"]}}],"collection":[{"href":"https:\/\/zzlcmachinery.com\/tr\/wp-json\/wp\/v2\/product"}],"about":[{"href":"https:\/\/zzlcmachinery.com\/tr\/wp-json\/wp\/v2\/types\/product"}],"version-history":[{"count":0,"href":"https:\/\/zzlcmachinery.com\/tr\/wp-json\/wp\/v2\/product\/1047\/revisions"}],"wp:featuredmedia":[{"embeddable":true,"href":"https:\/\/zzlcmachinery.com\/tr\/wp-json\/wp\/v2\/media\/1053"}],"wp:attachment":[{"href":"https:\/\/zzlcmachinery.com\/tr\/wp-json\/wp\/v2\/media?parent=1047"}],"wp:term":[{"taxonomy":"product_brand","embeddable":true,"href":"https:\/\/zzlcmachinery.com\/tr\/wp-json\/wp\/v2\/product_brand?post=1047"},{"taxonomy":"product_cat","embeddable":true,"href":"https:\/\/zzlcmachinery.com\/tr\/wp-json\/wp\/v2\/product_cat?post=1047"},{"taxonomy":"product_tag","embeddable":true,"href":"https:\/\/zzlcmachinery.com\/tr\/wp-json\/wp\/v2\/product_tag?post=1047"}],"curies":[{"name":"wp","href":"https:\/\/api.w.org\/{rel}","templated":true}]}}