{"id":991,"date":"2022-11-19T00:07:35","date_gmt":"2022-11-18T16:07:35","guid":{"rendered":"https:\/\/zzlcmachinery.com\/?post_type=product&#038;p=991"},"modified":"2022-11-22T14:45:01","modified_gmt":"2022-11-22T06:45:01","slug":"c41-1000kg-pneumatic-air-hammer-with-super-processing-capacity","status":"publish","type":"product","link":"https:\/\/zzlcmachinery.com\/sv\/produkt\/c41-1000kg-pneumatic-air-hammer-with-super-processing-capacity\/","title":{"rendered":"C41-1000KG pneumatisk lufthammare med superbearbetningskapacitet"},"content":{"rendered":"","protected":false},"excerpt":{"rendered":"<p>Denna C41-1000KG pneumatiska lufthammare med superbearbetningskapacitet \u00e4r liten i storlek, l\u00e5g ljudniv\u00e5, enkel i strukturen, l\u00e4tt att anv\u00e4nda, flexibel i aktion och bekv\u00e4m vid hantering, installation och underh\u00e5ll. Denna modell \u00e4r l\u00e4mplig f\u00f6r olika fria smide: s\u00e5som rubbning, dragning, stansning, bockning, vridning, varmklippning, terminalanslutning, etc. Samtidigt kan olika \u00f6ppna formsmidningar utf\u00f6ras med hj\u00e4lp av dyna. Det \u00e4r l\u00e4mpligt f\u00f6r gratis smide av delar av olika former, s\u00e4rskilt l\u00e4mpligt f\u00f6r lantliga townshipf\u00f6retag och professionella hush\u00e5ll som smider sk\u00e4ror, badin, n\u00f6tkreatur och h\u00e4stskor och hackor. Samtidigt anv\u00e4nder olika fabriker och gruvor ocks\u00e5 lufthammare f\u00f6r att smida st\u00e5lkulor, byggnadsst\u00e4llningar och andra fabriker, gruvor och byggmaterial. Dessutom \u00e4r denna serie av lufthammare ocks\u00e5 ett professionellt smidesverktyg som vanligtvis anv\u00e4nds av smeder. Det kan g\u00f6ra olika stilar av formar och smida olika smidesj\u00e4rnsblommor, f\u00e5glar och andra vackra dekorationer.<\/p>\n<p><strong>TEKNISK PARAMETER<br \/>\nModell: C41-1000KG<br \/>\nVikt av fallande delar (KG):<\/strong>1000 kg<br \/>\n<strong>Strukturtyp:<\/strong>Split Air Hammer\u00a0<strong><br \/>\nMax. tr\u00e4ffenergi (KJ):<\/strong>27KJ<strong><br \/>\nMax. smidd storlek (diameter) p\u00e5 rundst\u00e5l:<\/strong>\u03c6320 mm<br \/>\n<strong>Max. smidd storlek (diameter) p\u00e5 fyrkantigt st\u00e5l:<\/strong>290*290 mm<br \/>\n<strong>Kraft:<\/strong> 75 KW<br \/>\n<strong>Sp\u00e4nning:<\/strong>\u00a0220V\/380V<br \/>\n<strong>F\u00f6rpackningsm\u00e5tt:<\/strong> 7700*1500*4125mm<br \/>\n<strong>Anwil vikt<\/strong>: 13 000 kg<br \/>\n<strong>Total GW (kg):32 840<\/strong><\/p>","protected":false},"featured_media":998,"template":"","meta":{"_kad_post_transparent":"default","_kad_post_title":"hide","_kad_post_layout":"fullwidth","_kad_post_sidebar_id":"","_kad_post_content_style":"unboxed","_kad_post_vertical_padding":"hide","_kad_post_feature":"hide","_kad_post_feature_position":"","_kad_post_header":false,"_kad_post_footer":false},"product_brand":[],"product_cat":[28],"product_tag":[460,505,503,461,428,507,463,508,504,506],"class_list":{"0":"post-991","1":"product","2":"type-product","3":"status-publish","4":"has-post-thumbnail","6":"product_cat-blacksmith-power-hammer","7":"product_tag-air-forging-hammer-pneumatic-iron-hammer-1000kg","8":"product_tag-air-hammer-pneumatic-iron-hammer-for-forging","9":"product_tag-electric-pneumatic-hammer","10":"product_tag-hottest-sale-150kg-250kg-400kg-750kg-1000kg-blacksmith-pneumatic-hammer","11":"product_tag-pneumatic-hammer-for-blacksmith","12":"product_tag-price-of-pneumatic-forging-hammer","13":"product_tag-widely-used-iron-blacksmith-forging-air-hammer-machine","14":"product_tag-wrought-iron-forging-1000kg-blacksmith-hammer-with-anvil","15":"product_tag-wrought-iron-forging-power-hammer-for-sale","16":"product_tag-wrought-iron-pneumatic-metal-forging-hammer-for-sale","18":"first","19":"instock","20":"shipping-taxable","21":"product-type-simple","22":"entry","23":"content-bg","24":"loop-entry"},"_links":{"self":[{"href":"https:\/\/zzlcmachinery.com\/sv\/wp-json\/wp\/v2\/product\/991","targetHints":{"allow":["GET"]}}],"collection":[{"href":"https:\/\/zzlcmachinery.com\/sv\/wp-json\/wp\/v2\/product"}],"about":[{"href":"https:\/\/zzlcmachinery.com\/sv\/wp-json\/wp\/v2\/types\/product"}],"version-history":[{"count":0,"href":"https:\/\/zzlcmachinery.com\/sv\/wp-json\/wp\/v2\/product\/991\/revisions"}],"wp:featuredmedia":[{"embeddable":true,"href":"https:\/\/zzlcmachinery.com\/sv\/wp-json\/wp\/v2\/media\/998"}],"wp:attachment":[{"href":"https:\/\/zzlcmachinery.com\/sv\/wp-json\/wp\/v2\/media?parent=991"}],"wp:term":[{"taxonomy":"product_brand","embeddable":true,"href":"https:\/\/zzlcmachinery.com\/sv\/wp-json\/wp\/v2\/product_brand?post=991"},{"taxonomy":"product_cat","embeddable":true,"href":"https:\/\/zzlcmachinery.com\/sv\/wp-json\/wp\/v2\/product_cat?post=991"},{"taxonomy":"product_tag","embeddable":true,"href":"https:\/\/zzlcmachinery.com\/sv\/wp-json\/wp\/v2\/product_tag?post=991"}],"curies":[{"name":"wp","href":"https:\/\/api.w.org\/{rel}","templated":true}]}}