{"id":989,"date":"2022-11-19T00:04:14","date_gmt":"2022-11-18T16:04:14","guid":{"rendered":"https:\/\/zzlcmachinery.com\/?post_type=product&#038;p=989"},"modified":"2022-11-22T14:44:07","modified_gmt":"2022-11-22T06:44:07","slug":"widely-used-wrought-iron-blacksmith-750kg-forging-power-hammer","status":"publish","type":"product","link":"https:\/\/zzlcmachinery.com\/sv\/produkt\/widely-used-wrought-iron-blacksmith-750kg-forging-power-hammer\/","title":{"rendered":"Mycket anv\u00e4nd Smidesj\u00e4rnssmed 750kg Smide Power Hammer"},"content":{"rendered":"","protected":false},"excerpt":{"rendered":"<p>Denna allm\u00e4nt anv\u00e4nda smidessmed 750 kg smideshammare \u00e4r en slags gratis smidesutrustning. Luften komprimeras av kompressorcylindern och skickas till arbetscylindern genom f\u00f6rdelningsventilen f\u00f6r att driva kolven och hammarhuvudet f\u00f6r att r\u00f6ra sig upp och ner f\u00f6r hamring. Verksamheten \u00e4r flexibel. Denna modell l\u00e4mpar sig f\u00f6r olika frismidningar, s\u00e5som f\u00f6rl\u00e4ngning, rubbning, stansning, klippning, smidessvetsning, vridning, bockning etc. Den kan anv\u00e4ndas f\u00f6r olika \u00f6ppen formsmidning. Egenskaperna \u00e4r som f\u00f6ljer:<br \/>\n1. Drivs av tryckluft kan slagkraften och frekvensen kontrolleras genom att justera lufttrycket f\u00f6r att m\u00f6ta behoven f\u00f6r s\u00e4kerhetsproduktion<br \/>\n2. Maskinkroppen \u00e4r gjord av gjutj\u00e4rn, och det stora lufthammarst\u00e4det \u00e4r gjord av gjutet st\u00e5l<br \/>\n3. Mekanismen \u00e4r enkel och inte l\u00e4tt att skadas<br \/>\nVi kan leverera 6 kg, 16 kg, 25 kg, 40 kg, 55 kg, 75 kg, 100 kg, 150 kg, 250 kg, 400 kg, 560 kg, 750 kg, 1000 kg, 2000 kg f\u00f6r att v\u00e4lja efter olika smidesbehov .Du kan v\u00e4lja modell enligt f\u00f6ljande specifikationer<\/p>\n<p><strong>TEKNISK PARAMETER<br \/>\nModell: C41-750KG<br \/>\nVikt fallande delar (KG): 750<\/strong>KG<br \/>\n<strong>Strukturtyp:<\/strong>Split Air Hammer\u00a0<strong><br \/>\nMax. tr\u00e4ffenergi(KJ):13,6<\/strong>KJ<strong><br \/>\nMax. smidd storlek (diameter) p\u00e5 rundst\u00e5l:<\/strong>\u03c6300 mm<br \/>\n<strong>Max. smidd storlek (diameter) p\u00e5 fyrkantigt st\u00e5l:<\/strong>270*270 mm<br \/>\n<strong>Kraft:<\/strong> 55 KW<br \/>\n<strong>Sp\u00e4nning:<\/strong>\u00a0220V\/380V<br \/>\n<strong>F\u00f6rpackningsm\u00e5tt:<\/strong> 3095*1370*3175mm<br \/>\n<strong>Anwil vikt<\/strong>: 9 000 kg<br \/>\n<strong>Total GW (kg):26 000<\/strong><\/p>","protected":false},"featured_media":999,"template":"","meta":{"_kad_post_transparent":"default","_kad_post_title":"hide","_kad_post_layout":"fullwidth","_kad_post_sidebar_id":"","_kad_post_content_style":"unboxed","_kad_post_vertical_padding":"hide","_kad_post_feature":"hide","_kad_post_feature_position":"","_kad_post_header":false,"_kad_post_footer":false},"product_brand":[],"product_cat":[28],"product_tag":[462,428,463,499,464],"class_list":{"0":"post-989","1":"product","2":"type-product","3":"status-publish","4":"has-post-thumbnail","6":"product_cat-blacksmith-power-hammer","7":"product_tag-750kg-air-hammer-metal-forging-hammer-for-sale","8":"product_tag-pneumatic-hammer-for-blacksmith","9":"product_tag-widely-used-iron-blacksmith-forging-air-hammer-machine","10":"product_tag-widely-used-wrought-iron-blacksmith-750kg-forging-power-hammer","11":"product_tag-wrought-iron-metal-forging-power-hammer-for-sale","13":"first","14":"instock","15":"shipping-taxable","16":"product-type-simple","17":"entry","18":"content-bg","19":"loop-entry"},"_links":{"self":[{"href":"https:\/\/zzlcmachinery.com\/sv\/wp-json\/wp\/v2\/product\/989","targetHints":{"allow":["GET"]}}],"collection":[{"href":"https:\/\/zzlcmachinery.com\/sv\/wp-json\/wp\/v2\/product"}],"about":[{"href":"https:\/\/zzlcmachinery.com\/sv\/wp-json\/wp\/v2\/types\/product"}],"version-history":[{"count":0,"href":"https:\/\/zzlcmachinery.com\/sv\/wp-json\/wp\/v2\/product\/989\/revisions"}],"wp:featuredmedia":[{"embeddable":true,"href":"https:\/\/zzlcmachinery.com\/sv\/wp-json\/wp\/v2\/media\/999"}],"wp:attachment":[{"href":"https:\/\/zzlcmachinery.com\/sv\/wp-json\/wp\/v2\/media?parent=989"}],"wp:term":[{"taxonomy":"product_brand","embeddable":true,"href":"https:\/\/zzlcmachinery.com\/sv\/wp-json\/wp\/v2\/product_brand?post=989"},{"taxonomy":"product_cat","embeddable":true,"href":"https:\/\/zzlcmachinery.com\/sv\/wp-json\/wp\/v2\/product_cat?post=989"},{"taxonomy":"product_tag","embeddable":true,"href":"https:\/\/zzlcmachinery.com\/sv\/wp-json\/wp\/v2\/product_tag?post=989"}],"curies":[{"name":"wp","href":"https:\/\/api.w.org\/{rel}","templated":true}]}}