{"id":985,"date":"2022-11-18T23:59:31","date_gmt":"2022-11-18T15:59:31","guid":{"rendered":"https:\/\/zzlcmachinery.com\/?post_type=product&#038;p=985"},"modified":"2022-11-22T14:22:36","modified_gmt":"2022-11-22T06:22:36","slug":"c41-400kg-china-biggest-hammer-manufacturer-provide-pneumatic-forging-hammer","status":"publish","type":"product","link":"https:\/\/zzlcmachinery.com\/sv\/produkt\/c41-400kg-china-biggest-hammer-manufacturer-provide-pneumatic-forging-hammer\/","title":{"rendered":"C41-400KG Kinas st\u00f6rsta hammartillverkare tillhandah\u00e5ller pneumatisk smideshammare"},"content":{"rendered":"","protected":false},"excerpt":{"rendered":"<p>Denna C41-400KG Kina st\u00f6rsta hammartillverkare tillhandah\u00e5ller pneumatisk smideshammare som omvandlar motorns rotationsr\u00f6relse till kolvr\u00f6relsen f\u00f6r cylinderns tryckluft genom reducering, vevaxel och vevstakessystem. Lufthammaren styrs av fotspaken och fj\u00e4rrkontrollanordningen f\u00f6r att styra tr\u00e4ffhastigheten och tr\u00e4ffstyrkan p\u00e5 det \u00f6vre st\u00e4det.<br \/>\nPneumatisk hammarmaskin \u00e4r ett allm\u00e4nt anv\u00e4nt och m\u00e5ngsidigt metallsmideverktyg, som har m\u00e5nga funktioner, s\u00e5som: rubbning, f\u00f6rl\u00e4ngning, kontinuerlig rubbning, st\u00e4mpling, varmsk\u00e4rning, svetssmidning, vridning och bockning.<br \/>\nKunderna kan v\u00e4lja den lufthammare som passar dem efter det material de beh\u00f6ver smida och materialets maximala storlek. Till\u00e4mpningen av elektrisk kraft och cylinder f\u00f6rb\u00e4ttrar avsev\u00e4rt lufthammarens arbetseffektivitet. Det \u00e4r v\u00e4sentligt f\u00f6r driften av smidesbutiker och gruvor. smidesmaskiner.<br \/>\nVi kan leverera 6 kg, 16 kg, 25 kg, 40 kg, 55 kg, 75 kg, 100 kg, 150 kg, 250 kg, 400 kg, 560 kg, 750 kg, 1000 kg, 2000 kg f\u00f6r att v\u00e4lja efter olika smidesbehov .Du kan v\u00e4lja modell enligt f\u00f6ljande specifikationer<\/p>\n<p><strong>TEKNISK PARAMETER<br \/>\nModell: C41-400KG<br \/>\nVikt fallande delar (KG): 400<\/strong>KG<br \/>\n<strong>Strukturtyp:<\/strong>Delad lufthammare med bas<strong><br \/>\nMax. tr\u00e4ffenergi(KJ):9,5<\/strong>KJ<strong><br \/>\nMax. smidd storlek (diameter) p\u00e5 rundst\u00e5l:<\/strong>\u03c6240 mm<br \/>\n<strong>Max. smidd storlek (diameter) p\u00e5 fyrkantigt st\u00e5l:<\/strong>220*220 mm<br \/>\n<strong>Kraft:<\/strong> 37 KW<br \/>\n<strong>Sp\u00e4nning:<\/strong>\u00a0220V\/380V<br \/>\n<strong>F\u00f6rpackningsm\u00e5tt:<\/strong> 2785*1400*2885mm<br \/>\n<strong>Navelvikt<\/strong>:4800 kg<br \/>\n<strong>Total GW (kg):<\/strong> 12800 kg<\/p>","protected":false},"featured_media":1004,"template":"","meta":{"_kad_post_transparent":"default","_kad_post_title":"hide","_kad_post_layout":"fullwidth","_kad_post_sidebar_id":"","_kad_post_content_style":"unboxed","_kad_post_vertical_padding":"hide","_kad_post_feature":"hide","_kad_post_feature_position":"","_kad_post_header":false,"_kad_post_footer":false},"product_brand":[],"product_cat":[28],"product_tag":[465,497,466,467,468,428,469,470],"class_list":{"0":"post-985","1":"product","2":"type-product","3":"status-publish","4":"has-post-thumbnail","6":"product_cat-blacksmith-power-hammer","7":"product_tag-400kg-air-hammer-metal-forging-hammer-for-sale","8":"product_tag-c41-400kg-china-biggest-hammer-manufacturer-provide-pneumatic-forging-hammer","9":"product_tag-c41-400kg-model-power-hammer-machine-for-iron-forging","10":"product_tag-china-automatic-anyang-forging-hammer-400kg","11":"product_tag-factory-direct-sale-wrought-iron-hammer-or-smith-forging-tool-for-sale","12":"product_tag-pneumatic-hammer-for-blacksmith","13":"product_tag-widely-used-wrought-iron-blacksmith-75kg-150kg-250kg-400kg-forging-power-hammer-for-hot-sale","14":"product_tag-wrought-iron-homemade-forging-hammer-machine-with-forging-hammer-dies","16":"first","17":"instock","18":"shipping-taxable","19":"product-type-simple","20":"entry","21":"content-bg","22":"loop-entry"},"_links":{"self":[{"href":"https:\/\/zzlcmachinery.com\/sv\/wp-json\/wp\/v2\/product\/985","targetHints":{"allow":["GET"]}}],"collection":[{"href":"https:\/\/zzlcmachinery.com\/sv\/wp-json\/wp\/v2\/product"}],"about":[{"href":"https:\/\/zzlcmachinery.com\/sv\/wp-json\/wp\/v2\/types\/product"}],"version-history":[{"count":0,"href":"https:\/\/zzlcmachinery.com\/sv\/wp-json\/wp\/v2\/product\/985\/revisions"}],"wp:featuredmedia":[{"embeddable":true,"href":"https:\/\/zzlcmachinery.com\/sv\/wp-json\/wp\/v2\/media\/1004"}],"wp:attachment":[{"href":"https:\/\/zzlcmachinery.com\/sv\/wp-json\/wp\/v2\/media?parent=985"}],"wp:term":[{"taxonomy":"product_brand","embeddable":true,"href":"https:\/\/zzlcmachinery.com\/sv\/wp-json\/wp\/v2\/product_brand?post=985"},{"taxonomy":"product_cat","embeddable":true,"href":"https:\/\/zzlcmachinery.com\/sv\/wp-json\/wp\/v2\/product_cat?post=985"},{"taxonomy":"product_tag","embeddable":true,"href":"https:\/\/zzlcmachinery.com\/sv\/wp-json\/wp\/v2\/product_tag?post=985"}],"curies":[{"name":"wp","href":"https:\/\/api.w.org\/{rel}","templated":true}]}}