{"id":980,"date":"2022-11-18T23:43:03","date_gmt":"2022-11-18T15:43:03","guid":{"rendered":"https:\/\/zzlcmachinery.com\/?post_type=product&#038;p=980"},"modified":"2022-11-22T14:17:32","modified_gmt":"2022-11-22T06:17:32","slug":"c41-150kg-air-hammer-metal-forging-hammer-for-sale","status":"publish","type":"product","link":"https:\/\/zzlcmachinery.com\/sv\/produkt\/c41-150kg-air-hammer-metal-forging-hammer-for-sale\/","title":{"rendered":"C41-150KG Air Hammer Metal Smideshammare till salu"},"content":{"rendered":"","protected":false},"excerpt":{"rendered":"<p>Denna C41-150KG lufthammare metallsmideshammare till salu anv\u00e4nds ofta f\u00f6r allm\u00e4nna smidesarbeten, s\u00e5som utdragning, rubbning, stansning, mejsling, smidning, svetsning, bockning och vridning, den anv\u00e4nds ocks\u00e5 f\u00f6r smidning i bolsterformar.<br \/>\nPneumatisk smideshammare anv\u00e4nds ofta f\u00f6r allm\u00e4nna smidesarbeten, s\u00e5som utdragning, rubbning, stansning, mejsling, smide, svetsning, bockning och vridning. Det anv\u00e4nds ocks\u00e5 f\u00f6r smidning i bolsterformar. Lufthammare kallas ocks\u00e5 smideshammare, smideshammare, pneumatisk smideshammare, krafthammare och s\u00e5 vidare. Lufthammare faller vikt vid 6 kg, 16 kg, 20 kg, 25 kg, 40 kg, 55 kg, 75 kg, 150 kg, 250 kg fr\u00e4mst f\u00f6r konstn\u00e4rligt smide, konstsmide, smed, jordbruksverktyg och sm\u00e5 \u00f6ppna formsmidedelar.<br \/>\nVi kan leverera 6 kg, 16 kg, 25 kg, 40 kg, 55 kg, 75 kg, 100 kg, 150 kg, 250 kg, 400 kg, 560 kg, 750 kg, 1000 kg, 2000 kg f\u00f6r att v\u00e4lja efter olika smidesbehov .Du kan v\u00e4lja modell enligt f\u00f6ljande specifikationer<\/p>\n<p><strong>TEKNISK PARAMETER<br \/>\nModell: C41-150KG<br \/>\nVikt av fallande delar (KG): 150<\/strong>KG<br \/>\n<strong>Strukturtyp: Separat<\/strong> Lufthammare<strong><br \/>\nMax. tr\u00e4ffenergi(KJ):2,2<\/strong>KJ<strong><br \/>\nMax. smidd storlek (diameter) p\u00e5 rundst\u00e5l:<\/strong>\u03c6145 mm<br \/>\n<strong>Max. smidd storlek (diameter) p\u00e5 fyrkantigt st\u00e5l:<\/strong>130*130mm<br \/>\n<strong>Kraft:<\/strong> 15KW<br \/>\n<strong>Sp\u00e4nning:<\/strong>\u00a0220V\/380V<br \/>\n<strong>F\u00f6rpackningsm\u00e5tt:<\/strong> 2080*1240*2350mm<br \/>\nSt\u00e4dets vikt: 1800 kg<br \/>\n<strong>GW (kg):<\/strong> 5060 kg<\/p>","protected":false},"featured_media":1023,"template":"","meta":{"_kad_post_transparent":"default","_kad_post_title":"hide","_kad_post_layout":"fullwidth","_kad_post_sidebar_id":"","_kad_post_content_style":"unboxed","_kad_post_vertical_padding":"hide","_kad_post_feature":"hide","_kad_post_feature_position":"","_kad_post_header":false,"_kad_post_footer":false},"product_brand":[],"product_cat":[28],"product_tag":[471,494,496,495,489,491,492,472,473,490,488,408,493,474,475],"class_list":{"0":"post-980","1":"product","2":"type-product","3":"status-publish","4":"has-post-thumbnail","6":"product_cat-blacksmith-power-hammer","7":"product_tag-150kg-air-planishing-hammer-for-blacksmith","8":"product_tag-250kg-mainly-for-artistic-wrought-iron","9":"product_tag-agriculture-tools-and-small-open-die-forging-parts","10":"product_tag-artistic-forging","11":"product_tag-bending-and-twisting","12":"product_tag-bending-and-twisting-it-is-also-used-for-forge-in-bolster-dies-air-hammer-is-also-called-forging-hammer","13":"product_tag-blacksmithing-hammer","14":"product_tag-c41-150kg-blacksmith-forge-pneumatic-hammer","15":"product_tag-heavy-duty-150kg-wrought-iron-blacksmith-forging-hammer-for-sale","16":"product_tag-it-is-also-used-for-forge-in-bolster-dies-pneumatic-forging-hammer-is-widely-used-for-general-forging-works","17":"product_tag-our-pneumatic-forging-hammer-is-widely-used-for-general-forging-works","18":"product_tag-pneumatic-forging-hammer","19":"product_tag-power-hammer-and-so-on-air-hammer-falling-weight-at-6kg","20":"product_tag-power-hammer-blacksmith-anvil-wrought-iron-machinery","21":"product_tag-power-hammer-for-blade-maker-c41-150","23":"first","24":"instock","25":"shipping-taxable","26":"product-type-simple","27":"entry","28":"content-bg","29":"loop-entry"},"_links":{"self":[{"href":"https:\/\/zzlcmachinery.com\/sv\/wp-json\/wp\/v2\/product\/980","targetHints":{"allow":["GET"]}}],"collection":[{"href":"https:\/\/zzlcmachinery.com\/sv\/wp-json\/wp\/v2\/product"}],"about":[{"href":"https:\/\/zzlcmachinery.com\/sv\/wp-json\/wp\/v2\/types\/product"}],"version-history":[{"count":0,"href":"https:\/\/zzlcmachinery.com\/sv\/wp-json\/wp\/v2\/product\/980\/revisions"}],"wp:featuredmedia":[{"embeddable":true,"href":"https:\/\/zzlcmachinery.com\/sv\/wp-json\/wp\/v2\/media\/1023"}],"wp:attachment":[{"href":"https:\/\/zzlcmachinery.com\/sv\/wp-json\/wp\/v2\/media?parent=980"}],"wp:term":[{"taxonomy":"product_brand","embeddable":true,"href":"https:\/\/zzlcmachinery.com\/sv\/wp-json\/wp\/v2\/product_brand?post=980"},{"taxonomy":"product_cat","embeddable":true,"href":"https:\/\/zzlcmachinery.com\/sv\/wp-json\/wp\/v2\/product_cat?post=980"},{"taxonomy":"product_tag","embeddable":true,"href":"https:\/\/zzlcmachinery.com\/sv\/wp-json\/wp\/v2\/product_tag?post=980"}],"curies":[{"name":"wp","href":"https:\/\/api.w.org\/{rel}","templated":true}]}}