{"id":961,"date":"2022-11-17T23:45:25","date_gmt":"2022-11-17T15:45:25","guid":{"rendered":"https:\/\/zzlcmachinery.com\/?post_type=product&#038;p=961"},"modified":"2022-11-22T14:13:53","modified_gmt":"2022-11-22T06:13:53","slug":"c41-55kg-wrought-iron-forging-pneumatic-hammer-for-blacksmith","status":"publish","type":"product","link":"https:\/\/zzlcmachinery.com\/sv\/produkt\/c41-55kg-wrought-iron-forging-pneumatic-hammer-for-blacksmith\/","title":{"rendered":"C41-55KG Smidesj\u00e4rnsmide Pneumatisk hammare f\u00f6r smed"},"content":{"rendered":"","protected":false},"excerpt":{"rendered":"<p>Denna C41-55KG smidessmidda pneumatiska hammare f\u00f6r smed C41-55KG smidesj\u00e4rnsmidd lufthammare \u00e4r liten i storlek, l\u00e5g ljudniv\u00e5, enkel i strukturen, bekv\u00e4m i drift, flexibel i aktion, bekv\u00e4m vid hantering, installation och underh\u00e5ll. Denna maskin \u00e4r en strukturmaskin i ett stycke med en bas. F\u00f6rdelen med en s\u00e5dan lufthammare \u00e4r att den kan flyttas till vilken plats som helst som kunden beh\u00f6ver f\u00f6r arbete, och den \u00e4r v\u00e4ldigt flexibel. Lufthammaren \u00f6ver 55 kg kan smida st\u00f6rre metallkroppar. Denna modell \u00e4r l\u00e4mplig f\u00f6r olika fria smide: s\u00e5som rubbning, str\u00e4ckning, stansning, bockning, vridning, varmklippning, terminalanslutning, etc., och dyna kan anv\u00e4ndas samtidigt. Utf\u00f6r olika gratis formsmidningar. Den \u00e4r l\u00e4mplig f\u00f6r fri smide av delar med olika former, speciellt f\u00f6r att smida sk\u00e4ror, badins, h\u00e4stskor, hackor, etc. i lantliga township-f\u00f6retag och professionella hush\u00e5ll. Samtidigt anv\u00e4nder olika fabriker och gruvor ocks\u00e5 pneumatiska hammare f\u00f6r att smida st\u00e5lkulor, st\u00e4llningar och andra fabriks- och gruvkonstruktionsmaterial. Dessutom \u00e4r denna serie av pneumatiska hammare ocks\u00e5 ett professionellt smidesverktyg som vanligtvis anv\u00e4nds av smeder. Det kan g\u00f6ra olika stilar av formar och smida alla typer av smidesj\u00e4rnsblommor och f\u00e5glar och andra uts\u00f6kta dekorationer.<br \/>\nVi kan leverera 6 kg, 16 kg, 25 kg, 40 kg, 55 kg, 75 kg, 100 kg, 150 kg, 250 kg, 400 kg, 560 kg, 750 kg, 1000 kg, 2000 kg f\u00f6r att v\u00e4lja efter olika smidesbehov .Du kan v\u00e4lja modell enligt f\u00f6ljande specifikationer<\/p>\n<p><strong>TEKNISK PARAMETER<br \/>\nModell: C41-55KG<br \/>\nVikt av fallande delar (KG): 55<\/strong>KG<br \/>\n<strong>Strukturtyp:<\/strong>Split Air Hammer<strong><br \/>\nMax. tr\u00e4ffenergi (KJ):<\/strong>0,27KJ<strong><br \/>\nMax. smidd storlek (diameter) p\u00e5 rundst\u00e5l:<\/strong>\u03c645 mm<br \/>\n<strong>Max. smidd storlek (diameter) p\u00e5 fyrkantigt st\u00e5l:<\/strong>40x40mm<br \/>\n<strong>Kraft:<\/strong> 3 KW<br \/>\n<strong>Sp\u00e4nning:<\/strong>\u00a0220V\/380V<br \/>\n<strong>F\u00f6rpackningsm\u00e5tt:<\/strong> 980*510*1200<br \/>\n<strong>GW (kg):<\/strong> 560<\/p>","protected":false},"featured_media":967,"template":"","meta":{"_kad_post_transparent":"default","_kad_post_title":"hide","_kad_post_layout":"fullwidth","_kad_post_sidebar_id":"","_kad_post_content_style":"unboxed","_kad_post_vertical_padding":"hide","_kad_post_feature":"hide","_kad_post_feature_position":"","_kad_post_header":false,"_kad_post_footer":false},"product_brand":[],"product_cat":[28],"product_tag":[450,448,445,446,451,453,454,449,447,428,452],"class_list":{"0":"post-961","1":"product","2":"type-product","3":"status-publish","4":"has-post-thumbnail","6":"product_cat-blacksmith-power-hammer","7":"product_tag-c41-series-blacksmith-hydraulic-hammer-for-iron","8":"product_tag-c41-55kg-blacksmith-forging-hammer-for-sale","9":"product_tag-c41-55kg-hammer-strength-power-rack","10":"product_tag-c41-55kg-pneumatic-air-power-hammer-with-anvil-55kg","11":"product_tag-china-the-most-popular-c41-40kg-75kg-150kg-blacksmith-air-hammer-for-sale","12":"product_tag-factory-direct-sale-20kg-25kg-40kg-power-hammer-for-sale-south-africa","13":"product_tag-factory-direct-sale-c41-25kg-homemade-blacksmith-power-hammer","14":"product_tag-hot-sale-anyang-power-hammer-uk-from-ellsen","15":"product_tag-pneumatic-forging-hammer-for-wrought-iron-blacksmith","16":"product_tag-pneumatic-hammer-for-blacksmith","17":"product_tag-wrought-iron-air-power-hammer-for-sale","19":"first","20":"instock","21":"shipping-taxable","22":"product-type-simple","23":"entry","24":"content-bg","25":"loop-entry"},"_links":{"self":[{"href":"https:\/\/zzlcmachinery.com\/sv\/wp-json\/wp\/v2\/product\/961","targetHints":{"allow":["GET"]}}],"collection":[{"href":"https:\/\/zzlcmachinery.com\/sv\/wp-json\/wp\/v2\/product"}],"about":[{"href":"https:\/\/zzlcmachinery.com\/sv\/wp-json\/wp\/v2\/types\/product"}],"version-history":[{"count":0,"href":"https:\/\/zzlcmachinery.com\/sv\/wp-json\/wp\/v2\/product\/961\/revisions"}],"wp:featuredmedia":[{"embeddable":true,"href":"https:\/\/zzlcmachinery.com\/sv\/wp-json\/wp\/v2\/media\/967"}],"wp:attachment":[{"href":"https:\/\/zzlcmachinery.com\/sv\/wp-json\/wp\/v2\/media?parent=961"}],"wp:term":[{"taxonomy":"product_brand","embeddable":true,"href":"https:\/\/zzlcmachinery.com\/sv\/wp-json\/wp\/v2\/product_brand?post=961"},{"taxonomy":"product_cat","embeddable":true,"href":"https:\/\/zzlcmachinery.com\/sv\/wp-json\/wp\/v2\/product_cat?post=961"},{"taxonomy":"product_tag","embeddable":true,"href":"https:\/\/zzlcmachinery.com\/sv\/wp-json\/wp\/v2\/product_tag?post=961"}],"curies":[{"name":"wp","href":"https:\/\/api.w.org\/{rel}","templated":true}]}}