{"id":943,"date":"2022-11-17T19:44:01","date_gmt":"2022-11-17T11:44:01","guid":{"rendered":"https:\/\/zzlcmachinery.com\/?post_type=product&#038;p=943"},"modified":"2022-11-22T14:08:52","modified_gmt":"2022-11-22T06:08:52","slug":"factory-direct-sale-c41-25kg-homemade-blacksmith-power-hammer","status":"publish","type":"product","link":"https:\/\/zzlcmachinery.com\/sv\/produkt\/factory-direct-sale-c41-25kg-homemade-blacksmith-power-hammer\/","title":{"rendered":"Fabriksf\u00f6rs\u00e4ljning C41-25kg Hemmagjord smed Power Hammer"},"content":{"rendered":"","protected":false},"excerpt":{"rendered":"<p>Denna fabrik direktf\u00f6rs\u00e4ljning C41-25kg hemgjorda smedskrafthammare \u00e4r liten i storlek, l\u00e5g ljudniv\u00e5, enkel i struktur, l\u00e4tt att anv\u00e4nda, flexibel i aktion och bekv\u00e4m vid hantering, installation och underh\u00e5ll. Denna modell \u00e4r l\u00e4mplig f\u00f6r olika fria smide: s\u00e5som rubbning, dragning, stansning, bockning, vridning, varmklippning, terminalanslutning, etc. Samtidigt kan olika \u00f6ppna formsmidningar utf\u00f6ras med hj\u00e4lp av dyna. Det \u00e4r l\u00e4mpligt f\u00f6r gratis smide av delar av olika former, s\u00e4rskilt l\u00e4mpligt f\u00f6r lantliga townshipf\u00f6retag och professionella hush\u00e5ll som smider sk\u00e4ror, badin, boskap och h\u00e4stskor och hackor. Samtidigt anv\u00e4nder olika fabriker och gruvor ocks\u00e5 lufthammare f\u00f6r att smida st\u00e5lkulor, byggnadsst\u00e4llningar och andra fabriker, gruvor och byggmaterial. Dessutom \u00e4r denna serie av lufthammare ocks\u00e5 ett professionellt smidesverktyg som vanligtvis anv\u00e4nds av smeder. Det kan g\u00f6ra olika stilar av formar och smida olika smidesj\u00e4rnsblommor, f\u00e5glar och andra vackra dekorationer.<br \/>\nVi kan leverera 6 kg, 16 kg, 25 kg, 40 kg, 55 kg, 75 kg, 100 kg, 150 kg, 250 kg, 400 kg, 560 kg, 750 kg, 1000 kg, 2000 kg f\u00f6r att v\u00e4lja efter olika smidesbehov .Du kan v\u00e4lja modell enligt f\u00f6ljande specifikationer<\/p>\n<p><strong>TEKNISK PARAMETER<br \/>\nModell: C41-25KG<br \/>\nVikt av fallande delar (KG):<\/strong>25 kg<br \/>\n<strong>Strukturtyp:<\/strong>Separat lufthammare<strong><br \/>\nMax. tr\u00e4ffenergi (KJ):<\/strong>0,27KJ<strong><br \/>\nMax. smidd storlek (diameter) p\u00e5 rundst\u00e5l:<\/strong>\u03c645 mm<br \/>\n<strong>Max. smidd storlek (diameter) p\u00e5 fyrkantigt st\u00e5l:<\/strong>40x40mm<br \/>\n<strong>Kraft:<\/strong> 3 KW<br \/>\n<strong>Sp\u00e4nning:<\/strong>\u00a0220V\/380V<br \/>\n<strong>F\u00f6rpackningsm\u00e5tt:<\/strong> 980*510*1200<br \/>\n<strong>GW (kg):<\/strong> 560<\/p>","protected":false},"featured_media":947,"template":"","meta":{"_kad_post_transparent":"default","_kad_post_title":"hide","_kad_post_layout":"fullwidth","_kad_post_sidebar_id":"","_kad_post_content_style":"unboxed","_kad_post_vertical_padding":"hide","_kad_post_feature":"hide","_kad_post_feature_position":"","_kad_post_header":false,"_kad_post_footer":false},"product_brand":[],"product_cat":[28],"product_tag":[416,432,431,430,429,428],"class_list":{"0":"post-943","1":"product","2":"type-product","3":"status-publish","4":"has-post-thumbnail","6":"product_cat-blacksmith-power-hammer","7":"product_tag-air-hammer","8":"product_tag-c41-25kg-drop-forging-hammer-for-iron-blacksmith","9":"product_tag-c41-25kg-electric-pneumatic-hammer","10":"product_tag-high-efficiency-c41-25kg-power-runner-hammer-with-ce","11":"product_tag-hottest-sale-20kg-25kg-40kg-55kg-75kg-blacksmith-pneumatic-hammer","12":"product_tag-pneumatic-hammer-for-blacksmith","14":"first","15":"instock","16":"shipping-taxable","17":"product-type-simple","18":"entry","19":"content-bg","20":"loop-entry"},"_links":{"self":[{"href":"https:\/\/zzlcmachinery.com\/sv\/wp-json\/wp\/v2\/product\/943","targetHints":{"allow":["GET"]}}],"collection":[{"href":"https:\/\/zzlcmachinery.com\/sv\/wp-json\/wp\/v2\/product"}],"about":[{"href":"https:\/\/zzlcmachinery.com\/sv\/wp-json\/wp\/v2\/types\/product"}],"version-history":[{"count":0,"href":"https:\/\/zzlcmachinery.com\/sv\/wp-json\/wp\/v2\/product\/943\/revisions"}],"wp:featuredmedia":[{"embeddable":true,"href":"https:\/\/zzlcmachinery.com\/sv\/wp-json\/wp\/v2\/media\/947"}],"wp:attachment":[{"href":"https:\/\/zzlcmachinery.com\/sv\/wp-json\/wp\/v2\/media?parent=943"}],"wp:term":[{"taxonomy":"product_brand","embeddable":true,"href":"https:\/\/zzlcmachinery.com\/sv\/wp-json\/wp\/v2\/product_brand?post=943"},{"taxonomy":"product_cat","embeddable":true,"href":"https:\/\/zzlcmachinery.com\/sv\/wp-json\/wp\/v2\/product_cat?post=943"},{"taxonomy":"product_tag","embeddable":true,"href":"https:\/\/zzlcmachinery.com\/sv\/wp-json\/wp\/v2\/product_tag?post=943"}],"curies":[{"name":"wp","href":"https:\/\/api.w.org\/{rel}","templated":true}]}}